{"id":6807,"date":"2021-11-03T15:38:39","date_gmt":"2021-11-03T14:38:39","guid":{"rendered":"https:\/\/lt-laborhandel.de\/produkt\/lauda-puridest-pd-4-l003012\/"},"modified":"2026-03-17T10:13:18","modified_gmt":"2026-03-17T09:13:18","slug":"lauda-puridest-pd-4-l003012","status":"publish","type":"product","link":"https:\/\/lt-laborhandel.de\/en\/produkt\/lauda-puridest-pd-4-l003012\/","title":{"rendered":"LAUDA Puridest PD 4, #L003012"},"content":{"rendered":"<p>LAUDA Puridest PD 4 Wasserdestillierapparat 230 V; 50\/60 Hz Leistungsmerkmale: Mono-Destillierapparat ohne Vorratsbeh\u00e4lter, f\u00fcr Tischaufstellung geignet Destillat-Entnahme durch Ablaufrohr am Kondensator Energie-Ersparnis durch Destillation des erhitzten K\u00fchlwassers Destillierblase zur Reinigungszwecken leicht zug\u00e4nglich CO2 Entgasungs\u00f6ffnung am Kondensator Thermostatische Wassermangelsicherung. Manuelle K\u00fchlwassersregelung \u00fcber Auslauftemperatur Rohrheizk\u00f6rper, Destillierblase und Kondensator aus Edelstahl Rostfrei Geh\u00e4use aus verzinktem Stahlblech, pulverbeschichtet Technische Daten: Leitwert Mono-Destillat bei 25\u00b0C: 2,3 \u00b5S\/cm Produktionsleistung: 4 L\/min Heizleistung max.: 3 kW Leistungsaufnahme max.: 3 kW K\u00fchlwasserverbrauch: 0,67 L\/min Maximaldruck K\u00fchlwasser: 2 bar Wasserk\u00fchlung Zulauf f\u00fcr Schlauch: 1\/2 &#8221; Wasserk\u00fchlung Ablauf f\u00fcr Schlauch: 1\/2 &#8221; Abmessungen (BxTxH): 280 x 250 x 490 mm Umgebungstemperaturbereich: 10 &#8230; 40 \u00b0C Netzversorgung: 230 V; 50\/60 Hz Netzstecker: Netzkabel mit gewinkeltem Schuko Stecker (CEE7\/7)<\/p>\n","protected":false},"excerpt":{"rendered":"<p><b>Zubeh\u00f6r- und Ersatzteile erhalten Sie gerne auf Anfrage!<\/b><\/p>\n","protected":false},"featured_media":6483,"template":"","meta":[],"product_brand":[],"product_cat":[181],"product_tag":[],"class_list":{"0":"post-6807","1":"product","2":"type-product","3":"status-publish","4":"has-post-thumbnail","6":"product_cat-wasser-destillationsgeraete","7":"product_shipping_class-standard","9":"first","10":"instock","11":"taxable","12":"shipping-taxable","13":"purchasable","14":"product-type-simple"},"tiered_pricing_type":"fixed","tiered_pricing_fixed_rules":[],"tiered_pricing_product_settings":{"layout":"default","base_unit_name":{"singular":null,"plural":null},"default_variation":null},"tiered_pricing_minimum_quantity":null,"tiered_pricing_roles_data":[],"tiered_pricing_percentage_rules":[],"_links":{"self":[{"href":"https:\/\/lt-laborhandel.de\/en\/wp-json\/wp\/v2\/product\/6807","targetHints":{"allow":["GET"]}}],"collection":[{"href":"https:\/\/lt-laborhandel.de\/en\/wp-json\/wp\/v2\/product"}],"about":[{"href":"https:\/\/lt-laborhandel.de\/en\/wp-json\/wp\/v2\/types\/product"}],"wp:featuredmedia":[{"embeddable":true,"href":"https:\/\/lt-laborhandel.de\/en\/wp-json\/wp\/v2\/media\/6483"}],"wp:attachment":[{"href":"https:\/\/lt-laborhandel.de\/en\/wp-json\/wp\/v2\/media?parent=6807"}],"wp:term":[{"taxonomy":"product_brand","embeddable":true,"href":"https:\/\/lt-laborhandel.de\/en\/wp-json\/wp\/v2\/product_brand?post=6807"},{"taxonomy":"product_cat","embeddable":true,"href":"https:\/\/lt-laborhandel.de\/en\/wp-json\/wp\/v2\/product_cat?post=6807"},{"taxonomy":"product_tag","embeddable":true,"href":"https:\/\/lt-laborhandel.de\/en\/wp-json\/wp\/v2\/product_tag?post=6807"}],"curies":[{"name":"wp","href":"https:\/\/api.w.org\/{rel}","templated":true}]}}