{"id":6803,"date":"2021-11-03T15:38:37","date_gmt":"2021-11-03T14:38:37","guid":{"rendered":"https:\/\/lt-laborhandel.de\/produkt\/lauda-hydro-h-20-s-schuettelwasserbad-230-l002908\/"},"modified":"2026-02-16T12:07:09","modified_gmt":"2026-02-16T11:07:09","slug":"lauda-hydro-h-20-s-schuettelwasserbad-230-l002908","status":"publish","type":"product","link":"https:\/\/lt-laborhandel.de\/en\/produkt\/lauda-hydro-h-20-s-schuettelwasserbad-230-l002908\/","title":{"rendered":"LAUDA Hydro H 20 S Sch\u00fcttelwasserbad 230, #L002908"},"content":{"rendered":"<p><b><font size=\"7\"><font color=\"red\">NUR NOCH BIS ZUM 15.05.2026 BESTELLBAR \/ LETZTE AUSLIEFERUNG: 30.06.2026<\/font><\/b><\/p>\n<p>LAUDA Hydro H 20 S Sch\u00fcttelwasserbad 230 V; 50\/60 Hz Leistungsmerkmale: Sch\u00fcttelwasserbad f\u00fcr exakt reproduzierbare Temperaturen Leicht lesbare digitale LED Anzeige Einstellung und Anzeige von Temperaturwerten in Schritten von 0,1\u00b0C. Folientastatur mit pr\u00e4gnanten Symbolen Digitale Sollwerteinstellung Drehzahl stufenlos einstellbar, lastunabh\u00e4ngig 1-Punkt-Temperaturregler \u00dcbertemperaturschutz f\u00fcr den Betrieb mit nichtbrennbaren Fl\u00fcssigkeiten und Wassermangelsicherung Elektronische Funktions\u00fcberwachung des Temperaturreglers Antrieb der Sch\u00fctteleinheit mit sanftem Anlauf und \u00dcberlastschutz Lagerung der Sch\u00fctteleinheit auf rostfreien Spezialkugellagern Linear, oszillierende Sch\u00fcttelbewegung Sch\u00fcttelkorb zu Reinigungszwecken leicht herausnehmbar Abdeckrahmen mit Kondenswasserrinne Badgef\u00e4\u00df mit Entleerungshahn W\u00e4rmeisolierender Deckel aus Edelstahl Rostfrei, doppelwandig mit innerer W\u00f6lbung verhindert das Zur\u00fccktropfen von Kondensat in die Gef\u00e4\u00dfe Badk\u00f6rper, Abdeckrahmen, Sch\u00fcttelkorb und Heizung aus Edelstahl Rostfrei Deckel und Siebboden serienm\u00e4\u00dfig Technische Daten: Arbeitstemperaturbereich: 25 &#8230; 100 \u00b0C Umgebungstemperaturbereich: 10 &#8230; 40 \u00b0C Temperaturkonstanz: 0,1 \u00b1K Heizleistung max.: 1,5 kW Leistungsaufnahme max.: 1,5 kW Stromaufnahme: 10 A Badgr\u00f6\u00dfe (BxTxH): 450 x 300 x 160 mm Bad\u00f6ffnung (\u00d8): Abmessungen (BxTxH): 715 x 520 x 330 mm Sch\u00fcttelamplitude: 22 mm Netzversorgung: 230 V; 50\/60 Hz Netzstecker: Netzkabel mit gewinkeltem Schuko Stecker (CEE7\/7)<\/p>\n","protected":false},"excerpt":{"rendered":"<p><b>Zubeh\u00f6r- und Ersatzteile erhalten Sie gerne auf Anfrage!<\/b><\/p>\n","protected":false},"featured_media":6355,"template":"","meta":[],"product_brand":[],"product_cat":[180],"product_tag":[],"class_list":{"0":"post-6803","1":"product","2":"type-product","3":"status-publish","4":"has-post-thumbnail","6":"product_cat-wasserbaeder","7":"product_shipping_class-standard","9":"first","10":"instock","11":"taxable","12":"shipping-taxable","13":"purchasable","14":"product-type-simple"},"tiered_pricing_type":"fixed","tiered_pricing_fixed_rules":[],"tiered_pricing_product_settings":{"layout":"default","base_unit_name":{"singular":null,"plural":null},"default_variation":null},"tiered_pricing_minimum_quantity":null,"tiered_pricing_roles_data":[],"tiered_pricing_percentage_rules":[],"_links":{"self":[{"href":"https:\/\/lt-laborhandel.de\/en\/wp-json\/wp\/v2\/product\/6803","targetHints":{"allow":["GET"]}}],"collection":[{"href":"https:\/\/lt-laborhandel.de\/en\/wp-json\/wp\/v2\/product"}],"about":[{"href":"https:\/\/lt-laborhandel.de\/en\/wp-json\/wp\/v2\/types\/product"}],"wp:featuredmedia":[{"embeddable":true,"href":"https:\/\/lt-laborhandel.de\/en\/wp-json\/wp\/v2\/media\/6355"}],"wp:attachment":[{"href":"https:\/\/lt-laborhandel.de\/en\/wp-json\/wp\/v2\/media?parent=6803"}],"wp:term":[{"taxonomy":"product_brand","embeddable":true,"href":"https:\/\/lt-laborhandel.de\/en\/wp-json\/wp\/v2\/product_brand?post=6803"},{"taxonomy":"product_cat","embeddable":true,"href":"https:\/\/lt-laborhandel.de\/en\/wp-json\/wp\/v2\/product_cat?post=6803"},{"taxonomy":"product_tag","embeddable":true,"href":"https:\/\/lt-laborhandel.de\/en\/wp-json\/wp\/v2\/product_tag?post=6803"}],"curies":[{"name":"wp","href":"https:\/\/api.w.org\/{rel}","templated":true}]}}