{"id":6797,"date":"2021-11-03T15:38:36","date_gmt":"2021-11-03T14:38:36","guid":{"rendered":"https:\/\/lt-laborhandel.de\/produkt\/lauda-hydro-h-16-wasserbad-230-v-50-60-l002902\/"},"modified":"2026-02-27T10:06:27","modified_gmt":"2026-02-27T09:06:27","slug":"lauda-hydro-h-16-wasserbad-230-v-50-60-l002902","status":"publish","type":"product","link":"https:\/\/lt-laborhandel.de\/en\/produkt\/lauda-hydro-h-16-wasserbad-230-v-50-60-l002902\/","title":{"rendered":"LAUDA Hydro H 16 Wasserbad 230 V; 50\/60, #L002902"},"content":{"rendered":"<p>LAUDA Hydro H 16 Wasserbad 230 V; 50\/60 Hz Leistungsmerkmale: Wasserbad mit einfacher Bedienung TFT Display mit \u00fcbersichtlicher Anzeige aller Prozessdaten Einstellung und Anzeige von Temperaturwerten in Schritten von 0,1\u00b0C. Einstellung der Zeitwerte des Timers in Stunden (h) und Minuten (min). Folientastatur mit pr\u00e4gnanten Symbolen Digitale Sollwerteinstellung Einstellbare Ausl\u00f6sepunkte f\u00fcr \u00dcber- und Untertemperaturalarm bis max. +\/- 10 K Temperaturanzeige von \u00b0C in \u00b0F umschaltbar 1-Punkt-Temperaturregler Optischer und akustischer Alarm bei Wassermangel, \u00dcber-\/Untertemperatur sowie F\u00fchlerbruch\/-kurzschluss Elektronische Funktions\u00fcberwachung des Temperaturreglers Drei anwendungsspezifische Timerfunktionen Badk\u00f6rper, Abdeckrahmen, Siebboden und Heizung aus Edelstahl Rostfrei Badgef\u00e4\u00df mit Entleerungshahn W\u00e4rmeisolierender Deckel aus Edelstahl Rostfrei, doppelwandig mit innerer W\u00f6lbung verhindert das Zur\u00fccktropfen von Kondensat in die Gef\u00e4\u00dfe Deckel und Siebboden serienm\u00e4\u00dfig Technische Daten: Arbeitstemperaturbereich: 25 &#8230; 100 \u00b0C Umgebungstemperaturbereich: 10 &#8230; 40 \u00b0C Temperaturkonstanz: 0,1 \u00b1K Heizleistung max.: 1,5 kW Badgr\u00f6\u00dfe (BxTxH): 400 x 245 x 165 mm Bad\u00f6ffnung (\u00d8): Badvolumen min. \/ max.: 7,5 \/ 13,9 L Abmessungen (BxTxH): 500 x 440 x 275 mm Netzversorgung: 230 V; 50\/60 Hz Netzstecker: Netzkabel mit gewinkeltem Schuko Stecker (CEE7\/7)<\/p>\n","protected":false},"excerpt":{"rendered":"<p><b>Zubeh\u00f6r- und Ersatzteile erhalten Sie gerne auf Anfrage!<\/b><\/p>\n","protected":false},"featured_media":6367,"template":"","meta":[],"product_brand":[],"product_cat":[180],"product_tag":[],"class_list":{"0":"post-6797","1":"product","2":"type-product","3":"status-publish","4":"has-post-thumbnail","6":"product_cat-wasserbaeder","7":"product_shipping_class-standard","9":"first","10":"instock","11":"taxable","12":"shipping-taxable","13":"purchasable","14":"product-type-simple"},"tiered_pricing_type":"fixed","tiered_pricing_fixed_rules":[],"tiered_pricing_product_settings":{"layout":"default","base_unit_name":{"singular":null,"plural":null},"default_variation":null},"tiered_pricing_minimum_quantity":null,"tiered_pricing_roles_data":[],"tiered_pricing_percentage_rules":[],"_links":{"self":[{"href":"https:\/\/lt-laborhandel.de\/en\/wp-json\/wp\/v2\/product\/6797","targetHints":{"allow":["GET"]}}],"collection":[{"href":"https:\/\/lt-laborhandel.de\/en\/wp-json\/wp\/v2\/product"}],"about":[{"href":"https:\/\/lt-laborhandel.de\/en\/wp-json\/wp\/v2\/types\/product"}],"wp:featuredmedia":[{"embeddable":true,"href":"https:\/\/lt-laborhandel.de\/en\/wp-json\/wp\/v2\/media\/6367"}],"wp:attachment":[{"href":"https:\/\/lt-laborhandel.de\/en\/wp-json\/wp\/v2\/media?parent=6797"}],"wp:term":[{"taxonomy":"product_brand","embeddable":true,"href":"https:\/\/lt-laborhandel.de\/en\/wp-json\/wp\/v2\/product_brand?post=6797"},{"taxonomy":"product_cat","embeddable":true,"href":"https:\/\/lt-laborhandel.de\/en\/wp-json\/wp\/v2\/product_cat?post=6797"},{"taxonomy":"product_tag","embeddable":true,"href":"https:\/\/lt-laborhandel.de\/en\/wp-json\/wp\/v2\/product_tag?post=6797"}],"curies":[{"name":"wp","href":"https:\/\/api.w.org\/{rel}","templated":true}]}}