{"id":6736,"date":"2021-11-03T15:38:16","date_gmt":"2021-11-03T14:38:16","guid":{"rendered":"https:\/\/lt-laborhandel.de\/produkt\/lauda-microcool-mc-350-umlaufkuehler-230-l001047\/"},"modified":"2026-02-16T12:14:21","modified_gmt":"2026-02-16T11:14:21","slug":"lauda-microcool-mc-350-umlaufkuehler-230-l001047","status":"publish","type":"product","link":"https:\/\/lt-laborhandel.de\/en\/produkt\/lauda-microcool-mc-350-umlaufkuehler-230-l001047\/","title":{"rendered":"LAUDA Microcool MC 350 Umlaufk\u00fchler 230 #L004112"},"content":{"rendered":"<p>LAUDA Microcool MC 350 Umlaufk\u00fchler 230 V; 50 Hz Leistungsmerkmale: Umlaufk\u00fchler 1-zeiliges LED-Display f\u00fcr Anzeige von Ist- oder Sollwert Benutzerfreundliche Men\u00fcf\u00fchrung und einfachste 3-Tastenbedienung Vollelektronischer stetiger Regler Wicklungstemperatur\u00fcberwachung der Pumpe, beleuchtete F\u00fcllstandsanzeige und Unterniveaualarm Blockpumpe mit Magnetkopplung RS 232-Schnittstelle Auto-Start-Timer und Auto-Shut-Down Funktion Einf\u00fcll\u00f6ffnung oben, Entleerungsanschluss an der R\u00fcckseite Einstellbarer Bypass zur Druckbegrenzung K\u00e4lteleistungsanpassung \u00fcber Magnetventilsteuerung inklusive Kompressorautomatik Verfl\u00fcssigerk\u00fchlung Luft Betrieb mit nicht brennbaren Fl\u00fcssigkeiten (Wasser, Wasser\/Glykol) Technische Daten (nach DIN 12876): Arbeitstemperaturbereich: -10 &#8230; 40 \u00b0C Umgebungstemperaturbereich: 5 &#8230; 40 \u00b0C Temperaturkonstanz: 0,5 \u00b1K Pumpe Druck max.: 0,4 bar Pumpe F\u00f6rderstrom Druck max.: 16 L\/min F\u00fcllvolumen min.: 4 L F\u00fcllvolumen max.: 7 L Abmessungen (BxTxH): 240 x 400 x 500 mm Schalldruckpegel: 60 dB(A) Nettogewicht: 34 kg Leistungsaufnahme max.: 0,5 kW Stromaufnahme: 3 A Netzversorgung: 230 V; 50 Hz Netzstecker: Netzkabel mit gewinkeltem Schuko Stecker (CEE7\/7) K\u00e4lteleistung: 20 \u00b0C; Ethanol; 0,35 kW 10 \u00b0C; Ethanol; 0,27 kW 0 \u00b0C; Ethanol; 0,2 kW -10 \u00b0C; Ethanol; 0,12 kW<\/p>\n","protected":false},"excerpt":{"rendered":"<p><b>Zubeh\u00f6r- und Ersatzteile erhalten Sie gerne auf Anfrage!<\/b><\/p>\n","protected":false},"featured_media":6299,"template":"","meta":[],"product_brand":[],"product_cat":[163],"product_tag":[],"class_list":{"0":"post-6736","1":"product","2":"type-product","3":"status-publish","4":"has-post-thumbnail","6":"product_cat-waerme-und-kaeltethermostate","7":"product_shipping_class-standard","9":"first","10":"instock","11":"taxable","12":"shipping-taxable","13":"purchasable","14":"product-type-simple"},"tiered_pricing_type":"fixed","tiered_pricing_fixed_rules":[],"tiered_pricing_product_settings":{"layout":"default","base_unit_name":{"singular":null,"plural":null},"default_variation":null},"tiered_pricing_minimum_quantity":null,"tiered_pricing_roles_data":[],"tiered_pricing_percentage_rules":[],"_links":{"self":[{"href":"https:\/\/lt-laborhandel.de\/en\/wp-json\/wp\/v2\/product\/6736","targetHints":{"allow":["GET"]}}],"collection":[{"href":"https:\/\/lt-laborhandel.de\/en\/wp-json\/wp\/v2\/product"}],"about":[{"href":"https:\/\/lt-laborhandel.de\/en\/wp-json\/wp\/v2\/types\/product"}],"wp:featuredmedia":[{"embeddable":true,"href":"https:\/\/lt-laborhandel.de\/en\/wp-json\/wp\/v2\/media\/6299"}],"wp:attachment":[{"href":"https:\/\/lt-laborhandel.de\/en\/wp-json\/wp\/v2\/media?parent=6736"}],"wp:term":[{"taxonomy":"product_brand","embeddable":true,"href":"https:\/\/lt-laborhandel.de\/en\/wp-json\/wp\/v2\/product_brand?post=6736"},{"taxonomy":"product_cat","embeddable":true,"href":"https:\/\/lt-laborhandel.de\/en\/wp-json\/wp\/v2\/product_cat?post=6736"},{"taxonomy":"product_tag","embeddable":true,"href":"https:\/\/lt-laborhandel.de\/en\/wp-json\/wp\/v2\/product_tag?post=6736"}],"curies":[{"name":"wp","href":"https:\/\/api.w.org\/{rel}","templated":true}]}}