{"id":6733,"date":"2021-11-03T15:38:15","date_gmt":"2021-11-03T14:38:15","guid":{"rendered":"https:\/\/lt-laborhandel.de\/produkt\/lauda-alpha-ra-12-kaeltethermostat-230-v-l000639\/"},"modified":"2026-01-09T21:19:45","modified_gmt":"2026-01-09T20:19:45","slug":"lauda-alpha-ra-12-kaeltethermostat-230-v-l000639","status":"publish","type":"product","link":"https:\/\/lt-laborhandel.de\/en\/produkt\/lauda-alpha-ra-12-kaeltethermostat-230-v-l000639\/","title":{"rendered":"LAUDA Alpha RA 12 K\u00e4ltethermostat 230 V; #L000639"},"content":{"rendered":"<p>LAUDA Alpha RA 12 K\u00e4ltethermostat 230 V; 50 Hz Leistungsmerkmale: Bad-\/Umw\u00e4lzthermostat mit einfachster Handhabung und integriertem K\u00fchlsystem 1-zeiliges LED-Display f\u00fcr Anzeige von Ist- oder Sollwert Benutzerfreundliche Men\u00fcf\u00fchrung und einfachste 3-Tastenbedienung Vollelektronischer stetiger Regler Unterniveau- und \u00dcbertemperaturschutz f\u00fcr den Betrieb mit nichtbrennbaren Fl\u00fcssigkeiten Alarmmeldung akustisch und visuell Umw\u00e4lzpumpe mit Durchflussreduzierung Badgef\u00e4\u00df aus Edelstahl K\u00fchlung erfolgt durch intelligente Energiesparautomatik (Kompressorautomatik) Verfl\u00fcssigerk\u00fchlung Luft Entleerungsanschluss an der R\u00fcckseite Betrieb mit nicht-brennbarem K\u00e4ltemittel (HFC), konform der F-Gaseverordnung VO (EU) 517\/2014 Technische Daten (nach DIN 12876): Arbeitstemperaturbereich: -25 &#8230; 100 \u00b0C Umgebungstemperaturbereich: 5 &#8230; 40 \u00b0C Temperaturkonstanz: 0,05 \u00b1K Heizleistung max.: 1,5 kW Leistungsaufnahme max.: 1,8 kW Stromaufnahme: 8 A Pumpe Druck max.: 0,2 bar Pumpe F\u00f6rderstrom Druck max.: 15 L\/min Badvolumen min. \/ max.: 9,5 \/ 14,5 L Badgr\u00f6\u00dfe (BxTxH): 300 x 203 x 160 mm Abmessungen (BxTxH): 365 x 500 x 605 mm Netzversorgung: 230 V; 50 Hz Netzstecker: Netzkabel mit gewinkeltem Schuko Stecker (CEE7\/7) K\u00e4lteleistung: 20 \u00b0C; Ethanol; 0,325 kW 0 \u00b0C; Ethanol; 0,26 kW -20 \u00b0C; Ethanol; 0,08 kW Serienm\u00e4\u00dfiges Zubeh\u00f6r: 1 Baddeckel Pumpenanschlussset Kurzschlussschlauch f\u00fcr Pumpenanschl\u00fcsse<\/p>\n","protected":false},"excerpt":{"rendered":"<p><b>Zubeh\u00f6r- und Ersatzteile erhalten Sie gerne auf Anfrage!<\/b><\/p>\n","protected":false},"featured_media":6257,"template":"","meta":[],"product_brand":[],"product_cat":[163],"product_tag":[],"class_list":{"0":"post-6733","1":"product","2":"type-product","3":"status-publish","4":"has-post-thumbnail","6":"product_cat-waerme-und-kaeltethermostate","7":"product_shipping_class-standard","9":"first","10":"instock","11":"taxable","12":"shipping-taxable","13":"purchasable","14":"product-type-simple"},"tiered_pricing_type":"fixed","tiered_pricing_fixed_rules":[],"tiered_pricing_product_settings":{"layout":"default","base_unit_name":{"singular":null,"plural":null},"default_variation":null},"tiered_pricing_minimum_quantity":null,"tiered_pricing_roles_data":[],"tiered_pricing_percentage_rules":[],"_links":{"self":[{"href":"https:\/\/lt-laborhandel.de\/en\/wp-json\/wp\/v2\/product\/6733","targetHints":{"allow":["GET"]}}],"collection":[{"href":"https:\/\/lt-laborhandel.de\/en\/wp-json\/wp\/v2\/product"}],"about":[{"href":"https:\/\/lt-laborhandel.de\/en\/wp-json\/wp\/v2\/types\/product"}],"wp:featuredmedia":[{"embeddable":true,"href":"https:\/\/lt-laborhandel.de\/en\/wp-json\/wp\/v2\/media\/6257"}],"wp:attachment":[{"href":"https:\/\/lt-laborhandel.de\/en\/wp-json\/wp\/v2\/media?parent=6733"}],"wp:term":[{"taxonomy":"product_brand","embeddable":true,"href":"https:\/\/lt-laborhandel.de\/en\/wp-json\/wp\/v2\/product_brand?post=6733"},{"taxonomy":"product_cat","embeddable":true,"href":"https:\/\/lt-laborhandel.de\/en\/wp-json\/wp\/v2\/product_cat?post=6733"},{"taxonomy":"product_tag","embeddable":true,"href":"https:\/\/lt-laborhandel.de\/en\/wp-json\/wp\/v2\/product_tag?post=6733"}],"curies":[{"name":"wp","href":"https:\/\/api.w.org\/{rel}","templated":true}]}}