{"id":6728,"date":"2021-11-03T15:38:13","date_gmt":"2021-11-03T14:38:13","guid":{"rendered":"https:\/\/lt-laborhandel.de\/produkt\/lauda-alpha-a-einhaengethermostat-230-v-l000618\/"},"modified":"2026-01-14T14:23:40","modified_gmt":"2026-01-14T13:23:40","slug":"lauda-alpha-a-einhaengethermostat-230-v-l000618","status":"publish","type":"product","link":"https:\/\/lt-laborhandel.de\/en\/produkt\/lauda-alpha-a-einhaengethermostat-230-v-l000618\/","title":{"rendered":"LAUDA Alpha A Einh\u00e4ngethermostat 230 V; #L000618"},"content":{"rendered":"<p>LAUDA Alpha A Einh\u00e4ngethermostat 230 V; 50\/60 Hz Leistungsmerkmale: Einh\u00e4ngethermostat mit einfachster Handhabung 1-zeiliges LED-Display f\u00fcr Anzeige von Ist- oder Sollwert Benutzerfreundliche Men\u00fcf\u00fchrung und einfachste 3-Tastenbedienung Vollelektronischer stetiger Regler Unterniveau- und \u00dcbertemperaturschutz f\u00fcr den Betrieb mit nichtbrennbaren Fl\u00fcssigkeiten Alarmmeldung akustisch und visuell Umw\u00e4lzpumpe mit Durchflussreduzierung Geeignet f\u00fcr B\u00e4der mit maximal 30 mm Wandst\u00e4rke und einer Eintauchtiefe von mindestens 150 mm Optional K\u00fchlschlange und Pumpenumw\u00e4lzset Technische Daten (nach DIN 12876): Arbeitstemperaturbereich: 25 &#8230; 100 \u00b0C Umgebungstemperaturbereich: 5 &#8230; 40 \u00b0C Temperaturkonstanz: 0,05 \u00b1K Heizleistung max.: 1,5 kW Leistungsaufnahme max.: 1,5 kW Stromaufnahme: 7 A Pumpe Druck max.: 0,2 bar Pumpe F\u00f6rderstrom Druck max.: 15 L\/min Badvolumen min. \/ max.: 0,0 \/ 50,0 L Abmessungen (BxTxH): 125 x 150 x 300 mm Netzversorgung: 230 V; 50\/60 Hz Netzstecker: Netzkabel mit gewinkeltem Schuko Stecker (CEE7\/7) Serienm\u00e4\u00dfiges Zubeh\u00f6r: 1 Schraubklemme<\/p>\n","protected":false},"excerpt":{"rendered":"<p><b>Zubeh\u00f6r- und Ersatzteile erhalten Sie gerne auf Anfrage!<\/b><\/p>\n","protected":false},"featured_media":6253,"template":"","meta":[],"product_brand":[],"product_cat":[163],"product_tag":[],"class_list":{"0":"post-6728","1":"product","2":"type-product","3":"status-publish","4":"has-post-thumbnail","6":"product_cat-waerme-und-kaeltethermostate","7":"product_shipping_class-standard","9":"first","10":"instock","11":"taxable","12":"shipping-taxable","13":"purchasable","14":"product-type-simple"},"tiered_pricing_type":"fixed","tiered_pricing_fixed_rules":[],"tiered_pricing_product_settings":{"layout":"default","base_unit_name":{"singular":null,"plural":null},"default_variation":null},"tiered_pricing_minimum_quantity":null,"tiered_pricing_roles_data":[],"tiered_pricing_percentage_rules":[],"_links":{"self":[{"href":"https:\/\/lt-laborhandel.de\/en\/wp-json\/wp\/v2\/product\/6728","targetHints":{"allow":["GET"]}}],"collection":[{"href":"https:\/\/lt-laborhandel.de\/en\/wp-json\/wp\/v2\/product"}],"about":[{"href":"https:\/\/lt-laborhandel.de\/en\/wp-json\/wp\/v2\/types\/product"}],"wp:featuredmedia":[{"embeddable":true,"href":"https:\/\/lt-laborhandel.de\/en\/wp-json\/wp\/v2\/media\/6253"}],"wp:attachment":[{"href":"https:\/\/lt-laborhandel.de\/en\/wp-json\/wp\/v2\/media?parent=6728"}],"wp:term":[{"taxonomy":"product_brand","embeddable":true,"href":"https:\/\/lt-laborhandel.de\/en\/wp-json\/wp\/v2\/product_brand?post=6728"},{"taxonomy":"product_cat","embeddable":true,"href":"https:\/\/lt-laborhandel.de\/en\/wp-json\/wp\/v2\/product_cat?post=6728"},{"taxonomy":"product_tag","embeddable":true,"href":"https:\/\/lt-laborhandel.de\/en\/wp-json\/wp\/v2\/product_tag?post=6728"}],"curies":[{"name":"wp","href":"https:\/\/api.w.org\/{rel}","templated":true}]}}