{"id":6727,"date":"2021-11-03T15:38:13","date_gmt":"2021-11-03T14:38:13","guid":{"rendered":"https:\/\/lt-laborhandel.de\/produkt\/lauda-loop-l-250-l000580\/"},"modified":"2026-01-09T21:19:44","modified_gmt":"2026-01-09T20:19:44","slug":"lauda-loop-l-250-l000580","status":"publish","type":"product","link":"https:\/\/lt-laborhandel.de\/en\/produkt\/lauda-loop-l-250-l000580\/","title":{"rendered":"Lauda LOOP L 250, #L000580"},"content":{"rendered":"<p>Lauda LOOP L 250 Thermoelekt.-Umw\u00e4lzthermostat 100-240 V; 50\/60 Hz Leistungsmerkmale: Umw\u00e4lzthermostat mit einfachster Handhabung und integriertem K\u00fchlsystem Leuchtstarkes und kontrastreiches grafisches OLED Display Benutzerfreundliche Men\u00fcf\u00fchrung im Klartext Einfachste 3-Tastenbedienung RS 232-Schnittstelle Pumpenanschl\u00fcsse mit Schnellkupplungen f\u00fcr einfachen Verbraucherwechsel Betrieb mit nicht brennbaren Fl\u00fcssigkeiten (Wasser, Wasser\/Glykol) Leiser und vibrationsarmer Betrieb durch k\u00e4ltemittelfreie K\u00fchltechnologie Geringe Baugr\u00f6\u00dfe und geringes Gewicht Luftgek\u00fchlte Ausf\u00fchrung Technische Daten (nach DIN 12876): Arbeitstemperaturbereich: 4 &#8230; 80 \u00b0C Umgebungstemperaturbereich: 5 &#8230; 40 \u00b0C Temperaturkonstanz: 0,1 \u00b1K Heizleistung max.: 0,4 kW In \/ Outlet Anschlussgewinde (au\u00dfen): Quick C. 1\/4 ? F\u00fcllvolumen max.: 0,32 L Abmessungen (BxTxH): 261 x 368 x 312 mm Schutzart: I \/ NFL Schalldruckpegel: 57 dB(A) Nettogewicht: 11,7 kg Leistungsaufnahme max.: 0,4 kW Netzstecker: Netzkabel mit gewinkeltem Schuko Stecker (CEE7\/7) Pumpe Druck max.: 0,8 bar Pumpe F\u00f6rderstrom Druck max.: 3 L\/min K\u00e4lteleistung: 20 \u00b0C; Ethanol; 0,25 kW (50 Hz); 0,25 kW (60 Hz) 10 \u00b0C; Ethanol; 0,13 kW (50 Hz); 0,13 kW (60 Hz)<\/p>\n","protected":false},"excerpt":{"rendered":"<p><b>Zubeh\u00f6r- und Ersatzteile erhalten Sie gerne auf Anfrage!<\/b><\/p>\n","protected":false},"featured_media":6533,"template":"","meta":[],"product_brand":[],"product_cat":[163],"product_tag":[],"class_list":{"0":"post-6727","1":"product","2":"type-product","3":"status-publish","4":"has-post-thumbnail","6":"product_cat-waerme-und-kaeltethermostate","7":"product_shipping_class-standard","9":"first","10":"instock","11":"taxable","12":"shipping-taxable","13":"purchasable","14":"product-type-simple"},"tiered_pricing_type":"fixed","tiered_pricing_fixed_rules":[],"tiered_pricing_product_settings":{"layout":"default","base_unit_name":{"singular":null,"plural":null},"default_variation":null},"tiered_pricing_minimum_quantity":null,"tiered_pricing_roles_data":[],"tiered_pricing_percentage_rules":[],"_links":{"self":[{"href":"https:\/\/lt-laborhandel.de\/en\/wp-json\/wp\/v2\/product\/6727","targetHints":{"allow":["GET"]}}],"collection":[{"href":"https:\/\/lt-laborhandel.de\/en\/wp-json\/wp\/v2\/product"}],"about":[{"href":"https:\/\/lt-laborhandel.de\/en\/wp-json\/wp\/v2\/types\/product"}],"wp:featuredmedia":[{"embeddable":true,"href":"https:\/\/lt-laborhandel.de\/en\/wp-json\/wp\/v2\/media\/6533"}],"wp:attachment":[{"href":"https:\/\/lt-laborhandel.de\/en\/wp-json\/wp\/v2\/media?parent=6727"}],"wp:term":[{"taxonomy":"product_brand","embeddable":true,"href":"https:\/\/lt-laborhandel.de\/en\/wp-json\/wp\/v2\/product_brand?post=6727"},{"taxonomy":"product_cat","embeddable":true,"href":"https:\/\/lt-laborhandel.de\/en\/wp-json\/wp\/v2\/product_cat?post=6727"},{"taxonomy":"product_tag","embeddable":true,"href":"https:\/\/lt-laborhandel.de\/en\/wp-json\/wp\/v2\/product_tag?post=6727"}],"curies":[{"name":"wp","href":"https:\/\/api.w.org\/{rel}","templated":true}]}}