{"id":5934,"date":"2021-08-27T16:30:20","date_gmt":"2021-08-27T14:30:20","guid":{"rendered":"https:\/\/lt-laborhandel.de\/?post_type=product&#038;p=5934"},"modified":"2026-03-05T13:41:29","modified_gmt":"2026-03-05T12:41:29","slug":"ika-umlaufkuehler-rc-2-basic-0004171000","status":"publish","type":"product","link":"https:\/\/lt-laborhandel.de\/en\/produkt\/ika-umlaufkuehler-rc-2-basic-0004171000\/","title":{"rendered":"IKA Umlaufk\u00fchler, RC 2 basic, 0004171000"},"content":{"rendered":"<p>RC 2 basic<br \/>\nHoch energieeffizienter Umw\u00e4lzk\u00fchler mit starken 400 W K\u00e4lteleistung, konzipiert f\u00fcr K\u00fchlaufgaben bis -20\u00b0C.<br \/>\nDie drehzahlgeregelte PEEK-Pumpe erm\u00f6glicht eine indirekte stufenlose Einstellung von maximalem Druck und Volumenstrom. Eine hervorragende Temperaturkonstanz von \u00b1 0,1K (bei -10\u00b0C) wird auch anspruchsvollen Anwendungen gerecht.<br \/>\nDer integrierte Einf\u00fclltrichter und das Ablassventil erm\u00f6glichen eine sichere und saubere Handhabung des Thermofluids. Die leicht zu \u00f6ffnende Frontklappe erm\u00f6glicht ein bequemes Reinigen des Luftfilters.<br \/>\nAus dem hochwertig isolierten 4-Liter Badreservoir stehen ohne nachzuf\u00fcllen bis zu 2,5 Liter Thermofluid f\u00fcr den externen K\u00fchlkreislauf zur Verf\u00fcgung.<br \/>\nTemperaturbereich: &#8211; 20 \u00b0C &#8211; RT<br \/>\nTemperaturkonstanz: \u00b1 0,1 K<br \/>\nTemperatureinstellung und Pumpgeschwindigkeit werden \u00fcber ein gro\u00dfes und gut ablesbares LED-Display angezeigt<br \/>\nDeutllich sichtbare F\u00fcllstandsanzeige<br \/>\nAblassventil und optimierter Badboden zur sicheren und vollst\u00e4ndigen Entleerung<br \/>\nLeicht zug\u00e4nglicher Luftfilter<br \/>\nOptische und akustische Warnfunktionen<\/p>\n<p>Technische Daten<br \/>\nGer\u00e4tetyp K\u00e4lte-Umw\u00e4lzthermostat<br \/>\nK\u00e4ltemittel R134a<br \/>\nK\u00e4ltemittelmenge 230 g<br \/>\nK\u00e4ltemittel Druck max. 20 bar<br \/>\nK\u00e4lteleistung (@20\u00b0C) 400 W<br \/>\nK\u00e4lteleistung (@10\u00b0C) 370 W<br \/>\nK\u00e4lteleistung (@0\u00b0C) 320 W<br \/>\nK\u00e4lteleistung (@-10\u00b0C) 240 W<br \/>\nK\u00e4lteleistung (@-20\u00b0C) 130 W<br \/>\nArbeitstemperatur -20 &#8211; Raumtemp. \u00b0C<br \/>\nBetriebstemperatur min. -20 \u00b0C<br \/>\nBetriebstemperatur max. (mit Fremdheizung) 80 \u00b0C<br \/>\nTemperaturanzeige ja<br \/>\nTemperaturregelung PID<br \/>\nArbeitstemperaturf\u00fchler PT 100<br \/>\nArbeitstemperaturanzeige LED<br \/>\nTemperaturkonstanz DIN 12876 \u00b10.1 K<br \/>\nAnzeigeaufl\u00f6sung 0.1 K<br \/>\nWarnfunktion optisch ja<br \/>\nWarnfunktion akustisch ja<br \/>\nWarnfunktion \u00dcbertemperatur ja<br \/>\nUnterniveauschutz ja<br \/>\nF\u00fcllvolumen 1.4 &#8211; 4.0 l<br \/>\nPumpentyp Druck- \/ Saugpumpe<br \/>\nPumpenleistung ver\u00e4nderbar ja<br \/>\nPumpendruck max. (0 Liter F\u00f6rderstrom) 0.3 bar<br \/>\nPumpendruck (Saugseite) max. (0 Liter F\u00f6rderstrom) 0.2 bar<br \/>\nF\u00f6rderstrom max. (0 bar Gegendruck) 18 l\/min<br \/>\nKalibrierungsm\u00f6glichkeit ja<br \/>\nTechnische Daten nach Norm DIN 12876<br \/>\nZul\u00e4ssige Einschaltdauer 100 %<br \/>\nGer\u00e4uschpegel 52 dB(A)<br \/>\nAbmessungen (B x H x T) 220 x 475 x 525 mm<br \/>\nGewicht 31.26 kg<br \/>\nZul\u00e4ssiger Umgebungstemperaturbereich 5 &#8211; 32 \u00b0C<br \/>\nZul\u00e4ssige Relative Feuchte 80 %<br \/>\nSchutzart nach DIN EN 60529 IP 21<br \/>\nRS 232 Schnittstelle ja<br \/>\nUSB Schnittstelle ja<br \/>\nSpannung 230 V<br \/>\nFrequenz 50\/60 Hz<br \/>\nGer\u00e4teaufnahmeleistung 300 W<\/p>\n<p><b>Zubeh\u00f6r- und Ersatzteile auf Anfrage<\/b><\/p>\n","protected":false},"excerpt":{"rendered":"<p>RC 2 basic Hoch energieeffizienter Umw\u00e4lzk\u00fchler mit starken 400 W K\u00e4lteleistung, konzipiert f\u00fcr K\u00fchlaufgaben bis -20\u00b0C. Die drehzahlgeregelte PEEK-Pumpe erm\u00f6glicht eine indirekte stufenlose Einstellung von maximalem Druck und Volumenstrom. Eine hervorragende Temperaturkonstanz von \u00b1 0,1K (bei -10\u00b0C) wird auch anspruchsvollen Anwendungen gerecht. Der integrierte Einf\u00fclltrichter und das Ablassventil erm\u00f6glichen eine sichere und saubere Handhabung des [&hellip;]<\/p>\n","protected":false},"featured_media":5935,"template":"","meta":[],"product_brand":[],"product_cat":[163],"product_tag":[],"class_list":{"0":"post-5934","1":"product","2":"type-product","3":"status-publish","4":"has-post-thumbnail","6":"product_cat-waerme-und-kaeltethermostate","7":"product_shipping_class-standard","9":"first","10":"instock","11":"taxable","12":"shipping-taxable","13":"purchasable","14":"product-type-simple"},"tiered_pricing_type":"fixed","tiered_pricing_fixed_rules":[],"tiered_pricing_product_settings":{"layout":"default","base_unit_name":{"singular":null,"plural":null},"default_variation":null},"tiered_pricing_minimum_quantity":null,"tiered_pricing_roles_data":[],"tiered_pricing_percentage_rules":[],"_links":{"self":[{"href":"https:\/\/lt-laborhandel.de\/en\/wp-json\/wp\/v2\/product\/5934","targetHints":{"allow":["GET"]}}],"collection":[{"href":"https:\/\/lt-laborhandel.de\/en\/wp-json\/wp\/v2\/product"}],"about":[{"href":"https:\/\/lt-laborhandel.de\/en\/wp-json\/wp\/v2\/types\/product"}],"wp:featuredmedia":[{"embeddable":true,"href":"https:\/\/lt-laborhandel.de\/en\/wp-json\/wp\/v2\/media\/5935"}],"wp:attachment":[{"href":"https:\/\/lt-laborhandel.de\/en\/wp-json\/wp\/v2\/media?parent=5934"}],"wp:term":[{"taxonomy":"product_brand","embeddable":true,"href":"https:\/\/lt-laborhandel.de\/en\/wp-json\/wp\/v2\/product_brand?post=5934"},{"taxonomy":"product_cat","embeddable":true,"href":"https:\/\/lt-laborhandel.de\/en\/wp-json\/wp\/v2\/product_cat?post=5934"},{"taxonomy":"product_tag","embeddable":true,"href":"https:\/\/lt-laborhandel.de\/en\/wp-json\/wp\/v2\/product_tag?post=5934"}],"curies":[{"name":"wp","href":"https:\/\/api.w.org\/{rel}","templated":true}]}}