{"id":5853,"date":"2021-08-20T12:31:06","date_gmt":"2021-08-20T10:31:06","guid":{"rendered":"https:\/\/lt-laborhandel.de\/?post_type=product&#038;p=5853"},"modified":"2026-01-14T07:51:47","modified_gmt":"2026-01-14T06:51:47","slug":"ika-ruehrwerk-mechanisch-rw-47-digital-0004050000","status":"publish","type":"product","link":"https:\/\/lt-laborhandel.de\/en\/produkt\/ika-ruehrwerk-mechanisch-rw-47-digital-0004050000\/","title":{"rendered":"IKA R\u00fchrwerk mechanisch, RW 47 digital, 0004050000"},"content":{"rendered":"<p>RW 47 digital<br \/>\nExtrem leistungsstarkes, mechanisches Laborr\u00fchrwerk f\u00fcr hochviskose Medien f\u00fcr Mengen bis zu 200 l (H2O). Das R\u00fchrwerk ist geeignet f\u00fcr das intensive Mischen von Proben in Labors, Pilotanlagen und Kleinproduktionen. Das R\u00fchrwerk ist mit einem \u00dcberhitzungsschutz des Motors durch einen Temperaturbegrenzer ausgestattet. Zus\u00e4tzlich sind ein R\u00fchrwellenschutz (R 303) und eine Spannvorrichtung (R 6547.1) zur Befestigung von Gef\u00e4\u00dfen als Zubeh\u00f6r erh\u00e4ltlich.<br \/>\nDigitalanzeige der Drehzahl<br \/>\nStufenlos einstellbare Drehzahl (57 &#8211; 1300 1\/min) in zwei Drehzahlbereichen<br \/>\n\u00dcberlastschutz<br \/>\nFehlercodeanzeige<br \/>\nRobustes, ergonomisches Design<br \/>\nHohe Laufruhe<br \/>\nMit konstantem Leistungsantrieb<br \/>\nSicherheitsendschalter SI 400 und Halterung SI 474 sind als optionales Zubeh\u00f6r erh\u00e4ltlich und erm\u00f6glichen die Einschaltung des Ger\u00e4tes nur in einer definierten H\u00f6he im Arbeitsbereich des Stativs.<\/p>\n<p>Zum Betrieb des Ger\u00e4tes werden eine 3-phasige Stromversorgung und ein Netzkabel (nicht im Lieferumfang enthalten) ben\u00f6tigt. Der Anschluss des Ger\u00e4tes an das Stromnetz muss von einer Elektrofachkraft vorgenommen werden. Schaltpl\u00e4ne als Referenz sind in der Bedienungsanleitung enthalten.<\/p>\n<p>Technische Daten<br \/>\nR\u00fchrmenge max. pro R\u00fchrstelle (H2O) 200 l<br \/>\nMotorleistung Aufnahme 511 W<br \/>\nMotorleistung Abgabe 370 W<br \/>\nMotorprinzip Drehstrom<br \/>\nDrehzahlanzeige LED<br \/>\nDrehzahlbereich 57 &#8211; 1300 rpm<br \/>\nViskosit\u00e4t max. 100000 mPas<br \/>\nLeistung max. an der R\u00fchrwelle 300 W<br \/>\nZul\u00e4ssige Einschaltdauer 100 %<br \/>\nDrehmoment max. an der R\u00fchrwelle 3000 Ncm<br \/>\nDrehmoment max. an der R\u00fchrwelle bei 60 1\/min (\u00dcberlast) 4642 Ncm<br \/>\nDrehmoment max. an der R\u00fchrwelle bei 100 1\/min 3000 Ncm<br \/>\nDrehmoment max. an der R\u00fchrwelle bei 1.000 1\/min 285 Ncm<br \/>\nDrehmoment I max. 3000 Ncm<br \/>\nDrehmoment II max. 620 Ncm<br \/>\nDrehzahlbereich I (50 Hz) 57 &#8211; 275 rpm<br \/>\nDrehzahlbereich II (50 Hz) 275 &#8211; 1300 rpm<br \/>\nEinstellm\u00f6glichkeit Drehzahl Stufenlos<br \/>\nEinstellgenauigkeit Drehzahl \u00b11 rpm<br \/>\nAbweichung Drehzahlmessung \u00b110 rpm<br \/>\nR\u00fchrwerkzeugbesfestigung Spannfutter<br \/>\nSpannfutter-Spannbereich 3 &#8211; 16 mm<br \/>\nHohlwelle, Innendurchmesser 13 mm<br \/>\nBefestigung am Stativ Flansch<br \/>\nDrehzahlregelung mechanisch<br \/>\nNenndrehmoment 30 Nm<br \/>\nGeh\u00e4usewerkstoff Alu-Guss beschichtet \/ thermoplastischer Kunststoff<br \/>\nAbmessungen (B x H x T) 145 x 478 x 358 mm<br \/>\nGewicht 16.6 kg<br \/>\nZul\u00e4ssiger Umgebungstemperaturbereich 5 &#8211; 40 \u00b0C<br \/>\nZul\u00e4ssige Relative Feuchte 80 %<br \/>\nSchutzart nach DIN EN 60529 IP 54<br \/>\nSpannung 3 x 400 V<br \/>\nFrequenz 50 Hz<br \/>\nGer\u00e4teaufnahmeleistung 513 W<\/p>\n<p><b>Zubeh\u00f6r- und Ersatzteile auf Anfrage<\/b><\/p>\n","protected":false},"excerpt":{"rendered":"<p>RW 47 digital Extrem leistungsstarkes, mechanisches Laborr\u00fchrwerk f\u00fcr hochviskose Medien f\u00fcr Mengen bis zu 200 l (H2O). Das R\u00fchrwerk ist geeignet f\u00fcr das intensive Mischen von Proben in Labors, Pilotanlagen und Kleinproduktionen. Das R\u00fchrwerk ist mit einem \u00dcberhitzungsschutz des Motors durch einen Temperaturbegrenzer ausgestattet. Zus\u00e4tzlich sind ein R\u00fchrwellenschutz (R 303) und eine Spannvorrichtung (R 6547.1) [&hellip;]<\/p>\n","protected":false},"featured_media":5858,"template":"","meta":[],"product_brand":[],"product_cat":[109],"product_tag":[],"class_list":{"0":"post-5853","1":"product","2":"type-product","3":"status-publish","4":"has-post-thumbnail","6":"product_cat-mischerruehrer-und-schuettler","7":"product_shipping_class-standard","9":"first","10":"instock","11":"taxable","12":"shipping-taxable","13":"purchasable","14":"product-type-simple"},"tiered_pricing_type":"fixed","tiered_pricing_fixed_rules":[],"tiered_pricing_product_settings":{"layout":"default","base_unit_name":{"singular":null,"plural":null},"default_variation":null},"tiered_pricing_minimum_quantity":null,"tiered_pricing_roles_data":[],"tiered_pricing_percentage_rules":[],"_links":{"self":[{"href":"https:\/\/lt-laborhandel.de\/en\/wp-json\/wp\/v2\/product\/5853","targetHints":{"allow":["GET"]}}],"collection":[{"href":"https:\/\/lt-laborhandel.de\/en\/wp-json\/wp\/v2\/product"}],"about":[{"href":"https:\/\/lt-laborhandel.de\/en\/wp-json\/wp\/v2\/types\/product"}],"wp:featuredmedia":[{"embeddable":true,"href":"https:\/\/lt-laborhandel.de\/en\/wp-json\/wp\/v2\/media\/5858"}],"wp:attachment":[{"href":"https:\/\/lt-laborhandel.de\/en\/wp-json\/wp\/v2\/media?parent=5853"}],"wp:term":[{"taxonomy":"product_brand","embeddable":true,"href":"https:\/\/lt-laborhandel.de\/en\/wp-json\/wp\/v2\/product_brand?post=5853"},{"taxonomy":"product_cat","embeddable":true,"href":"https:\/\/lt-laborhandel.de\/en\/wp-json\/wp\/v2\/product_cat?post=5853"},{"taxonomy":"product_tag","embeddable":true,"href":"https:\/\/lt-laborhandel.de\/en\/wp-json\/wp\/v2\/product_tag?post=5853"}],"curies":[{"name":"wp","href":"https:\/\/api.w.org\/{rel}","templated":true}]}}