{"id":5852,"date":"2021-08-20T12:31:04","date_gmt":"2021-08-20T10:31:04","guid":{"rendered":"https:\/\/lt-laborhandel.de\/?post_type=product&#038;p=5852"},"modified":"2026-01-14T07:51:47","modified_gmt":"2026-01-14T06:51:47","slug":"ika-ruehrwerk-mechanisch-rw-28-digital-0005040000","status":"publish","type":"product","link":"https:\/\/lt-laborhandel.de\/en\/produkt\/ika-ruehrwerk-mechanisch-rw-28-digital-0005040000\/","title":{"rendered":"IKA R\u00fchrwerk mechanisch, RW 28 digital, 0005040000"},"content":{"rendered":"<p>RW 28 digital<br \/>\nLeistungsstarkes, mechanisches Laborr\u00fchrwerk f\u00fcr hochviskose Medien f\u00fcr Mengen bis zu 80 l (H2O). Das R\u00fchrwerk ist geeignet f\u00fcr das intensive Mischen von Proben in Labors und Pilotanlagen. Das R\u00fchrwerk ist mit einem \u00dcberhitzungsschutz des Motors durch einen Temperaturbegrenzer ausgestattet. Zus\u00e4tzlich ist ein R\u00fchrwellenschutz und eine Stativbefestigung optional erh\u00e4ltlich.<br \/>\nDigitalanzeige der Drehzahl<br \/>\nStufenlos einstellbare Drehzahl von 60 &#8211; 1400 1\/min in zwei Drehzahlbereichen<br \/>\nR\u00fchrwelle durchsteckbar<br \/>\n\u00dcberlastschutz<br \/>\nFehlercodeanzeige<br \/>\nRobustes, ergonomisches Design<br \/>\nHohe Laufruhe<br \/>\nMit konstantem Leistungsantrieb<\/p>\n<p>Technische Daten<br \/>\nR\u00fchrmenge max. pro R\u00fchrstelle (H2O) 80 l<br \/>\nMotorleistung Aufnahme 220 W<br \/>\nMotorleistung Abgabe 90 W<br \/>\nDrehzahlanzeige LED<br \/>\nDrehzahlbereich 60 &#8211; 1400 rpm<br \/>\nViskosit\u00e4t max. 50000 mPas<br \/>\nLeistung max. an der R\u00fchrwelle 90 W<br \/>\nZul\u00e4ssige Einschaltdauer 100 %<br \/>\nDrehmoment max. an der R\u00fchrwelle 900 Ncm<br \/>\nDrehmoment max. an der R\u00fchrwelle bei 60 1\/min (\u00dcberlast) 1144 Ncm<br \/>\nDrehmoment max. an der R\u00fchrwelle bei 100 1\/min 900 Ncm<br \/>\nDrehmoment max. an der R\u00fchrwelle bei 1.000 1\/min 86 Ncm<br \/>\nDrehmoment I max. 900 Ncm<br \/>\nDrehmoment II max. 300 Ncm<br \/>\nDrehzahlbereich I (50 Hz) 60 &#8211; 400 rpm<br \/>\nDrehzahlbereich II (50 Hz) 240 &#8211; 1400 rpm<br \/>\nDrehzahlbereich I (60 Hz) 72 &#8211; 480 rpm<br \/>\nDrehzahlbereich II (60 Hz) 288 &#8211; 1680 rpm<br \/>\nEinstellm\u00f6glichkeit Drehzahl Stufenlos<br \/>\nEinstellgenauigkeit Drehzahl \u00b11 rpm<br \/>\nAbweichung Drehzahlmessung \u00b110 rpm<br \/>\nR\u00fchrwerkzeugbesfestigung Spannfutter<br \/>\nSpannfutter-Spannbereich 1 &#8211; 10 mm<br \/>\nHohlwelle, Innendurchmesser 10.5 mm<br \/>\nHohlwelle (durchsteckbar &#8211; im Stillstand) ja<br \/>\nBefestigung am Stativ Ausleger<br \/>\nAuslegerdurchmesser 16 mm<br \/>\nAuslegerl\u00e4nge 145 mm<br \/>\nDrehzahlregelung mechanisch<br \/>\nNenndrehmoment 9 Nm<br \/>\nGeh\u00e4usewerkstoff Alu-Guss beschichtet \/ thermoplastischer Kunststoff<br \/>\nLautst\u00e4rke ohne Werkzeug 62.5 dB(A)<br \/>\nAbmessungen (B x H x T) 123 x 364 x 252 mm<br \/>\nGewicht 7.5 kg<br \/>\nZul\u00e4ssiger Umgebungstemperaturbereich 5 &#8211; 40 \u00b0C<br \/>\nZul\u00e4ssige Relative Feuchte 80 %<br \/>\nSchutzart nach DIN EN 60529 IP 40<br \/>\nSpannung 220 &#8211; 240 V<br \/>\nFrequenz 50\/60 Hz<br \/>\nGer\u00e4teaufnahmeleistung 220 W<\/p>\n<p><b>Zubeh\u00f6r- und Ersatzteile auf Anfrage<\/b><\/p>\n","protected":false},"excerpt":{"rendered":"<p>RW 28 digital Leistungsstarkes, mechanisches Laborr\u00fchrwerk f\u00fcr hochviskose Medien f\u00fcr Mengen bis zu 80 l (H2O). Das R\u00fchrwerk ist geeignet f\u00fcr das intensive Mischen von Proben in Labors und Pilotanlagen. Das R\u00fchrwerk ist mit einem \u00dcberhitzungsschutz des Motors durch einen Temperaturbegrenzer ausgestattet. Zus\u00e4tzlich ist ein R\u00fchrwellenschutz und eine Stativbefestigung optional erh\u00e4ltlich. Digitalanzeige der Drehzahl Stufenlos [&hellip;]<\/p>\n","protected":false},"featured_media":5856,"template":"","meta":[],"product_brand":[],"product_cat":[109],"product_tag":[],"class_list":{"0":"post-5852","1":"product","2":"type-product","3":"status-publish","4":"has-post-thumbnail","6":"product_cat-mischerruehrer-und-schuettler","7":"product_shipping_class-standard","9":"first","10":"instock","11":"taxable","12":"shipping-taxable","13":"purchasable","14":"product-type-simple"},"tiered_pricing_type":"fixed","tiered_pricing_fixed_rules":[],"tiered_pricing_product_settings":{"layout":"default","base_unit_name":{"singular":null,"plural":null},"default_variation":null},"tiered_pricing_minimum_quantity":null,"tiered_pricing_roles_data":[],"tiered_pricing_percentage_rules":[],"_links":{"self":[{"href":"https:\/\/lt-laborhandel.de\/en\/wp-json\/wp\/v2\/product\/5852","targetHints":{"allow":["GET"]}}],"collection":[{"href":"https:\/\/lt-laborhandel.de\/en\/wp-json\/wp\/v2\/product"}],"about":[{"href":"https:\/\/lt-laborhandel.de\/en\/wp-json\/wp\/v2\/types\/product"}],"wp:featuredmedia":[{"embeddable":true,"href":"https:\/\/lt-laborhandel.de\/en\/wp-json\/wp\/v2\/media\/5856"}],"wp:attachment":[{"href":"https:\/\/lt-laborhandel.de\/en\/wp-json\/wp\/v2\/media?parent=5852"}],"wp:term":[{"taxonomy":"product_brand","embeddable":true,"href":"https:\/\/lt-laborhandel.de\/en\/wp-json\/wp\/v2\/product_brand?post=5852"},{"taxonomy":"product_cat","embeddable":true,"href":"https:\/\/lt-laborhandel.de\/en\/wp-json\/wp\/v2\/product_cat?post=5852"},{"taxonomy":"product_tag","embeddable":true,"href":"https:\/\/lt-laborhandel.de\/en\/wp-json\/wp\/v2\/product_tag?post=5852"}],"curies":[{"name":"wp","href":"https:\/\/api.w.org\/{rel}","templated":true}]}}