{"id":5681,"date":"2021-08-06T15:54:46","date_gmt":"2021-08-06T13:54:46","guid":{"rendered":"https:\/\/lt-laborhandel.de\/?post_type=product&#038;p=5681"},"modified":"2026-01-09T21:19:36","modified_gmt":"2026-01-09T20:19:36","slug":"brand-flaschenaufsatz-dispenser-dispensette-s-trace-analysis-analog-de-m-4640241","status":"publish","type":"product","link":"https:\/\/lt-laborhandel.de\/en\/produkt\/brand-flaschenaufsatz-dispenser-dispensette-s-trace-analysis-analog-de-m-4640241\/","title":{"rendered":"Brand Flaschenaufsatz-Dispenser, Dispensette\u00ae S, Trace Analysis, DE-M, Tantal-Feder, 1-10 ml, mit RDV, #4640241"},"content":{"rendered":"<p>&#8220;Die Dispensette\u00ae S Trace Analysis eignet sich hervorragend zum volumengenauen Dosieren hochreiner Medien in der Spurenanalytik. Als Flusss\u00e4ure-Dispenser mit Pt\/Ir Ventilfeder einsetzbar.<\/p>\n<p>Allgemeine Eigenschaften des Flaschenaufsatz-Dispensers Dispensette\u00ae S Trace Analysis:<\/p>\n<p>Die medienber\u00fchrenden Kunststoffe bestehen aus hochreinen Materialien, wie PTFE, ETFE, FEP und PFA. F\u00fcr die austauschbaren Ventile wird reinster Saphir verwendet. Als Federwerkstoff stehen je nach Anforderung Platin-Iridium oder Tantal zur Verf\u00fcgung.<\/p>\n<p>Ein in der Praxis erprobtes Reinigunsverfahren vor dem Einsatz in der Spurenanalytik ist in der Gebrauchsanleitung beschrieben.<\/p>\n<p>Soll Kontamination des Flascheninhaltes vermieden werden, empfehlen wir das Ger\u00e4t ohne R\u00fcckdosierventil zu verwenden.<\/p>\n<p>GL 45 Gewinde und die mitgelieferten Adapter passen auf die gebr\u00e4uchlichsten Reagenzflaschen.<\/p>\n<p>Immer sichtbares Flaschenetikett durch 360\u00b0 drehbaren Ventilblock.<\/p>\n<p>Teleskop-Ansaugrohr auf unterschiedliche Flaschenh\u00f6hen einstellbar.<\/p>\n<p>Zum Austausch der Dosiereinheit leicht zerlegbar.&#8221;<\/p>\n<p>Lieferumfang:<br \/>\nFlaschenaufsatz-Dispenser Dispensette\u00ae S Trace Analysis, f\u00fcr GL 45-Gewindeflaschen, DE-M gekennzeichnet, mit Qualit\u00e4tszertifikat, Teleskop-Ansaugrohr, R\u00fcckdosierrohr (optional), Montageschl\u00fcssel, Flaschenadapter: GL 28-S 28 (ETFE), GL 32 (ETFE) und S 40 (PTFE). <\/p>\n<p>&#8211; https:\/\/youtu.be\/GzpO7WPlixw<\/p>\n<p>&#8211; https:\/\/youtu.be\/VKPH3Y6_z4Y<\/p>\n","protected":false},"excerpt":{"rendered":"<p><b>Zubeh\u00f6r- und Ersatzteile erhalten Sie gerne auf Anfrage!<\/b><\/p>\n","protected":false},"featured_media":5694,"template":"","meta":[],"product_brand":[369],"product_cat":[368,164],"product_tag":[],"class_list":{"0":"post-5681","1":"product","2":"type-product","3":"status-publish","4":"has-post-thumbnail","6":"product_brand-brand","7":"product_cat-brand","8":"product_cat-flaschenaufsatz-dispenser","9":"product_shipping_class-standard","11":"first","12":"instock","13":"taxable","14":"shipping-taxable","15":"purchasable","16":"product-type-simple"},"tiered_pricing_type":"fixed","tiered_pricing_fixed_rules":[],"tiered_pricing_product_settings":{"layout":"default","base_unit_name":{"singular":null,"plural":null},"default_variation":null},"tiered_pricing_minimum_quantity":null,"tiered_pricing_roles_data":[],"tiered_pricing_percentage_rules":[],"_links":{"self":[{"href":"https:\/\/lt-laborhandel.de\/en\/wp-json\/wp\/v2\/product\/5681","targetHints":{"allow":["GET"]}}],"collection":[{"href":"https:\/\/lt-laborhandel.de\/en\/wp-json\/wp\/v2\/product"}],"about":[{"href":"https:\/\/lt-laborhandel.de\/en\/wp-json\/wp\/v2\/types\/product"}],"wp:featuredmedia":[{"embeddable":true,"href":"https:\/\/lt-laborhandel.de\/en\/wp-json\/wp\/v2\/media\/5694"}],"wp:attachment":[{"href":"https:\/\/lt-laborhandel.de\/en\/wp-json\/wp\/v2\/media?parent=5681"}],"wp:term":[{"taxonomy":"product_brand","embeddable":true,"href":"https:\/\/lt-laborhandel.de\/en\/wp-json\/wp\/v2\/product_brand?post=5681"},{"taxonomy":"product_cat","embeddable":true,"href":"https:\/\/lt-laborhandel.de\/en\/wp-json\/wp\/v2\/product_cat?post=5681"},{"taxonomy":"product_tag","embeddable":true,"href":"https:\/\/lt-laborhandel.de\/en\/wp-json\/wp\/v2\/product_tag?post=5681"}],"curies":[{"name":"wp","href":"https:\/\/api.w.org\/{rel}","templated":true}]}}