{"id":5569,"date":"2021-07-31T18:49:03","date_gmt":"2021-07-31T16:49:03","guid":{"rendered":"https:\/\/lt-laborhandel.de\/?post_type=product&#038;p=5569"},"modified":"2026-01-09T21:19:32","modified_gmt":"2026-01-09T20:19:32","slug":"ika-kompaktes-einhaengethermostat-package-icc-basic-ib-r-ro-15-pro-0010006740","status":"publish","type":"product","link":"https:\/\/lt-laborhandel.de\/en\/produkt\/ika-kompaktes-einhaengethermostat-package-icc-basic-ib-r-ro-15-pro-0010006740\/","title":{"rendered":"IKA Kompaktes Einh\u00e4ngethermostat Package, ICC basic IB R RO 15 pro, 0010006740"},"content":{"rendered":"<p>ICC basic IB R RO 15 pro<br \/>\nICC basic IB R RO 15 pro ist ein integriertes Temperier- und Mischsystem mit 15 R\u00fchrpositionen f\u00fcr Glasgef\u00e4\u00dfe bis 250 ml.<br \/>\nDas System beinhaltet das Einh\u00e4ngethermostat ICC basic und die Badbr\u00fccke BL.ICC sowie das Pumpenanschlussset PDS.IB.R.RO mit Str\u00f6mungsverteiler f\u00fcr eine gleichm\u00e4\u00dfige Temperierung des Edelstahlbads \u00fcber die gesamte Badl\u00e4nge.<br \/>\n15 Lasermarkierungen erleichtern die Positionierung der Probengef\u00e4\u00dfe im Bad.<br \/>\nMax. Temperatur: 130 \u00b0C<br \/>\nBad\u00f6ffnung (nutzbarer Probenraum): 489 x 313 x 98 mm<br \/>\nEintauchtiefe der Proben: 35-75 mm<br \/>\nEdelstahlbad f\u00fcr Magnetr\u00fchrer RO 15, Gr\u00f6\u00dfe L, 25 l Volumen<br \/>\nGesamtau\u00dfenma\u00df (Tiefe\/ Breite\/ H\u00f6he): 678 x 361 x 355 mm*<\/p>\n<p>Um Temperaturen von >80 \u00b0C im Bad zu erreichen, empfehlen wir bei Verwendung von Wasser als Temperiermedium zur Isolierung des Bads und zur Minimierung von Wasserverlusten unsere Schwimmkugeln aus PP.<\/p>\n<p>*Technische Daten beziehen sich auf das im Package enthaltene Thermostat.<\/p>\n<p>Technische Daten<br \/>\nGer\u00e4tetyp Kompakte Einh\u00e4ngethermostate<br \/>\nKlassenbezeichnung nach DIN 12876 III<br \/>\nKennzeichnung nach DIN 12876 FL<br \/>\nHeizleistung 2000 W<br \/>\nArbeitstemperatur Raumtemp. +10K @1000rpm &#8211; 150 \u00b0C<br \/>\nBetriebstemperatur min. (mit Fremdk\u00fchlung) -20 \u00b0C<br \/>\nTemperaturanzeige ja<br \/>\nTemperaturregelung PID<br \/>\nArbeitstemperaturf\u00fchler PT 100<br \/>\nSicherheitstemperaturf\u00fchler PT1000<br \/>\nArbeitstemperaturanzeige LED<br \/>\nSicherheitstemperaturanzeige LED<br \/>\nTemperaturkonstanz DIN 12876 \u00b10.02 K<br \/>\nAnzeigeaufl\u00f6sung 0.1 K<br \/>\nAnzeige des Betriebs mit ext. F\u00fchler ja<br \/>\nEinstellgenauigkeit Solltemperatur \u00b10.1 K<br \/>\nWarnfunktion optisch ja<br \/>\nWarnfunktion akustisch ja<br \/>\nWarnfunktion \u00dcbertemperatur ja<br \/>\nSicherheitskreis einstellbar 0 &#8211; 160 \u00b0C<br \/>\nUnterniveauschutz ja<br \/>\n\u00dcberniveauschutz ja<br \/>\nPumpentyp Druck- \/ Saugpumpe<br \/>\nPumpenleistung ver\u00e4nderbar ja<br \/>\nPumpendruck max. (0 Liter F\u00f6rderstrom) 0.3 bar<br \/>\nPumpendruck (Saugseite) max. (0 Liter F\u00f6rderstrom) 0.2 bar<br \/>\nF\u00f6rderstrom max. (0 bar Gegendruck) 18 l\/min<br \/>\nBadtiefe min. 150 mm<br \/>\nKalibrierungsm\u00f6glichkeit ja<br \/>\nGer\u00e4tebefestigung Klemme<br \/>\nTechnische Daten nach Norm DIN 12876<br \/>\nZul\u00e4ssige Einschaltdauer 100 %<br \/>\nAbmessungen (B x H x T) 145 x 340 x 200 mm<br \/>\nGewicht 3.75 kg<br \/>\nZul\u00e4ssiger Umgebungstemperaturbereich 5 &#8211; 40 \u00b0C<br \/>\nZul\u00e4ssige Relative Feuchte 80 %<br \/>\nSchutzart nach DIN EN 60529 IP 21<br \/>\nRS 232 Schnittstelle ja<br \/>\nUSB Schnittstelle ja<br \/>\nSpannung 230 V<br \/>\nFrequenz 50\/60 Hz<br \/>\nGer\u00e4teaufnahmeleistung 2100 W<\/p>\n<p><b>Zubeh\u00f6r- und Ersatzteile auf Anfrage<\/b><\/p>\n","protected":false},"excerpt":{"rendered":"<p>ICC basic IB R RO 15 pro ICC basic IB R RO 15 pro ist ein integriertes Temperier- und Mischsystem mit 15 R\u00fchrpositionen f\u00fcr Glasgef\u00e4\u00dfe bis 250 ml. Das System beinhaltet das Einh\u00e4ngethermostat ICC basic und die Badbr\u00fccke BL.ICC sowie das Pumpenanschlussset PDS.IB.R.RO mit Str\u00f6mungsverteiler f\u00fcr eine gleichm\u00e4\u00dfige Temperierung des Edelstahlbads \u00fcber die gesamte Badl\u00e4nge. [&hellip;]<\/p>\n","protected":false},"featured_media":5570,"template":"","meta":[],"product_brand":[],"product_cat":[163],"product_tag":[],"class_list":{"0":"post-5569","1":"product","2":"type-product","3":"status-publish","4":"has-post-thumbnail","6":"product_cat-waerme-und-kaeltethermostate","7":"product_shipping_class-standard","9":"first","10":"instock","11":"taxable","12":"shipping-taxable","13":"purchasable","14":"product-type-simple"},"tiered_pricing_type":"fixed","tiered_pricing_fixed_rules":[],"tiered_pricing_product_settings":{"layout":"default","base_unit_name":{"singular":null,"plural":null},"default_variation":null},"tiered_pricing_minimum_quantity":null,"tiered_pricing_roles_data":[],"tiered_pricing_percentage_rules":[],"_links":{"self":[{"href":"https:\/\/lt-laborhandel.de\/en\/wp-json\/wp\/v2\/product\/5569","targetHints":{"allow":["GET"]}}],"collection":[{"href":"https:\/\/lt-laborhandel.de\/en\/wp-json\/wp\/v2\/product"}],"about":[{"href":"https:\/\/lt-laborhandel.de\/en\/wp-json\/wp\/v2\/types\/product"}],"wp:featuredmedia":[{"embeddable":true,"href":"https:\/\/lt-laborhandel.de\/en\/wp-json\/wp\/v2\/media\/5570"}],"wp:attachment":[{"href":"https:\/\/lt-laborhandel.de\/en\/wp-json\/wp\/v2\/media?parent=5569"}],"wp:term":[{"taxonomy":"product_brand","embeddable":true,"href":"https:\/\/lt-laborhandel.de\/en\/wp-json\/wp\/v2\/product_brand?post=5569"},{"taxonomy":"product_cat","embeddable":true,"href":"https:\/\/lt-laborhandel.de\/en\/wp-json\/wp\/v2\/product_cat?post=5569"},{"taxonomy":"product_tag","embeddable":true,"href":"https:\/\/lt-laborhandel.de\/en\/wp-json\/wp\/v2\/product_tag?post=5569"}],"curies":[{"name":"wp","href":"https:\/\/api.w.org\/{rel}","templated":true}]}}