{"id":5555,"date":"2021-07-31T18:23:35","date_gmt":"2021-07-31T16:23:35","guid":{"rendered":"https:\/\/lt-laborhandel.de\/?post_type=product&#038;p=5555"},"modified":"2026-01-09T21:19:31","modified_gmt":"2026-01-09T20:19:31","slug":"ika-kompaktes-einhaengethermostat-package-icc-control-eco-8-0008035300","status":"publish","type":"product","link":"https:\/\/lt-laborhandel.de\/en\/produkt\/ika-kompaktes-einhaengethermostat-package-icc-control-eco-8-0008035300\/","title":{"rendered":"IKA Kompaktes Einh\u00e4ngethermostat Package, ICC control eco 8, 0008035300"},"content":{"rendered":"<p>ICC control eco 8<br \/>\nIKA erleichtert Ihnen die Zusammenstellung Ihres Temperiersystems und bietet anschlussfertige Packages mit dem notwendigen Zubeh\u00f6r an.<\/p>\n<p>Package beinhaltet<br \/>\nICC control Kompaktes Einh\u00e4ngethermostat<br \/>\nIB 8 eco Kunststoffbad (Gr\u00f6\u00dfe S)<br \/>\nBS.ICC Badbr\u00fccke<\/p>\n<p>Gesamtma\u00df: 320 x 335 x 349 mm<br \/>\nBad\u00f6ffnung: 188 x 105 mm *<br \/>\nMax. Bad\u00f6ffnung: 227 x 118 mm **<br \/>\nEintauchtiefe: 85 mm\u2013125 mm<\/p>\n<p>*maximale Gr\u00f6\u00dfe einer auf den Boden des Bades platzierbaren Platte.<br \/>\n**Maximale Abmessungen der Bad\u00f6ffnung an der oberen Badkante.<\/p>\n<p>Max. Temperatur im Kunststoffbad (\u201eeco\u201c Reihe): 100\u00b0C (nur Wasser)<\/p>\n<p>Technische Daten beziehen sich auf das im Package enthaltene Thermostat<\/p>\n<p>Technische Daten<br \/>\nGer\u00e4tetyp Kompakte Einh\u00e4ngethermostate<br \/>\nKlassenbezeichnung nach DIN 12876 III<br \/>\nKennzeichnung nach DIN 12876 FL<br \/>\nHeizleistung 2000 W<br \/>\nArbeitstemperatur Raumtemp. +10K @1000rpm &#8211; 150 \u00b0C<br \/>\nBetriebstemperatur min. (mit Fremdk\u00fchlung) -20 \u00b0C<br \/>\nTemperaturanzeige ja<br \/>\nTemperaturregelung PID<br \/>\nArbeitstemperaturf\u00fchler PT 100<br \/>\nSicherheitstemperaturf\u00fchler PT1000<br \/>\nArbeitstemperaturanzeige TFT<br \/>\nSicherheitstemperaturanzeige TFT<br \/>\nTemperaturkonstanz DIN 12876 \u00b10.01 K<br \/>\nAnschluss f\u00fcr ext. Temperaturmessf\u00fchler PT 100<br \/>\nAnzeigeaufl\u00f6sung 0.01 K<br \/>\nAnzeige des Betriebs mit ext. F\u00fchler ja<br \/>\nEinstellgenauigkeit Solltemperatur \u00b10.1 K<br \/>\nWarnfunktion optisch ja<br \/>\nWarnfunktion akustisch ja<br \/>\nWarnfunktion \u00dcbertemperatur ja<br \/>\nSicherheitskreis einstellbar 0 &#8211; 160 \u00b0C<br \/>\nUnterniveauschutz ja<br \/>\n\u00dcberniveauschutz ja<br \/>\nPumpentyp Druck- \/ Saugpumpe<br \/>\nPumpenleistung ver\u00e4nderbar ja<br \/>\nPumpendruck max. (0 Liter F\u00f6rderstrom) 0.3 bar<br \/>\nPumpendruck (Saugseite) max. (0 Liter F\u00f6rderstrom) 0.2 bar<br \/>\nF\u00f6rderstrom max. (0 bar Gegendruck) 18 l\/min<br \/>\nBadtiefe min. 150 mm<br \/>\nKalibrierungsm\u00f6glichkeit ja<br \/>\nGer\u00e4tebefestigung Klemme<br \/>\nTechnische Daten nach Norm DIN 12876<br \/>\nZul\u00e4ssige Einschaltdauer 100 %<br \/>\nAbmessungen (B x H x T) 145 x 340 x 200 mm<br \/>\nGewicht 10.56 kg<br \/>\nZul\u00e4ssiger Umgebungstemperaturbereich 5 &#8211; 40 \u00b0C<br \/>\nZul\u00e4ssige Relative Feuchte 80 %<br \/>\nSchutzart nach DIN EN 60529 IP 21<br \/>\nRS 232 Schnittstelle ja<br \/>\nUSB Schnittstelle ja<br \/>\nSpannung 230 V<br \/>\nFrequenz 50\/60 Hz<br \/>\nGer\u00e4teaufnahmeleistung 2100 W<\/p>\n<p><b>Zubeh\u00f6r- und Ersatzteile auf Anfrage<\/b><\/p>\n","protected":false},"excerpt":{"rendered":"<p>ICC control eco 8 IKA erleichtert Ihnen die Zusammenstellung Ihres Temperiersystems und bietet anschlussfertige Packages mit dem notwendigen Zubeh\u00f6r an. Package beinhaltet ICC control Kompaktes Einh\u00e4ngethermostat IB 8 eco Kunststoffbad (Gr\u00f6\u00dfe S) BS.ICC Badbr\u00fccke Gesamtma\u00df: 320 x 335 x 349 mm Bad\u00f6ffnung: 188 x 105 mm * Max. Bad\u00f6ffnung: 227 x 118 mm ** Eintauchtiefe: [&hellip;]<\/p>\n","protected":false},"featured_media":5561,"template":"","meta":[],"product_brand":[],"product_cat":[163],"product_tag":[],"class_list":{"0":"post-5555","1":"product","2":"type-product","3":"status-publish","4":"has-post-thumbnail","6":"product_cat-waerme-und-kaeltethermostate","7":"product_shipping_class-standard","9":"first","10":"instock","11":"taxable","12":"shipping-taxable","13":"purchasable","14":"product-type-simple"},"tiered_pricing_type":"fixed","tiered_pricing_fixed_rules":[],"tiered_pricing_product_settings":{"layout":"default","base_unit_name":{"singular":null,"plural":null},"default_variation":null},"tiered_pricing_minimum_quantity":null,"tiered_pricing_roles_data":[],"tiered_pricing_percentage_rules":[],"_links":{"self":[{"href":"https:\/\/lt-laborhandel.de\/en\/wp-json\/wp\/v2\/product\/5555","targetHints":{"allow":["GET"]}}],"collection":[{"href":"https:\/\/lt-laborhandel.de\/en\/wp-json\/wp\/v2\/product"}],"about":[{"href":"https:\/\/lt-laborhandel.de\/en\/wp-json\/wp\/v2\/types\/product"}],"wp:featuredmedia":[{"embeddable":true,"href":"https:\/\/lt-laborhandel.de\/en\/wp-json\/wp\/v2\/media\/5561"}],"wp:attachment":[{"href":"https:\/\/lt-laborhandel.de\/en\/wp-json\/wp\/v2\/media?parent=5555"}],"wp:term":[{"taxonomy":"product_brand","embeddable":true,"href":"https:\/\/lt-laborhandel.de\/en\/wp-json\/wp\/v2\/product_brand?post=5555"},{"taxonomy":"product_cat","embeddable":true,"href":"https:\/\/lt-laborhandel.de\/en\/wp-json\/wp\/v2\/product_cat?post=5555"},{"taxonomy":"product_tag","embeddable":true,"href":"https:\/\/lt-laborhandel.de\/en\/wp-json\/wp\/v2\/product_tag?post=5555"}],"curies":[{"name":"wp","href":"https:\/\/api.w.org\/{rel}","templated":true}]}}