{"id":5537,"date":"2021-07-30T17:41:55","date_gmt":"2021-07-30T15:41:55","guid":{"rendered":"https:\/\/lt-laborhandel.de\/?post_type=product&#038;p=5537"},"modified":"2026-01-09T21:19:30","modified_gmt":"2026-01-09T20:19:30","slug":"ika-brueckenthermostat-ic-control-0003863000","status":"publish","type":"product","link":"https:\/\/lt-laborhandel.de\/en\/produkt\/ika-brueckenthermostat-ic-control-0003863000\/","title":{"rendered":"IKA Br\u00fcckenthermostat, IC control, 0003863000"},"content":{"rendered":"<p>IC control<br \/>\nDer IC control Einh\u00e4ngethermostat hat einen erweiterten Temperaturbereich, um Fl\u00fcssigkeiten in offenen und halb offenen Badgef\u00e4\u00dfen bis auf 250 \u00b0C aufzuheizen.<br \/>\nDie Steuerung verf\u00fcgt \u00fcber ein farbiges TFT-Grafikdisplay, das alle relevanten Prozessparameter anzeigt. Der Benutzer kann auf Knopfdruck von interner auf externe Regelung umschalten.<br \/>\nDie mehrsprachige und bildgest\u00fctzte Men\u00fcf\u00fchrung mittels Druck- und Drehkn\u00f6pfen gew\u00e4hrleistet eine einfache und sichere Navigation. Dank der innovativen abnehmbaren Fernbedienung kann das Ger\u00e4t aus einer Entfernung von bis zu 10 Metern bedient werden. Alle IKA Thermostate entsprechen der h\u00f6chsten Sicherheitsklassifizierung III (FL) zur Verwendung mit brennbaren Fl\u00fcssigkeiten gem\u00e4\u00df DIN 12876. Die IC control Einh\u00e4ngethermostate erm\u00f6glichen schnelle Aufheizzeiten und stabile Temperaturbedingungen. Mit den integrierten M16x1 Anschl\u00fcssen kann das Ger\u00e4t f\u00fcr externe Anwendungen verwendet werden.<br \/>\nTemperaturbereich: RT &#8211; 250 \u00b0C<br \/>\nTemperaturkonstanz: \u00b1 0,01 K<br \/>\nAusziehbare Edelstahl-Badbr\u00fccke, mit der der Thermostat in verschieden gro\u00dfe Badgef\u00e4\u00dfe eingeh\u00e4ngt werden kann<br \/>\nDas drahtlose, abnehmbare Display erm\u00f6glicht eine sichere Bedienung z. B. vor einer geschlossenen Abzugshaube<br \/>\nLeistungsf\u00e4hige Druck- und Saugpumpe mit temperatur- und chemikalienbest\u00e4ndigem Kunststoffgeh\u00e4use.<br \/>\nEinstellbarer Sicherheitskreis<br \/>\nIntegrierte K\u00fchlschlange<br \/>\nTemperatureinstellung und Pumpgeschwindigkeit sowie F\u00fcllstand und Sicherheitstemperatur werden \u00fcber ein gro\u00dfes und gut ablesbares TFT-Display angezeigt<br \/>\nElektronische Zeitgeberfunktion: 0 &#8211; 99h 59min<br \/>\nOptische und akustische Warnfunktionen<br \/>\nAnschluss eines Magnetventils m\u00f6glich<br \/>\nUSB\/RS 232-Schnittstelle zur Steuerung und \u00dcberwachung der Ger\u00e4te \u00fcber labworldsoft\u00ae und zur online Aktualisierung der Ger\u00e4tesoftware<\/p>\n<p>Technische Daten<br \/>\nGer\u00e4tetyp Einh\u00e4ngethermostat<br \/>\nKlassenbezeichnung nach DIN 12876 III<br \/>\nKennzeichnung nach DIN 12876 FL<br \/>\nHeizleistung 2500 W<br \/>\nArbeitstemperatur Raumtemp. +10K @1000rpm &#8211; 250 \u00b0C<br \/>\nBetriebstemperatur min. (mit Fremdk\u00fchlung) -20 \u00b0C<br \/>\nTemperaturanzeige ja<br \/>\nTemperaturregelung PID<br \/>\nArbeitstemperaturf\u00fchler PT 100<br \/>\nSicherheitstemperaturf\u00fchler PT1000<br \/>\nArbeitstemperaturanzeige TFT<br \/>\nSicherheitstemperaturanzeige TFT<br \/>\nTemperaturkonstanz DIN 12876 \u00b10.01 K<br \/>\nAnschluss f\u00fcr ext. Temperaturmessf\u00fchler PT 100<br \/>\nAnzeigeaufl\u00f6sung 0.01 K<br \/>\nAnzeige des Betriebs mit ext. F\u00fchler ja<br \/>\nEinstellgenauigkeit Solltemperatur \u00b10.1 K<br \/>\nWarnfunktion optisch ja<br \/>\nWarnfunktion akustisch ja<br \/>\nWarnfunktion \u00dcbertemperatur ja<br \/>\nSicherheitskreis einstellbar 0 &#8211; 260 \u00b0C<br \/>\nUnterniveauschutz ja<br \/>\n\u00dcberniveauschutz ja<br \/>\nPumpentyp Druck- \/ Saugpumpe<br \/>\nPumpenleistung ver\u00e4nderbar ja<br \/>\nPumpendruck max. (0 Liter F\u00f6rderstrom) 0.61 bar<br \/>\nPumpendruck (Saugseite) max. (0 Liter F\u00f6rderstrom) 0.45 bar<br \/>\nF\u00f6rderstrom max. (0 bar Gegendruck) 31 l\/min<br \/>\nPumpenanschl\u00fcsse M16x1<br \/>\nAnschluss K\u00fchlschlange NW 8<br \/>\nBadtiefe min. 150 mm<br \/>\nKalibrierungsm\u00f6glichkeit ja<br \/>\nGer\u00e4tebefestigung Br\u00fccke<br \/>\nSpannbreite der Universalklemme 280 &#8211; 375 mm<br \/>\nTechnische Daten nach Norm DIN 12876<br \/>\nZul\u00e4ssige Einschaltdauer 100 %<br \/>\nMulti-Interface ja<br \/>\nAlarmausgang (potentialfreier Kontakt) max. 30 V AC\/DC<br \/>\nAlarmausgang (potentialfreier Kontakt) max. 1 A<br \/>\nSchaltausgang f\u00fcr Magnetventil 24 VDC<br \/>\nSchaltausgang f\u00fcr Magnetventil max. 0.8 A<br \/>\nStandby-Eingang 5 VDC<br \/>\nAbmessungen (B x H x T) 285 x 313 x 291 mm<br \/>\nGewicht 5 kg<br \/>\nZul\u00e4ssiger Umgebungstemperaturbereich 5 &#8211; 40 \u00b0C<br \/>\nZul\u00e4ssige Relative Feuchte 80 %<br \/>\nSchutzart nach DIN EN 60529 IP 21<br \/>\nRS 232 Schnittstelle ja<br \/>\nUSB Schnittstelle ja<br \/>\nSpannung 230 V<br \/>\nFrequenz 50\/60 Hz<br \/>\nGer\u00e4teaufnahmeleistung 2650 W<\/p>\n<p><b>Zubeh\u00f6r- und Ersatzteile auf Anfrage<\/b><\/p>\n","protected":false},"excerpt":{"rendered":"<p>IC control Der IC control Einh\u00e4ngethermostat hat einen erweiterten Temperaturbereich, um Fl\u00fcssigkeiten in offenen und halb offenen Badgef\u00e4\u00dfen bis auf 250 \u00b0C aufzuheizen. Die Steuerung verf\u00fcgt \u00fcber ein farbiges TFT-Grafikdisplay, das alle relevanten Prozessparameter anzeigt. Der Benutzer kann auf Knopfdruck von interner auf externe Regelung umschalten. Die mehrsprachige und bildgest\u00fctzte Men\u00fcf\u00fchrung mittels Druck- und Drehkn\u00f6pfen [&hellip;]<\/p>\n","protected":false},"featured_media":5543,"template":"","meta":[],"product_brand":[],"product_cat":[163],"product_tag":[],"class_list":{"0":"post-5537","1":"product","2":"type-product","3":"status-publish","4":"has-post-thumbnail","6":"product_cat-waerme-und-kaeltethermostate","7":"product_shipping_class-standard","9":"first","10":"instock","11":"taxable","12":"shipping-taxable","13":"purchasable","14":"product-type-simple"},"tiered_pricing_type":"fixed","tiered_pricing_fixed_rules":[],"tiered_pricing_product_settings":{"layout":"default","base_unit_name":{"singular":null,"plural":null},"default_variation":null},"tiered_pricing_minimum_quantity":null,"tiered_pricing_roles_data":[],"tiered_pricing_percentage_rules":[],"_links":{"self":[{"href":"https:\/\/lt-laborhandel.de\/en\/wp-json\/wp\/v2\/product\/5537","targetHints":{"allow":["GET"]}}],"collection":[{"href":"https:\/\/lt-laborhandel.de\/en\/wp-json\/wp\/v2\/product"}],"about":[{"href":"https:\/\/lt-laborhandel.de\/en\/wp-json\/wp\/v2\/types\/product"}],"wp:featuredmedia":[{"embeddable":true,"href":"https:\/\/lt-laborhandel.de\/en\/wp-json\/wp\/v2\/media\/5543"}],"wp:attachment":[{"href":"https:\/\/lt-laborhandel.de\/en\/wp-json\/wp\/v2\/media?parent=5537"}],"wp:term":[{"taxonomy":"product_brand","embeddable":true,"href":"https:\/\/lt-laborhandel.de\/en\/wp-json\/wp\/v2\/product_brand?post=5537"},{"taxonomy":"product_cat","embeddable":true,"href":"https:\/\/lt-laborhandel.de\/en\/wp-json\/wp\/v2\/product_cat?post=5537"},{"taxonomy":"product_tag","embeddable":true,"href":"https:\/\/lt-laborhandel.de\/en\/wp-json\/wp\/v2\/product_tag?post=5537"}],"curies":[{"name":"wp","href":"https:\/\/api.w.org\/{rel}","templated":true}]}}