{"id":5530,"date":"2021-07-30T14:13:07","date_gmt":"2021-07-30T12:13:07","guid":{"rendered":"https:\/\/lt-laborhandel.de\/?post_type=product&#038;p=5530"},"modified":"2026-01-09T21:19:30","modified_gmt":"2026-01-09T20:19:30","slug":"ika-kompaktes-einhaengethermostat-icc-basic-0004134400","status":"publish","type":"product","link":"https:\/\/lt-laborhandel.de\/en\/produkt\/ika-kompaktes-einhaengethermostat-icc-basic-0004134400\/","title":{"rendered":"IKA Kompaktes Einh\u00e4ngethermostat, ICC basic, 0004134400"},"content":{"rendered":"<p>ICC basic<br \/>\nKompakter Einh\u00e4ngethermostat ICC basic zur Fl\u00fcssigkeitstemperierung in offenen oder halb offenen Badgef\u00e4\u00dfen bis zu einer Temperatur von 150 \u00b0C.<br \/>\nDie integrierte Druck- und Saugpumpe erm\u00f6glicht die Verwendung f\u00fcr interne oder externe Applikationen. Optional kann zur Temperierung unter oder nahe der Umgebungstemperatur eine K\u00fchlschlange an das Ger\u00e4t angeschlossen werden.<br \/>\nDas ICC ist der erste Thermostat seiner Klasse, der mittels des praktischen Tragegriffes bequem transportiert und durch den integrierten Standfu\u00df sicher aufbewahrt werden kann.<br \/>\nTemperaturbereich: RT &#8211; 150 \u00b0C<br \/>\nTemperaturkonstanz: \u00b1 0,02 K<br \/>\nIntegrierte leistungsstarke und regulierbare Druck\/Saugpumpe<br \/>\nHalteklammer zur Befestigung am Badgef\u00e4\u00df im Lieferumfang enthalten<br \/>\nPraktischer Tragegriff ud integrierter Standfu\u00df<br \/>\nTemperatureinstellung und Pumpgeschwindigkeit werden \u00fcber ein gro\u00dfes und gut ablesbares LED-Display angezeigt<br \/>\nIntuitive Men\u00fcf\u00fchrung \u00fcber Druck- und Drehkn\u00f6pfe<br \/>\nEinstellbarer Sicherheitskreis<br \/>\nOptische und akustische Warnfunktionen<br \/>\nUSB \/ RS 232-Schnittstelle zur Steuerung und \u00dcberwachung der Ger\u00e4te \u00fcber labworldsoft\u00ae und zur online Aktualisierung der Ger\u00e4tesoftware<\/p>\n<p>Technische Daten<br \/>\nGer\u00e4tetyp Kompakte Einh\u00e4ngethermostate<br \/>\nKlassenbezeichnung nach DIN 12876 III<br \/>\nKennzeichnung nach DIN 12876 FL<br \/>\nHeizleistung 2000 W<br \/>\nArbeitstemperatur Raumtemp. +10K @1000rpm &#8211; 150 \u00b0C<br \/>\nBetriebstemperatur min. (mit Fremdk\u00fchlung) -20 \u00b0C<br \/>\nTemperaturanzeige ja<br \/>\nTemperaturregelung PID<br \/>\nArbeitstemperaturf\u00fchler PT 100<br \/>\nSicherheitstemperaturf\u00fchler PT1000<br \/>\nArbeitstemperaturanzeige LED<br \/>\nSicherheitstemperaturanzeige LED<br \/>\nTemperaturkonstanz DIN 12876 \u00b10.02 K<br \/>\nAnzeigeaufl\u00f6sung 0.1 K<br \/>\nAnzeige des Betriebs mit ext. F\u00fchler ja<br \/>\nEinstellgenauigkeit Solltemperatur \u00b10.1 K<br \/>\nWarnfunktion optisch ja<br \/>\nWarnfunktion akustisch ja<br \/>\nWarnfunktion \u00dcbertemperatur ja<br \/>\nSicherheitskreis einstellbar 0 &#8211; 160 \u00b0C<br \/>\nUnterniveauschutz ja<br \/>\n\u00dcberniveauschutz ja<br \/>\nPumpentyp Druck- \/ Saugpumpe<br \/>\nPumpenleistung ver\u00e4nderbar ja<br \/>\nPumpendruck max. (0 Liter F\u00f6rderstrom) 0.3 bar<br \/>\nPumpendruck (Saugseite) max. (0 Liter F\u00f6rderstrom) 0.2 bar<br \/>\nF\u00f6rderstrom max. (0 bar Gegendruck) 18 l\/min<br \/>\nBadtiefe min. 150 mm<br \/>\nKalibrierungsm\u00f6glichkeit ja<br \/>\nGer\u00e4tebefestigung Klemme<br \/>\nTechnische Daten nach Norm DIN 12876<br \/>\nZul\u00e4ssige Einschaltdauer 100 %<br \/>\nAbmessungen (B x H x T) 145 x 340 x 200 mm<br \/>\nGewicht 3.75 kg<br \/>\nZul\u00e4ssiger Umgebungstemperaturbereich 5 &#8211; 40 \u00b0C<br \/>\nZul\u00e4ssige Relative Feuchte 80 %<br \/>\nSchutzart nach DIN EN 60529 IP 21<br \/>\nRS 232 Schnittstelle ja<br \/>\nUSB Schnittstelle ja<br \/>\nSpannung 230 V<br \/>\nFrequenz 50\/60 Hz<br \/>\nGer\u00e4teaufnahmeleistung 2100 W<\/p>\n<p><b>Zubeh\u00f6r- und Ersatzteile auf Anfrage<\/b><\/p>\n","protected":false},"excerpt":{"rendered":"<p>ICC basic Kompakter Einh\u00e4ngethermostat ICC basic zur Fl\u00fcssigkeitstemperierung in offenen oder halb offenen Badgef\u00e4\u00dfen bis zu einer Temperatur von 150 \u00b0C. Die integrierte Druck- und Saugpumpe erm\u00f6glicht die Verwendung f\u00fcr interne oder externe Applikationen. Optional kann zur Temperierung unter oder nahe der Umgebungstemperatur eine K\u00fchlschlange an das Ger\u00e4t angeschlossen werden. Das ICC ist der erste [&hellip;]<\/p>\n","protected":false},"featured_media":9365,"template":"","meta":[],"product_brand":[],"product_cat":[163],"product_tag":[],"class_list":{"0":"post-5530","1":"product","2":"type-product","3":"status-publish","4":"has-post-thumbnail","6":"product_cat-waerme-und-kaeltethermostate","7":"product_shipping_class-standard","9":"first","10":"instock","11":"taxable","12":"shipping-taxable","13":"purchasable","14":"product-type-simple"},"tiered_pricing_type":"fixed","tiered_pricing_fixed_rules":[],"tiered_pricing_product_settings":{"layout":"default","base_unit_name":{"singular":null,"plural":null},"default_variation":null},"tiered_pricing_minimum_quantity":null,"tiered_pricing_roles_data":[],"tiered_pricing_percentage_rules":[],"_links":{"self":[{"href":"https:\/\/lt-laborhandel.de\/en\/wp-json\/wp\/v2\/product\/5530","targetHints":{"allow":["GET"]}}],"collection":[{"href":"https:\/\/lt-laborhandel.de\/en\/wp-json\/wp\/v2\/product"}],"about":[{"href":"https:\/\/lt-laborhandel.de\/en\/wp-json\/wp\/v2\/types\/product"}],"wp:featuredmedia":[{"embeddable":true,"href":"https:\/\/lt-laborhandel.de\/en\/wp-json\/wp\/v2\/media\/9365"}],"wp:attachment":[{"href":"https:\/\/lt-laborhandel.de\/en\/wp-json\/wp\/v2\/media?parent=5530"}],"wp:term":[{"taxonomy":"product_brand","embeddable":true,"href":"https:\/\/lt-laborhandel.de\/en\/wp-json\/wp\/v2\/product_brand?post=5530"},{"taxonomy":"product_cat","embeddable":true,"href":"https:\/\/lt-laborhandel.de\/en\/wp-json\/wp\/v2\/product_cat?post=5530"},{"taxonomy":"product_tag","embeddable":true,"href":"https:\/\/lt-laborhandel.de\/en\/wp-json\/wp\/v2\/product_tag?post=5530"}],"curies":[{"name":"wp","href":"https:\/\/api.w.org\/{rel}","templated":true}]}}