{"id":5467,"date":"2021-07-25T19:28:20","date_gmt":"2021-07-25T17:28:20","guid":{"rendered":"https:\/\/lt-laborhandel.de\/?post_type=product&#038;p=5467"},"modified":"2026-01-14T07:51:44","modified_gmt":"2026-01-14T06:51:44","slug":"ika-ruehrwerk-elektronisch-eurostar-100-control-0004028500","status":"publish","type":"product","link":"https:\/\/lt-laborhandel.de\/en\/produkt\/ika-ruehrwerk-elektronisch-eurostar-100-control-0004028500\/","title":{"rendered":"IKA R\u00fchrwerk elektronisch, EUROSTAR 100 control, 0004028500"},"content":{"rendered":"<p>EUROSTAR 100 control<br \/>\nLeistungsstarkes R\u00fchrwerk mit abnehmbarer Fernbedienung und digitalem TFT-Display f\u00fcr Mengen bis zu 100 l (H2O). Eine mikroprozessorgesteuerte Regelung h\u00e4lt die zwischen 0\/30 \u20131.300 min-1 eingestellte Drehzahl konstant. Die RS 232- und die USB-Schnittstelle des Laborr\u00fchrwerks erlauben die Ansteuerung und die Dokumentation aller Parameter. Eine integrierte Drehmoment-Trendanzeige misst die Viskosit\u00e4ts\u00e4nderung der Probe. Ein elektronischer Sicherheitskreis garantiert das Abschalten des Ger\u00e4tes im Fehlerfall oder bei \u00dcberlastung. Soll- und Istdrehzahl werden kontinuierlich angeglichen. So bleibt die Geschwindigkeit auch dann konstant, wenn sich die Viskosit\u00e4t des Mediums \u00e4ndert.<br \/>\nMehrsprachiges TFT-Display<br \/>\nProgrammierbare Funktionen<br \/>\nIntegrierte Temperaturmessung<br \/>\nIntervallbetrieb<br \/>\nDrehrichtungsumkehr<br \/>\nZeitschaltuhr<br \/>\nEinstellbarer Sicherheitskreis<br \/>\nVerriegelungs-Funktion<br \/>\nStufenlos einstellbare Drehzahl<br \/>\nR\u00fchrwellen durchsteckbar<br \/>\n\u00dcberlastungsschutz<br \/>\nKurzzeitiger \u00dcberlastbetrieb<br \/>\nHohe Laufruhe<br \/>\nFehlercodeanzeige<br \/>\nH 67.60 Temperatursensor und WH 11 WiCo Halterung im Lieferumfang enthalten<\/p>\n<p>Technische Daten<br \/>\nR\u00fchrmenge max. pro R\u00fchrstelle (H2O) 100 l<br \/>\nMotorleistung Aufnahme 174 W<br \/>\nMotorleistung Abgabe 142 W<br \/>\nMotorprinzip B\u00fcrstenlos Gleichstrom<br \/>\nDrehzahlanzeige TFT<br \/>\nDrehzahlbereich 0\/30 &#8211; 1300 rpm<br \/>\nDrehrichtung umkehrbar ja<br \/>\nAussetzbetrieb ja<br \/>\nViskosit\u00e4t max. 70000 mPas<br \/>\nLeistung max. an der R\u00fchrwelle 136 W<br \/>\nZul\u00e4ssige Einschaltdauer 100 %<br \/>\nDrehmoment max. an der R\u00fchrwelle 100 Ncm<br \/>\nEinstellm\u00f6glichkeit Drehzahl Stufenlos<br \/>\nEinstellgenauigkeit Drehzahl \u00b11 rpm<br \/>\nAbweichung Drehzahlmessung n > 300rpm \u00b11 %<br \/>\nAbweichung Drehzahlmessung n < 300rpm \u00b13 rpm<br \/>\nR\u00fchrwerkzeugbesfestigung Spannfutter<br \/>\nAnschluss f\u00fcr ext. Temperaturmessf\u00fchler PT1000<br \/>\nTemperaturanzeige ja<br \/>\nSpannfutter-Spannbereich 0.5 &#8211; 10 mm<br \/>\nHohlwelle, Innendurchmesser 11 mm<br \/>\nHohlwelle (durchsteckbar &#8211; im Stillstand) ja<br \/>\nBefestigung am Stativ Ausleger<br \/>\nAuslegerdurchmesser 16 mm<br \/>\nAuslegerl\u00e4nge 220 mm<br \/>\nDrehmomentanzeige ja<br \/>\nDrehzahlregelung elektronisch<br \/>\nNenndrehmoment 1 Nm<br \/>\nDrehmomentmessung Trend<br \/>\nAbweichung Drehmomentmessung I \u00b16 Ncm<br \/>\nZeitschaltuhr ja<br \/>\nAnzeige Zeitschaltuhr TFT<br \/>\nZeiteinstellbereich 1 &#8211; 6000 min<br \/>\nMessbereich Temperatur -10 &#8211; +350 \u00b0C<br \/>\nAufl\u00f6sung Temperaturmessung 0.1 K<br \/>\nMessgenauigkeit Temperatur \u00b10.5 + Toleranz PT1000 (DIN EN 60751 Klasse A) K<br \/>\nGrenzabweichung Temperaturmessf\u00fchler \u2264 \u00b1 (0.15 + 0.002xITI) K<br \/>\nGeh\u00e4usewerkstoff Alu-Guss beschichtet \/ thermoplastischer Kunststoff<br \/>\nKommunikationsreichweite (Geb\u00e4udeabh\u00e4nig) max. 150 m<br \/>\nAbmessungen (B x H x T) 86 x 267 x 230 mm<br \/>\nGewicht 4.7 kg<br \/>\nZul\u00e4ssiger Umgebungstemperaturbereich 5 &#8211; 40 \u00b0C<br \/>\nZul\u00e4ssige Relative Feuchte 80 %<br \/>\nSchutzart nach DIN EN 60529 IP 40<br \/>\nRS 232 Schnittstelle ja<br \/>\nUSB Schnittstelle ja<br \/>\nSpannung 230 V<br \/>\nFrequenz 50\/60 Hz<br \/>\nGer\u00e4teaufnahmeleistung 186 W\n<\/p>\n<p><b>Zubeh\u00f6r- und Ersatzteile auf Anfrage<\/b><\/p>\n","protected":false},"excerpt":{"rendered":"<p>EUROSTAR 100 control Leistungsstarkes R\u00fchrwerk mit abnehmbarer Fernbedienung und digitalem TFT-Display f\u00fcr Mengen bis zu 100 l (H2O). Eine mikroprozessorgesteuerte Regelung h\u00e4lt die zwischen 0\/30 \u20131.300 min-1 eingestellte Drehzahl konstant. Die RS 232- und die USB-Schnittstelle des Laborr\u00fchrwerks erlauben die Ansteuerung und die Dokumentation aller Parameter. Eine integrierte Drehmoment-Trendanzeige misst die Viskosit\u00e4ts\u00e4nderung der Probe. Ein [&hellip;]<\/p>\n","protected":false},"featured_media":5474,"template":"","meta":[],"product_brand":[],"product_cat":[109],"product_tag":[],"class_list":{"0":"post-5467","1":"product","2":"type-product","3":"status-publish","4":"has-post-thumbnail","6":"product_cat-mischerruehrer-und-schuettler","7":"product_shipping_class-standard","9":"first","10":"instock","11":"taxable","12":"shipping-taxable","13":"purchasable","14":"product-type-simple"},"tiered_pricing_type":"fixed","tiered_pricing_fixed_rules":[],"tiered_pricing_product_settings":{"layout":"default","base_unit_name":{"singular":null,"plural":null},"default_variation":null},"tiered_pricing_minimum_quantity":null,"tiered_pricing_roles_data":[],"tiered_pricing_percentage_rules":[],"_links":{"self":[{"href":"https:\/\/lt-laborhandel.de\/en\/wp-json\/wp\/v2\/product\/5467","targetHints":{"allow":["GET"]}}],"collection":[{"href":"https:\/\/lt-laborhandel.de\/en\/wp-json\/wp\/v2\/product"}],"about":[{"href":"https:\/\/lt-laborhandel.de\/en\/wp-json\/wp\/v2\/types\/product"}],"wp:featuredmedia":[{"embeddable":true,"href":"https:\/\/lt-laborhandel.de\/en\/wp-json\/wp\/v2\/media\/5474"}],"wp:attachment":[{"href":"https:\/\/lt-laborhandel.de\/en\/wp-json\/wp\/v2\/media?parent=5467"}],"wp:term":[{"taxonomy":"product_brand","embeddable":true,"href":"https:\/\/lt-laborhandel.de\/en\/wp-json\/wp\/v2\/product_brand?post=5467"},{"taxonomy":"product_cat","embeddable":true,"href":"https:\/\/lt-laborhandel.de\/en\/wp-json\/wp\/v2\/product_cat?post=5467"},{"taxonomy":"product_tag","embeddable":true,"href":"https:\/\/lt-laborhandel.de\/en\/wp-json\/wp\/v2\/product_tag?post=5467"}],"curies":[{"name":"wp","href":"https:\/\/api.w.org\/{rel}","templated":true}]}}