{"id":5416,"date":"2021-07-25T11:24:42","date_gmt":"2021-07-25T09:24:42","guid":{"rendered":"https:\/\/lt-laborhandel.de\/?post_type=product&#038;p=5416"},"modified":"2026-01-14T07:51:43","modified_gmt":"2026-01-14T06:51:43","slug":"ika-rotationsverdampfer-rv-10-auto-pro-v-0010004815","status":"publish","type":"product","link":"https:\/\/lt-laborhandel.de\/en\/produkt\/ika-rotationsverdampfer-rv-10-auto-pro-v-0010004815\/","title":{"rendered":"IKA Rotationsverdampfer RV 10 auto pro V, 0010004815"},"content":{"rendered":"<p>RV 10 auto pro V<\/p>\n<p>Der vollst\u00e4ndig \u00fcberarbeitete RV 10 auto ist das Flaggschiff der IKA Rotationsverdampfer-Produktlinie. Er \u00fcberzeugt unter anderem durch innovative Bedienung \u00fcber ein brillantes TFT Farb-Grafikdisplay, einem integrierten Vakuumcontroller, K\u00fchlwasser\u00fcberwachung sowie ausgereiften Sicherheitsstandards. Der RV 10 auto bietet alle Eigenschaften f\u00fcr einen effizienten, sicheren und wirtschaftlichen Betrieb. Dazu geh\u00f6ren die automatische Regelung des Vakuums und der K\u00fchlwassermenge. Die intuitive Bedienung f\u00fchrt den Anwender schnell zum gew\u00fcnschten Arbeitsergebnis. Dank eigens entwickelter Glasf\u00fchrungen nutzt der K\u00fchler die K\u00fchloberfl\u00e4che von 1600 cm\u00b2 \u00e4u\u00dferst effizient aus. Der RV 10 auto erlaubt es dem Anwender, \u00fcber die erweiterte Programmierung von Rampen individuelle Prozeduren durchzuf\u00fchren. Weitere innovative Eigenschaften wie Sanftanlauf, Rechts-Linkslauf im Intervallbetrieb oder die Timerfunktion zur Steuerung von Zeitabl\u00e4ufen erleichtern den Laboralltag. F\u00fcr Sicherheit sorgt der motorbetriebene Lift mit \u201esafety-stop\u201c Funktion. Bei Stromausfall hebt er den Verdampferkolben automatisch aus dem Heizbad. Zus\u00e4tzlich sorgen individuell einstellbare Sicherheitstemperaturkreise, Trockenlaufschutz, einstellbare Endlagenerkennung zum Schutz vor Glasbruch sowie eine Sperrfunktion f\u00fcr Anwendersicherheit. Au\u00dferdem sind die Auffangkolben sowie der K\u00fchler auch in einer beschichteten Version erh\u00e4ltlich. Die USB- bzw. RS-232-Schnittstelle erlaubt die Fernsteuerung mittels der IKA-Software \u201elabworldsoft\u201c und die Updatem\u00f6glichkeit \u00fcber das Firmwareupdatetool. Im Lieferumfang befinden sich die Vakuumschl\u00e4uche sowie Wasserschlauchverbindungen f\u00fcr Ihre hauseigene K\u00fchlwasserversorgung. Die neue im Lieferumfang enthaltene IKA Vacstar digital wird \u00fcber das mitgelieferte Datenkabel direkt von der Antriebseinheit RV 10 auto geregelt.<\/p>\n<p>4-Liter Heizbad<\/p>\n<p>automische Siedepunkterkennung<\/p>\n<p>integrierter Vakuumcontroller<\/p>\n<p>integrierte L\u00f6sungsmittelbibliothek mit 40 vorgespeicherten und erweiterbaren L\u00f6sungsmitteln<\/p>\n<p>Bedienung durch brilliantes TFT Farb-Grafikdisplay<\/p>\n<p>Universal-Sicherheitsheizbad<\/p>\n<p>optimiertes Heizbadvolumen f\u00fcr schnelles Aufheizen<\/p>\n<p>ergonomische Tragegriffe am Heizbad<\/p>\n<p>Sicherheitstemperaturkreis<\/p>\n<p>Trockenlaufschutz<\/p>\n<p>K\u00fchler mit 1600 cm\u00b2 bei geringem Platzbedarf<\/p>\n<p>beschichtetes Glas<\/p>\n<p>intuitive Bedienung durch einfache Men\u00fcf\u00fchrung<\/p>\n<p>Programmierung von bis zu zehn individuellen Prozeduren<\/p>\n<p>Sanftanlauf<\/p>\n<p>Rechts-Linkslauf<\/p>\n<p>Timerfunktion<\/p>\n<p>Endlagenerkennung<\/p>\n<p>Abdr\u00fcckvorrichtung f\u00fcr festsitzende Kolben<\/p>\n<p>digitale Schnittstellen: USB- und RS-232-Schnittstellen zur Fernsteuerung<\/p>\n<p>mehrsprachig<\/p>\n<p>automatisches K\u00fchlwassermanagement<\/p>\n<p>automatisches Bel\u00fcften<\/p>\n<p>automatisches Heizbadmanagement<\/p>\n<p>Garantie<\/p>\n<p>Durch Registrierung online unter www.ika.com\/register, k\u00f6nnen Sie die Garantie Ihrer Ger\u00e4te kostenlos verl\u00e4ngern. F\u00fcr Rotationsverdampfer und Heizb\u00e4der betr\u00e4gt die Standardgarantie zwei Jahre, plus drei zus\u00e4tzliche Jahre nach Registrierung (2+3). F\u00fcr im Paket enthaltene Peripherieger\u00e4te (Vakuumpumpe und K\u00fchler) betr\u00e4gt die zus\u00e4tzliche Garantie ein Jahr (2+1).<\/p>\n<p>Lieferumfang<\/p>\n<p>RV 10 auto pro FLEX<\/p>\n<p>VACSTAR digital<\/p>\n<p>RV 10.1 Glassatz vertikal<\/p>\n<p>RV 10.70 Dampfdurchf\u00fchrungsrohr (NS 29\/32)<\/p>\n<p>RV 10.8001 Dichtung<\/p>\n<p>Vacuum hose (2 x 0.55 m)<\/p>\n<p>Water discharge hose (1 x 1 m)<\/p>\n<p>Water discharge hose (1 x 1 m)<\/p>\n<p>USB cable<\/p>\n<p>Technische Daten<\/p>\n<p>K\u00fchlerbauart\tVertikalk\u00fchler<\/p>\n<p>K\u00fchlfl\u00e4che\t1600 cm2<\/p>\n<p>Drehzahlbereich\t5 &#8211; 300 rpm<\/p>\n<p>Drehrichtung umkehrbar\tja<\/p>\n<p>Drehzahltoleranz Solldrehzahl <100rpm\t\u00b11 rpm\n\nDrehzahltoleranz Solldrehzahl >100rpm\t\u00b11 %<\/p>\n<p>Lift\tMotor<\/p>\n<p>Hub\t140 mm<\/p>\n<p>Heiztemperaturbereich\tRaumtemp. &#8211; 180 \u00b0C<\/p>\n<p>Heizleistung\t1350 W<\/p>\n<p>Einstellgenauigkeit Solltemperatur\t\u00b11 K<\/p>\n<p>F\u00fcllvolumen max.\t4 l<\/p>\n<p>Vacuumregler integriert\tja<\/p>\n<p>Messgenauigkeit +\/-\t1 mbar<\/p>\n<p>Zeitschaltuhr\tja<\/p>\n<p>Vakuumpumpe\tVacstar digital<\/p>\n<p>Abmessungen (B x H x T)\t500 x 430 x 440 mm<\/p>\n<p>Gewicht\t52.34 kg<\/p>\n<p>Zul\u00e4ssiger Umgebungstemperaturbereich\t5 &#8211; 40 \u00b0C<\/p>\n<p>Zul\u00e4ssige Relative Feuchte\t80 %<\/p>\n<p>Schutzart nach DIN EN 60529\tIP 20<\/p>\n<p>RS 232 Schnittstelle\tja<\/p>\n<p>USB Schnittstelle\tja<\/p>\n<p>Analogausgang\tja<\/p>\n<p>Spannung\t100 &#8211; 240 V<\/p>\n<p>Frequenz\t50\/60 Hz<\/p>\n<p>Ger\u00e4teaufnahmeleistung\t100 W<\/p>\n<p>Ger\u00e4teaufnahmeleistung Standby\t3.3 W<\/p>\n<p><b>Zubeh\u00f6r- und Ersatzteile auf Anfrage<\/b><\/p>\n","protected":false},"excerpt":{"rendered":"<p>RV 10 auto pro V Der vollst\u00e4ndig \u00fcberarbeitete RV 10 auto ist das Flaggschiff der IKA Rotationsverdampfer-Produktlinie. Er \u00fcberzeugt unter anderem durch innovative Bedienung \u00fcber ein brillantes TFT Farb-Grafikdisplay, einem integrierten Vakuumcontroller, K\u00fchlwasser\u00fcberwachung sowie ausgereiften Sicherheitsstandards. Der RV 10 auto bietet alle Eigenschaften f\u00fcr einen effizienten, sicheren und wirtschaftlichen Betrieb. Dazu geh\u00f6ren die automatische Regelung [&hellip;]<\/p>\n","protected":false},"featured_media":5459,"template":"","meta":[],"product_brand":[357],"product_cat":[161,324],"product_tag":[],"class_list":{"0":"post-5416","1":"product","2":"type-product","3":"status-publish","4":"has-post-thumbnail","6":"product_brand-ika","7":"product_cat-rotationsverdampfer","8":"product_cat-ika","9":"product_shipping_class-standard","11":"first","12":"instock","13":"taxable","14":"shipping-taxable","15":"purchasable","16":"product-type-simple"},"tiered_pricing_type":"fixed","tiered_pricing_fixed_rules":[],"tiered_pricing_product_settings":{"layout":"default","base_unit_name":{"singular":null,"plural":null},"default_variation":null},"tiered_pricing_minimum_quantity":null,"tiered_pricing_roles_data":[],"tiered_pricing_percentage_rules":[],"_links":{"self":[{"href":"https:\/\/lt-laborhandel.de\/en\/wp-json\/wp\/v2\/product\/5416","targetHints":{"allow":["GET"]}}],"collection":[{"href":"https:\/\/lt-laborhandel.de\/en\/wp-json\/wp\/v2\/product"}],"about":[{"href":"https:\/\/lt-laborhandel.de\/en\/wp-json\/wp\/v2\/types\/product"}],"wp:featuredmedia":[{"embeddable":true,"href":"https:\/\/lt-laborhandel.de\/en\/wp-json\/wp\/v2\/media\/5459"}],"wp:attachment":[{"href":"https:\/\/lt-laborhandel.de\/en\/wp-json\/wp\/v2\/media?parent=5416"}],"wp:term":[{"taxonomy":"product_brand","embeddable":true,"href":"https:\/\/lt-laborhandel.de\/en\/wp-json\/wp\/v2\/product_brand?post=5416"},{"taxonomy":"product_cat","embeddable":true,"href":"https:\/\/lt-laborhandel.de\/en\/wp-json\/wp\/v2\/product_cat?post=5416"},{"taxonomy":"product_tag","embeddable":true,"href":"https:\/\/lt-laborhandel.de\/en\/wp-json\/wp\/v2\/product_tag?post=5416"}],"curies":[{"name":"wp","href":"https:\/\/api.w.org\/{rel}","templated":true}]}}