{"id":5411,"date":"2021-07-25T11:24:20","date_gmt":"2021-07-25T09:24:20","guid":{"rendered":"https:\/\/lt-laborhandel.de\/?post_type=product&#038;p=5411"},"modified":"2026-01-14T07:51:43","modified_gmt":"2026-01-14T06:51:43","slug":"ika-rotationsverdampfer-rv-10-digital-with-dry-ice-condenser-0010006365","status":"publish","type":"product","link":"https:\/\/lt-laborhandel.de\/en\/produkt\/ika-rotationsverdampfer-rv-10-digital-with-dry-ice-condenser-0010006365\/","title":{"rendered":"IKA Rotationsverdampfer RV 10 digital with Dry Ice Condenser, 0010006365"},"content":{"rendered":"<p>RV 10 digital with Dry Ice Condenser<\/p>\n<p>Die RV 10 digital-Ausf\u00fchrung ist die konsequente Weiterentwicklung der RV 10 Rotationsverdampfer-Produktlinie. Inklusive neuem Universal-Heizbad, modernen Sicherheitsmerkmalen und digitalen Schnittstellen. Der RV 10 digital ist ein robuster und verl\u00e4sslicher Begleiter f\u00fcr alle Destillationsaufgaben.<\/p>\n<p>Das Package mit Trockeneisk\u00fchler eignet sich besonders f\u00fcr die Destillation leichtsiedender L\u00f6sungsmittel.<\/p>\n<p>Lieferumfang<\/p>\n<p>RV 10 digital FLEX<\/p>\n<p>RV 10.102 Auffangkolben (KS 35\/20, 500 ml)<\/p>\n<p>RV 10.4 Trockeneisk\u00fchler<\/p>\n<p>RV 10.84 Verdampferkolben (NS 29\/32, 1.000 ml)<\/p>\n<p>Technische Daten<\/p>\n<p>K\u00fchlerbauart\tTrockeneisk\u00fchler<\/p>\n<p>K\u00fchlfl\u00e4che\t620 cm2<\/p>\n<p>Motorprinzip\tGleichstrom<\/p>\n<p>Drehzahlbereich\t5 &#8211; 280 rpm<\/p>\n<p>Drehrichtung umkehrbar\tja<\/p>\n<p>Lift\tMotor<\/p>\n<p>Hub\t140 mm<\/p>\n<p>Heiztemperaturbereich\tRaumtemp. &#8211; 180 \u00b0C<\/p>\n<p>Heizleistung\t1300 W<\/p>\n<p>Einstellgenauigkeit Solltemperatur\t\u00b11 K<\/p>\n<p>F\u00fcllvolumen max.\t3 l<\/p>\n<p>Zeitschaltuhr\tja<\/p>\n<p>Abmessungen (B x H x T)\t500 x 430 x 440 mm<\/p>\n<p>Gewicht\t20 kg<\/p>\n<p>Zul\u00e4ssiger Umgebungstemperaturbereich\t5 &#8211; 40 \u00b0C<\/p>\n<p>Zul\u00e4ssige Relative Feuchte\t80 %<\/p>\n<p>Schutzart nach DIN EN 60529\tIP 20<\/p>\n<p>RS 232 Schnittstelle\tja<\/p>\n<p>Spannung\t115 V<\/p>\n<p>Frequenz\t50\/60 Hz<\/p>\n<p>Ger\u00e4teaufnahmeleistung\t1400 W<\/p>\n<p>Weitere Spannungsvarianten verf\u00fcgbar (220 &#8211; 240 V \/ 115 V \/ 100 &#8211; 240 V \/ 100 &#8211; 120 V \/ 100 &#8211; 115 V)<\/p>\n<p><b>Zubeh\u00f6r- und Ersatzteile auf Anfrage<\/b><\/p>\n","protected":false},"excerpt":{"rendered":"<p>RV 10 digital with Dry Ice Condenser Die RV 10 digital-Ausf\u00fchrung ist die konsequente Weiterentwicklung der RV 10 Rotationsverdampfer-Produktlinie. Inklusive neuem Universal-Heizbad, modernen Sicherheitsmerkmalen und digitalen Schnittstellen. Der RV 10 digital ist ein robuster und verl\u00e4sslicher Begleiter f\u00fcr alle Destillationsaufgaben. Das Package mit Trockeneisk\u00fchler eignet sich besonders f\u00fcr die Destillation leichtsiedender L\u00f6sungsmittel. Lieferumfang RV 10 [&hellip;]<\/p>\n","protected":false},"featured_media":5448,"template":"","meta":[],"product_brand":[357],"product_cat":[161,324],"product_tag":[],"class_list":{"0":"post-5411","1":"product","2":"type-product","3":"status-publish","4":"has-post-thumbnail","6":"product_brand-ika","7":"product_cat-rotationsverdampfer","8":"product_cat-ika","9":"product_shipping_class-standard","11":"first","12":"instock","13":"taxable","14":"shipping-taxable","15":"purchasable","16":"product-type-simple"},"tiered_pricing_type":"fixed","tiered_pricing_fixed_rules":[],"tiered_pricing_product_settings":{"layout":"default","base_unit_name":{"singular":null,"plural":null},"default_variation":null},"tiered_pricing_minimum_quantity":null,"tiered_pricing_roles_data":[],"tiered_pricing_percentage_rules":[],"_links":{"self":[{"href":"https:\/\/lt-laborhandel.de\/en\/wp-json\/wp\/v2\/product\/5411","targetHints":{"allow":["GET"]}}],"collection":[{"href":"https:\/\/lt-laborhandel.de\/en\/wp-json\/wp\/v2\/product"}],"about":[{"href":"https:\/\/lt-laborhandel.de\/en\/wp-json\/wp\/v2\/types\/product"}],"wp:featuredmedia":[{"embeddable":true,"href":"https:\/\/lt-laborhandel.de\/en\/wp-json\/wp\/v2\/media\/5448"}],"wp:attachment":[{"href":"https:\/\/lt-laborhandel.de\/en\/wp-json\/wp\/v2\/media?parent=5411"}],"wp:term":[{"taxonomy":"product_brand","embeddable":true,"href":"https:\/\/lt-laborhandel.de\/en\/wp-json\/wp\/v2\/product_brand?post=5411"},{"taxonomy":"product_cat","embeddable":true,"href":"https:\/\/lt-laborhandel.de\/en\/wp-json\/wp\/v2\/product_cat?post=5411"},{"taxonomy":"product_tag","embeddable":true,"href":"https:\/\/lt-laborhandel.de\/en\/wp-json\/wp\/v2\/product_tag?post=5411"}],"curies":[{"name":"wp","href":"https:\/\/api.w.org\/{rel}","templated":true}]}}