{"id":5409,"date":"2021-07-25T11:24:14","date_gmt":"2021-07-25T09:24:14","guid":{"rendered":"https:\/\/lt-laborhandel.de\/?post_type=product&#038;p=5409"},"modified":"2026-01-14T07:51:42","modified_gmt":"2026-01-14T06:51:42","slug":"ika-rotationsverdampfer-rv-10-digital-v-c-0010004802","status":"publish","type":"product","link":"https:\/\/lt-laborhandel.de\/en\/produkt\/ika-rotationsverdampfer-rv-10-digital-v-c-0010004802\/","title":{"rendered":"IKA Rotationsverdampfer RV 10 digital V-C, 0010004802"},"content":{"rendered":"<p>RV 10 digital V-C<\/p>\n<p>Der RV 10 digital ist die konsequente Weiterentwicklung der RV 10 Rotationsverdampfer Produktlinie. Inklusive neuem Universal-Heizbad, vertikalem Glassatz, modernen Sicherheitsmerkmalen und digitalen Schnittstellen. Der RV 10 digital ist ein robuster und verl\u00e4sslicher Begleiter f\u00fcr alle Destillationsaufgaben. Sein optimiertes Badvolumen erlaubt schnelle Aufheizzeiten. Dank eigens entwickelter Glasf\u00fchrungen nutzt der K\u00fchler die K\u00fchloberfl\u00e4che von 1600 cm\u00b2 \u00e4u\u00dferst effizient aus. So liefert der IKA RV Weitere innovative Eigenschaften wie Sanftanlauf, Rechts-Linkslauf im Intervallbetrieb oder die Timerfunktion zur Steuerung von Zeitabl\u00e4ufen unterst\u00fctzen den Anwender im Laboralltag. F\u00fcr Sicherheit sorgt der motorbetriebene Lift mit \u201esafety-stop\u201c Funktion. Bei Stromausfall hebt er den Verdampferkolben automatisch aus dem Heizbad. Zus\u00e4tzlich sorgen individuell einstellbare Sicherheitstemperaturkreise, Trockenlaufschutz, einstellbare Endlagenerkennung zum Schutz vor Glasbruch sowie eine Sperrfunktion f\u00fcr Anwendersicherheit. Au\u00dferdem sind die Auffangkolben sowie der K\u00fchler auch in einer beschichteten Version erh\u00e4ltlich. Die RS-232-Schnittstelle erlaubt die Fernsteuerung mittels der IKA\u00ae-Software \u201elabworldsoft\u201c Das Heizbad wird mittels Infrarotschnittstelle von der Bedieneinheit angesteuert.<\/p>\n<p>4-Liter Heizbad<\/p>\n<p>Universal (Wasser\/\u00d6l)-Sicherheitsheizbad<\/p>\n<p>Vertikaler Glassatz als Standard<\/p>\n<p>Motorlift mit \u201esafety-stop\u201c-Funktion<\/p>\n<p>RS-232-Schnittstelle<\/p>\n<p>Optimiertes Heizbadvolumen f\u00fcr schnelles Aufheizen<\/p>\n<p>Hocheffizienter K\u00fchler mit 1600 cm\u00b2<\/p>\n<p>Robustes Design<\/p>\n<p>Ergonomische Tragegriffe am Heizbad<\/p>\n<p>Sanftanlauf<\/p>\n<p>Rechts-Linkslauf<\/p>\n<p>Timerfunktion<\/p>\n<p>Trockenlaufschutz<\/p>\n<p>Sicherheitstemperaturkreis<\/p>\n<p>Endlagenerkennung<\/p>\n<p>Beschichtetes Glas erh\u00e4ltlich<\/p>\n<p>Abdr\u00fcckvorrichtung f\u00fcr festsitzende Kolben<\/p>\n<p>Einfache und sichere Bedienung durch ergonomisch gestaltete Bedieneinheit<\/p>\n<p>Digitale Schnittstellen zur Fernsteuerung<\/p>\n<p>Lieferumfang<\/p>\n<p>RV 10 digital drive<\/p>\n<p>HB digital S099<\/p>\n<p>RV 10.10 Glassatz vertikal beschichtet<\/p>\n<p>RV 10.88 Klemme NS 29<\/p>\n<p>RV 10.70 Dampfdurchf\u00fchrungsrohr (NS 29\/32)<\/p>\n<p>RV 10.8001 Dichtung<\/p>\n<p>RV 3.4 Woulffsche Flasche<\/p>\n<p>RV 3.1 Haltestange<\/p>\n<p>Technische Daten<\/p>\n<p>K\u00fchlerbauart senkrecht<\/p>\n<p>K\u00fchlfl\u00e4che 1600 cm2<\/p>\n<p>Motorprinzip Gleichstrom<\/p>\n<p>Drehzahlbereich 5 &#8211; 280 rpm<\/p>\n<p>Drehrichtung umkehrbar ja<\/p>\n<p>Lift Motor<\/p>\n<p>Hub 140 mm<\/p>\n<p>Heiztemperaturbereich Raumtemp. &#8211; 180 \u00b0C<\/p>\n<p>Heizleistung 1350 W<\/p>\n<p>Einstellgenauigkeit Solltemperatur \u00b11 K<\/p>\n<p>F\u00fcllvolumen max. 4 l<\/p>\n<p>Zeitschaltuhr ja<\/p>\n<p>Abmessungen (B x H x T) 500 x 430 x 440 mm<\/p>\n<p>Gewicht 32.67 kg<\/p>\n<p>Zul\u00e4ssiger Umgebungstemperaturbereich 5 &#8211; 40 \u00b0C<\/p>\n<p>Zul\u00e4ssige Relative Feuchte 80 %<\/p>\n<p>Schutzart nach DIN EN 60529 IP 20<\/p>\n<p>RS 232 Schnittstelle ja<\/p>\n<p>Spannung 220 &#8211; 240 V<\/p>\n<p>Frequenz 50\/60 Hz<\/p>\n<p>Ger\u00e4teaufnahmeleistung 1400 W<\/p>\n<p>Weitere Spannungsvarianten verf\u00fcgbar (220 &#8211; 240 V \/ 115 V \/ 100 &#8211; 240 V \/ 100 &#8211; 120 V \/ 100 &#8211; 115 V)<\/p>\n<p><b>Zubeh\u00f6r- und Ersatzteile auf Anfrage<\/b><\/p>\n","protected":false},"excerpt":{"rendered":"<p>RV 10 digital V-C Der RV 10 digital ist die konsequente Weiterentwicklung der RV 10 Rotationsverdampfer Produktlinie. Inklusive neuem Universal-Heizbad, vertikalem Glassatz, modernen Sicherheitsmerkmalen und digitalen Schnittstellen. Der RV 10 digital ist ein robuster und verl\u00e4sslicher Begleiter f\u00fcr alle Destillationsaufgaben. Sein optimiertes Badvolumen erlaubt schnelle Aufheizzeiten. Dank eigens entwickelter Glasf\u00fchrungen nutzt der K\u00fchler die K\u00fchloberfl\u00e4che [&hellip;]<\/p>\n","protected":false},"featured_media":5442,"template":"","meta":[],"product_brand":[357],"product_cat":[161,324],"product_tag":[],"class_list":{"0":"post-5409","1":"product","2":"type-product","3":"status-publish","4":"has-post-thumbnail","6":"product_brand-ika","7":"product_cat-rotationsverdampfer","8":"product_cat-ika","9":"product_shipping_class-standard","11":"first","12":"instock","13":"taxable","14":"shipping-taxable","15":"purchasable","16":"product-type-simple"},"tiered_pricing_type":"fixed","tiered_pricing_fixed_rules":[],"tiered_pricing_product_settings":{"layout":"default","base_unit_name":{"singular":null,"plural":null},"default_variation":null},"tiered_pricing_minimum_quantity":null,"tiered_pricing_roles_data":[],"tiered_pricing_percentage_rules":[],"_links":{"self":[{"href":"https:\/\/lt-laborhandel.de\/en\/wp-json\/wp\/v2\/product\/5409","targetHints":{"allow":["GET"]}}],"collection":[{"href":"https:\/\/lt-laborhandel.de\/en\/wp-json\/wp\/v2\/product"}],"about":[{"href":"https:\/\/lt-laborhandel.de\/en\/wp-json\/wp\/v2\/types\/product"}],"wp:featuredmedia":[{"embeddable":true,"href":"https:\/\/lt-laborhandel.de\/en\/wp-json\/wp\/v2\/media\/5442"}],"wp:attachment":[{"href":"https:\/\/lt-laborhandel.de\/en\/wp-json\/wp\/v2\/media?parent=5409"}],"wp:term":[{"taxonomy":"product_brand","embeddable":true,"href":"https:\/\/lt-laborhandel.de\/en\/wp-json\/wp\/v2\/product_brand?post=5409"},{"taxonomy":"product_cat","embeddable":true,"href":"https:\/\/lt-laborhandel.de\/en\/wp-json\/wp\/v2\/product_cat?post=5409"},{"taxonomy":"product_tag","embeddable":true,"href":"https:\/\/lt-laborhandel.de\/en\/wp-json\/wp\/v2\/product_tag?post=5409"}],"curies":[{"name":"wp","href":"https:\/\/api.w.org\/{rel}","templated":true}]}}