{"id":5407,"date":"2021-07-25T11:24:09","date_gmt":"2021-07-25T09:24:09","guid":{"rendered":"https:\/\/lt-laborhandel.de\/?post_type=product&#038;p=5407"},"modified":"2026-01-14T07:51:42","modified_gmt":"2026-01-14T06:51:42","slug":"ika-rotationsverdampfer-rv-3-v-0010003324-kopie","status":"publish","type":"product","link":"https:\/\/lt-laborhandel.de\/en\/produkt\/ika-rotationsverdampfer-rv-3-v-0010003324-kopie\/","title":{"rendered":"IKA Rotationsverdampfer RV 8 with Dry Ice Condenser, coated, 0010006360"},"content":{"rendered":"<p>RV 8 with Dry Ice Condenser, coated<\/p>\n<p>Die IKA Rotationsverdampfer-Baureihe bekommt ein neues Familienmitglied &#8211; den RV 8. Dieses neue Destilliersystem erg\u00e4nzt die bestehende Serie um ein funktionales Basismodell. Der beidh\u00e4ndig bedienbare Handlift erm\u00f6glicht eine pr\u00e4zise Positionierung der Gl\u00e4ser. Digitale Anzeigen f\u00fcr Rotationsgeschwindigkeit und Heizbadtemperatur erm\u00f6glichen eine optimale Kontrolle aller Destillationsvorg\u00e4nge.<\/p>\n<p>Neuer Klemmechanismus zum vereinfachten Wechseln der Verdampferkolben.<\/p>\n<p>Manueller Lift mit integrierter &#8220;Lift-Out&#8221;-Sicherheitsfunktion<\/p>\n<p>Neuer Klemmmechanismus<\/p>\n<p>Wasser-\/\u00d6l-Heizbad mit integrierten ergonomischen Tragegriffen<\/p>\n<p>Schl\u00fcsseltaste mit Sperrfunktion f\u00fcr die Heizbadtemperatur<\/p>\n<p>Drehzahlbereich 5 &#8211; 300 U\/min<\/p>\n<p>Einhandbedienung; beidh\u00e4ndig bedienbar<\/p>\n<p>Einstellbarer Eintauchwinkel<\/p>\n<p>Zus\u00e4tzliche Anwendersicherheit durch reduzierten 24-V-Strombedarf im Ger\u00e4t<\/p>\n<p>Kompatibel mit dem gesamten IKA RV 10 Glaswarensortiment.<\/p>\n<p>Packungsinhalt: Mit Heizbad HB 10 und RV 10.40 Trockeneis-Kondensator, beschichtet<\/p>\n<p>Lieferumfang<\/p>\n<p>RV 8 FLEX<\/p>\n<p>RV 10.40 Trockeneisk\u00fchler, beschichtet<\/p>\n<p>Technische Daten<\/p>\n<p>K\u00fchlerbauart\tTrockeneisk\u00fchler<\/p>\n<p>K\u00fchlfl\u00e4che\t620 cm2<\/p>\n<p>Motorprinzip\tGleichstrom<\/p>\n<p>Drehzahlbereich\t5 &#8211; 300 rpm<\/p>\n<p>Drehzahltoleranz Solldrehzahl <100rpm\t\u00b11 rpm\n\nDrehzahltoleranz Solldrehzahl >100rpm\t\u00b11 %<\/p>\n<p>Lift\tmanuell<\/p>\n<p>Hub\t120 mm<\/p>\n<p>Heiztemperaturbereich\tRaumtemp. &#8211; 180 \u00b0C<\/p>\n<p>Heizleistung\t1400 W<\/p>\n<p>Einstellgenauigkeit Solltemperatur\t\u00b11 K<\/p>\n<p>F\u00fcllvolumen max.\t4 l<\/p>\n<p>Abmessungen (B x H x T)\t510 x 490 x 345 mm<\/p>\n<p>Gewicht\t25.76 kg<\/p>\n<p>Zul\u00e4ssiger Umgebungstemperaturbereich\t5 &#8211; 40 \u00b0C<\/p>\n<p>Zul\u00e4ssige Relative Feuchte\t80 %<\/p>\n<p>Schutzart nach DIN EN 60529\tIP 20<\/p>\n<p>Spannung\t100 &#8211; 240 V<\/p>\n<p>Frequenz\t50\/60 Hz<\/p>\n<p>Ger\u00e4teaufnahmeleistung\t1500 W<\/p>\n<p>Gleichspannung\t24 V=<\/p>\n<p><b>Zubeh\u00f6r- und Ersatzteile auf Anfrage<\/b><\/p>\n","protected":false},"excerpt":{"rendered":"<p>RV 8 with Dry Ice Condenser, coated Die IKA Rotationsverdampfer-Baureihe bekommt ein neues Familienmitglied &#8211; den RV 8. Dieses neue Destilliersystem erg\u00e4nzt die bestehende Serie um ein funktionales Basismodell. Der beidh\u00e4ndig bedienbare Handlift erm\u00f6glicht eine pr\u00e4zise Positionierung der Gl\u00e4ser. Digitale Anzeigen f\u00fcr Rotationsgeschwindigkeit und Heizbadtemperatur erm\u00f6glichen eine optimale Kontrolle aller Destillationsvorg\u00e4nge. Neuer Klemmechanismus zum vereinfachten [&hellip;]<\/p>\n","protected":false},"featured_media":5437,"template":"","meta":[],"product_brand":[357],"product_cat":[161,324],"product_tag":[],"class_list":{"0":"post-5407","1":"product","2":"type-product","3":"status-publish","4":"has-post-thumbnail","6":"product_brand-ika","7":"product_cat-rotationsverdampfer","8":"product_cat-ika","9":"product_shipping_class-standard","11":"first","12":"instock","13":"taxable","14":"shipping-taxable","15":"purchasable","16":"product-type-simple"},"tiered_pricing_type":"fixed","tiered_pricing_fixed_rules":[],"tiered_pricing_product_settings":{"layout":"default","base_unit_name":{"singular":null,"plural":null},"default_variation":null},"tiered_pricing_minimum_quantity":null,"tiered_pricing_roles_data":[],"tiered_pricing_percentage_rules":[],"_links":{"self":[{"href":"https:\/\/lt-laborhandel.de\/en\/wp-json\/wp\/v2\/product\/5407","targetHints":{"allow":["GET"]}}],"collection":[{"href":"https:\/\/lt-laborhandel.de\/en\/wp-json\/wp\/v2\/product"}],"about":[{"href":"https:\/\/lt-laborhandel.de\/en\/wp-json\/wp\/v2\/types\/product"}],"wp:featuredmedia":[{"embeddable":true,"href":"https:\/\/lt-laborhandel.de\/en\/wp-json\/wp\/v2\/media\/5437"}],"wp:attachment":[{"href":"https:\/\/lt-laborhandel.de\/en\/wp-json\/wp\/v2\/media?parent=5407"}],"wp:term":[{"taxonomy":"product_brand","embeddable":true,"href":"https:\/\/lt-laborhandel.de\/en\/wp-json\/wp\/v2\/product_brand?post=5407"},{"taxonomy":"product_cat","embeddable":true,"href":"https:\/\/lt-laborhandel.de\/en\/wp-json\/wp\/v2\/product_cat?post=5407"},{"taxonomy":"product_tag","embeddable":true,"href":"https:\/\/lt-laborhandel.de\/en\/wp-json\/wp\/v2\/product_tag?post=5407"}],"curies":[{"name":"wp","href":"https:\/\/api.w.org\/{rel}","templated":true}]}}