{"id":5406,"date":"2021-07-25T11:24:06","date_gmt":"2021-07-25T09:24:06","guid":{"rendered":"https:\/\/lt-laborhandel.de\/?post_type=product&#038;p=5406"},"modified":"2026-01-14T07:51:42","modified_gmt":"2026-01-14T06:51:42","slug":"ika-rotationsverdampfer-rv-8-with-dry-ice-condenser-0010006361","status":"publish","type":"product","link":"https:\/\/lt-laborhandel.de\/en\/produkt\/ika-rotationsverdampfer-rv-8-with-dry-ice-condenser-0010006361\/","title":{"rendered":"IKA Rotationsverdampfer, RV 8 mit Trockeneiskondensator, 0010006361"},"content":{"rendered":"<p data-start=\"344\" data-end=\"404\"><strong data-start=\"344\" data-end=\"402\">IKA RV 8 Rotationsverdampfer mit Trockeneiskondensator<\/strong><\/p>\n<p data-start=\"406\" data-end=\"711\">Der <strong data-start=\"410\" data-end=\"418\">RV 8<\/strong> ist das Basismodell der IKA Rotationsverdampfer-Serie und \u00fcberzeugt durch einfache Bedienung, pr\u00e4zise Steuerung und robuste Technik. Mit seinem manuellen Lift, digitalen Anzeigen und durchdachten Sicherheitsfunktionen ist er die ideale L\u00f6sung f\u00fcr allt\u00e4gliche Destillationsaufgaben im Labor.<\/p>\n<p data-start=\"713\" data-end=\"983\">Der neue Klemmmechanismus erleichtert den schnellen Wechsel der Verdampferkolben. Dank des ergonomischen Wasser-\/\u00d6l-Heizbads mit praktischen Tragegriffen sowie einer integrierten Sperrfunktion f\u00fcr die Heiztemperatur ist die Handhabung besonders komfortabel und sicher.<\/p>\n<p data-start=\"985\" data-end=\"1009\"><strong data-start=\"985\" data-end=\"1007\">Wichtige Merkmale:<\/strong><\/p>\n<ul data-start=\"1010\" data-end=\"1450\">\n<li data-start=\"1010\" data-end=\"1076\">\n<p data-start=\"1012\" data-end=\"1076\">Manueller Lift mit integrierter \u201eLift-Out\u201c-Sicherheitsfunktion<\/p>\n<\/li>\n<li data-start=\"1077\" data-end=\"1160\">\n<p data-start=\"1079\" data-end=\"1160\">Digitalanzeige f\u00fcr Rotationsgeschwindigkeit (5\u2013300 U\/min) und Heizbadtemperatur<\/p>\n<\/li>\n<li data-start=\"1161\" data-end=\"1230\">\n<p data-start=\"1163\" data-end=\"1230\">Heizbad HB 10 mit ergonomischen Griffen und Temperatur-Sperrtaste<\/p>\n<\/li>\n<li data-start=\"1231\" data-end=\"1288\">\n<p data-start=\"1233\" data-end=\"1288\">Einstellbarer Eintauchwinkel f\u00fcr flexible Anwendungen<\/p>\n<\/li>\n<li data-start=\"1289\" data-end=\"1352\">\n<p data-start=\"1291\" data-end=\"1352\">Klemmmechanismus zum einfachen Wechsel der Verdampferkolben<\/p>\n<\/li>\n<li data-start=\"1353\" data-end=\"1403\">\n<p data-start=\"1355\" data-end=\"1403\">Erh\u00f6hte Sicherheit durch 24-V-Betriebsspannung<\/p>\n<\/li>\n<li data-start=\"1404\" data-end=\"1450\">\n<p data-start=\"1406\" data-end=\"1450\">Kompatibel mit der gesamten RV 10 Glasware<\/p>\n<\/li>\n<\/ul>\n<p data-start=\"1452\" data-end=\"1484\"><strong data-start=\"1452\" data-end=\"1482\">Technische Daten (Auszug):<\/strong><\/p>\n<ul data-start=\"1485\" data-end=\"1792\">\n<li data-start=\"1485\" data-end=\"1519\">\n<p data-start=\"1487\" data-end=\"1519\">Drehzahlbereich: 5 \u2013 300 U\/min<\/p>\n<\/li>\n<li data-start=\"1520\" data-end=\"1563\">\n<p data-start=\"1522\" data-end=\"1563\">Heiztemperatur: Raumtemperatur \u2013 180 \u00b0C<\/p>\n<\/li>\n<li data-start=\"1564\" data-end=\"1621\">\n<p data-start=\"1566\" data-end=\"1621\">Heizleistung: 1300 W, Solltemperatur-Genauigkeit \u00b11 K<\/p>\n<\/li>\n<li data-start=\"1622\" data-end=\"1647\">\n<p data-start=\"1624\" data-end=\"1647\">Hub: 120 mm (manuell)<\/p>\n<\/li>\n<li data-start=\"1648\" data-end=\"1673\">\n<p data-start=\"1650\" data-end=\"1673\">Max. F\u00fcllvolumen: 4 l<\/p>\n<\/li>\n<li data-start=\"1674\" data-end=\"1714\">\n<p data-start=\"1676\" data-end=\"1714\">Ma\u00dfe (B x H x T): 510 \u00d7 490 \u00d7 345 mm<\/p>\n<\/li>\n<li data-start=\"1715\" data-end=\"1735\">\n<p data-start=\"1717\" data-end=\"1735\">Gewicht: 15,5 kg<\/p>\n<\/li>\n<li data-start=\"1736\" data-end=\"1756\">\n<p data-start=\"1738\" data-end=\"1756\">Schutzart: IP 20<\/p>\n<\/li>\n<li data-start=\"1757\" data-end=\"1792\">\n<p data-start=\"1759\" data-end=\"1792\">Spannung: 100 \u2013 240 V, 50\/60 Hz<\/p>\n<\/li>\n<\/ul>\n<p data-start=\"1794\" data-end=\"1813\"><strong data-start=\"1794\" data-end=\"1811\">Lieferumfang:<\/strong><\/p>\n<ul data-start=\"1814\" data-end=\"1899\">\n<li data-start=\"1814\" data-end=\"1847\">\n<p data-start=\"1816\" data-end=\"1847\">Rotationsverdampfer RV 8 FLEX<\/p>\n<\/li>\n<li data-start=\"1848\" data-end=\"1865\">\n<p data-start=\"1850\" data-end=\"1865\">Heizbad HB 10<\/p>\n<\/li>\n<li data-start=\"1866\" data-end=\"1899\">\n<p data-start=\"1868\" data-end=\"1899\">RV 10.4 Trockeneiskondensator<\/p>\n<\/li>\n<\/ul>\n<p data-start=\"1901\" data-end=\"2058\">Der <strong data-start=\"1905\" data-end=\"1943\">IKA RV 8 mit Trockeneiskondensator<\/strong> bietet einen idealen Einstieg in die Welt der Rotationsverdampfer \u2013 zuverl\u00e4ssig, sicher und flexibel einsetzbar.<\/p>\n","protected":false},"excerpt":{"rendered":"<ul>\n<li data-start=\"507\" data-end=\"554\">Basismodell der IKA Rotationsverdampfer-Serie<\/li>\n<li data-start=\"557\" data-end=\"610\">Mit Heizbad HB 10 und RV 10.4 Trockeneiskondensator<\/li>\n<li data-start=\"613\" data-end=\"674\">Digitalanzeigen f\u00fcr Drehzahl (5\u2013300 U\/min) &amp; Heiztemperatur<\/li>\n<li data-start=\"677\" data-end=\"741\">Manueller Lift mit Sicherheitsfunktion, neuer Klemmmechanismus<\/li>\n<li data-start=\"744\" data-end=\"779\">Kompatibel mit IKA RV 10 Glasware<\/li>\n<\/ul>\n","protected":false},"featured_media":5435,"template":"","meta":[],"product_brand":[357],"product_cat":[161,324],"product_tag":[],"class_list":{"0":"post-5406","1":"product","2":"type-product","3":"status-publish","4":"has-post-thumbnail","6":"product_brand-ika","7":"product_cat-rotationsverdampfer","8":"product_cat-ika","9":"product_shipping_class-standard","11":"first","12":"instock","13":"taxable","14":"shipping-taxable","15":"purchasable","16":"product-type-simple"},"tiered_pricing_type":"fixed","tiered_pricing_fixed_rules":[],"tiered_pricing_product_settings":{"layout":"default","base_unit_name":{"singular":null,"plural":null},"default_variation":null},"tiered_pricing_minimum_quantity":null,"tiered_pricing_roles_data":[],"tiered_pricing_percentage_rules":[],"_links":{"self":[{"href":"https:\/\/lt-laborhandel.de\/en\/wp-json\/wp\/v2\/product\/5406","targetHints":{"allow":["GET"]}}],"collection":[{"href":"https:\/\/lt-laborhandel.de\/en\/wp-json\/wp\/v2\/product"}],"about":[{"href":"https:\/\/lt-laborhandel.de\/en\/wp-json\/wp\/v2\/types\/product"}],"wp:featuredmedia":[{"embeddable":true,"href":"https:\/\/lt-laborhandel.de\/en\/wp-json\/wp\/v2\/media\/5435"}],"wp:attachment":[{"href":"https:\/\/lt-laborhandel.de\/en\/wp-json\/wp\/v2\/media?parent=5406"}],"wp:term":[{"taxonomy":"product_brand","embeddable":true,"href":"https:\/\/lt-laborhandel.de\/en\/wp-json\/wp\/v2\/product_brand?post=5406"},{"taxonomy":"product_cat","embeddable":true,"href":"https:\/\/lt-laborhandel.de\/en\/wp-json\/wp\/v2\/product_cat?post=5406"},{"taxonomy":"product_tag","embeddable":true,"href":"https:\/\/lt-laborhandel.de\/en\/wp-json\/wp\/v2\/product_tag?post=5406"}],"curies":[{"name":"wp","href":"https:\/\/api.w.org\/{rel}","templated":true}]}}