{"id":5405,"date":"2021-07-25T11:24:03","date_gmt":"2021-07-25T09:24:03","guid":{"rendered":"https:\/\/lt-laborhandel.de\/?post_type=product&#038;p=5405"},"modified":"2026-01-14T07:51:42","modified_gmt":"2026-01-14T06:51:42","slug":"ika-rotationsverdampfer-rv-8-flex-0010003488","status":"publish","type":"product","link":"https:\/\/lt-laborhandel.de\/en\/produkt\/ika-rotationsverdampfer-rv-8-flex-0010003488\/","title":{"rendered":"IKA Rotationsverdampfer RV 8 FLEX, 0010003488"},"content":{"rendered":"<p>RV 8 FLEX<\/p>\n<p>Der Rotationsverdampfer RV 8 ist die manuelle Basiseinheit unter den IKA Rotationsverdampfern. Er ist vielseitig einsetzbar in der Chemie, Pharmazie und Bioindustrie, auf den Gebieten der Forschung und Entwicklung, Produktion und Qualit\u00e4tssicherung, in Laboren und im Anlagenbau. Digitale Displays f\u00fcr Rotationsgeschwindigkeit und Heizbadtemperatur erlauben eine optimale Steuerung s\u00e4mtlicher Destillationsprozesse.<\/p>\n<p>4-Liter Heizbad<\/p>\n<p>integrierte Sicherheitsanhebung des Liftes bei Stromausfall<\/p>\n<p>Woulfsche Flashe im Lieferumfang<\/p>\n<p>Wasser-\u00d6l-Heizbad mit Tragegriffen<\/p>\n<p>Schl\u00fcsseltaste zur Sicherung der Heizbadtemperatur<\/p>\n<p>klar ablesbares, schwarz-wei\u00dfes Glasdisplay<\/p>\n<p>Verriegelungsmechanismus: rote Anzeige f\u00fcr die entriegelte Position des Dampfdurchf\u00fchrungsrohrs<\/p>\n<p>manueller Lift zur pr\u00e4zisen Positionierung der Glasware<\/p>\n<p>einstellbarer Eintauchwinkel<\/p>\n<p>Einhandbedienung des manuellen Lifts f\u00fcr Rechts- und Linksh\u00e4nder geeignet<\/p>\n<p>Drehzahlbereich: 5 &#8211; 300 min-1<\/p>\n<p>Sicherheit f\u00fcr den Anwender durch 24 V-Kleinspannung im Ger\u00e4t<\/p>\n<p>Kolbenbefestigung mit integrierter Abdr\u00fcckvorrichtung zum einfachen Austausch des Verdampferkolbens<\/p>\n<p>kompatibel mit der gesamten IKA RV 10 Glasware<\/p>\n<p>Lieferumfang<\/p>\n<p>RV 8 S099<\/p>\n<p>HB digital S099<\/p>\n<p>RV 05.10 Kugelschliff-Klammer<\/p>\n<p>RV 10.88 Klemme NS 29<\/p>\n<p>RV 10.70 Dampfdurchf\u00fchrungsrohr (NS 29\/32)<\/p>\n<p>RV 10.8001 Dichtung<\/p>\n<p>RV 3.4 Woulffsche Flasche<\/p>\n<p>Technische Daten<\/p>\n<p>K\u00fchlerbauart\tohne K\u00fchler<\/p>\n<p>Motorprinzip\tGleichstrom<\/p>\n<p>Drehzahlbereich\t5 &#8211; 300 rpm<\/p>\n<p>Drehzahltoleranz Solldrehzahl <100rpm\t\u00b11 rpm\n\nDrehzahltoleranz Solldrehzahl >100rpm\t\u00b11 %<\/p>\n<p>Lift\tmanuell<\/p>\n<p>Hub\t120 mm<\/p>\n<p>Heiztemperaturbereich\tRaumtemp. &#8211; 180 \u00b0C<\/p>\n<p>Heizleistung\t1400 W<\/p>\n<p>Einstellgenauigkeit Solltemperatur\t\u00b11 K<\/p>\n<p>F\u00fcllvolumen max.\t4 l<\/p>\n<p>Abmessungen (B x H x T)\t510 x 490 x 345 mm<\/p>\n<p>Gewicht\t22.366 kg<\/p>\n<p>Zul\u00e4ssiger Umgebungstemperaturbereich\t5 &#8211; 40 \u00b0C<\/p>\n<p>Zul\u00e4ssige Relative Feuchte\t80 %<\/p>\n<p>Schutzart nach DIN EN 60529\tIP 20<\/p>\n<p>Spannung\t100 &#8211; 240 V<\/p>\n<p>Frequenz\t50\/60 Hz<\/p>\n<p>Ger\u00e4teaufnahmeleistung\t1500 W<\/p>\n<p>Gleichspannung\t24 V=<\/p>\n<p><b>Zubeh\u00f6r- und Ersatzteile auf Anfrage<\/b><\/p>\n","protected":false},"excerpt":{"rendered":"<p>RV 8 FLEX Der Rotationsverdampfer RV 8 ist die manuelle Basiseinheit unter den IKA Rotationsverdampfern. Er ist vielseitig einsetzbar in der Chemie, Pharmazie und Bioindustrie, auf den Gebieten der Forschung und Entwicklung, Produktion und Qualit\u00e4tssicherung, in Laboren und im Anlagenbau. Digitale Displays f\u00fcr Rotationsgeschwindigkeit und Heizbadtemperatur erlauben eine optimale Steuerung s\u00e4mtlicher Destillationsprozesse. 4-Liter Heizbad integrierte [&hellip;]<\/p>\n","protected":false},"featured_media":5433,"template":"","meta":[],"product_brand":[357],"product_cat":[161,324],"product_tag":[],"class_list":{"0":"post-5405","1":"product","2":"type-product","3":"status-publish","4":"has-post-thumbnail","6":"product_brand-ika","7":"product_cat-rotationsverdampfer","8":"product_cat-ika","9":"product_shipping_class-standard","11":"first","12":"instock","13":"taxable","14":"shipping-taxable","15":"purchasable","16":"product-type-simple"},"tiered_pricing_type":"fixed","tiered_pricing_fixed_rules":[],"tiered_pricing_product_settings":{"layout":"default","base_unit_name":{"singular":null,"plural":null},"default_variation":null},"tiered_pricing_minimum_quantity":null,"tiered_pricing_roles_data":[],"tiered_pricing_percentage_rules":[],"_links":{"self":[{"href":"https:\/\/lt-laborhandel.de\/en\/wp-json\/wp\/v2\/product\/5405","targetHints":{"allow":["GET"]}}],"collection":[{"href":"https:\/\/lt-laborhandel.de\/en\/wp-json\/wp\/v2\/product"}],"about":[{"href":"https:\/\/lt-laborhandel.de\/en\/wp-json\/wp\/v2\/types\/product"}],"wp:featuredmedia":[{"embeddable":true,"href":"https:\/\/lt-laborhandel.de\/en\/wp-json\/wp\/v2\/media\/5433"}],"wp:attachment":[{"href":"https:\/\/lt-laborhandel.de\/en\/wp-json\/wp\/v2\/media?parent=5405"}],"wp:term":[{"taxonomy":"product_brand","embeddable":true,"href":"https:\/\/lt-laborhandel.de\/en\/wp-json\/wp\/v2\/product_brand?post=5405"},{"taxonomy":"product_cat","embeddable":true,"href":"https:\/\/lt-laborhandel.de\/en\/wp-json\/wp\/v2\/product_cat?post=5405"},{"taxonomy":"product_tag","embeddable":true,"href":"https:\/\/lt-laborhandel.de\/en\/wp-json\/wp\/v2\/product_tag?post=5405"}],"curies":[{"name":"wp","href":"https:\/\/api.w.org\/{rel}","templated":true}]}}