{"id":5401,"date":"2021-07-25T11:23:52","date_gmt":"2021-07-25T09:23:52","guid":{"rendered":"https:\/\/lt-laborhandel.de\/?post_type=product&#038;p=5401"},"modified":"2026-01-14T07:51:41","modified_gmt":"2026-01-14T06:51:41","slug":"ika-rotationsverdampfer-rv-3-v-0010006363","status":"publish","type":"product","link":"https:\/\/lt-laborhandel.de\/en\/produkt\/ika-rotationsverdampfer-rv-3-v-0010006363\/","title":{"rendered":"IKA Rotationsverdampfer RV 3 with Dry Ice Condenser, 0010006363"},"content":{"rendered":"<p>RV 3 mit Trockeneiskondensator<\/p>\n<p>Der Rotationsverdampfer RV 3 ist das manuelle Basismodell in der Familie der IKA Rotationsverdampfer. Er findet vielf\u00e4ltige Einsatzm\u00f6glichkeiten in der chemischen, pharmazeutischen und biotechnologischen Industrie, in Forschung und Entwicklung, in der Fertigung und Qualit\u00e4tssicherung, in Laboratorien und im Anlagenbau. Digitale Anzeigen f\u00fcr Drehzahl und Heizbadtemperatur erm\u00f6glichen eine optimale Steuerung aller Destillationsvorg\u00e4nge.<\/p>\n<p>4-Liter Heizbad<\/p>\n<p>Integrierte Sicherheitsausfahrfunktion bei Stromausfall<\/p>\n<p>Wasser-\/\u00d6l-Heizbad mit Tragegriffen<\/p>\n<p>Verriegelungstaste zur Arretierung der Heizbadtemperatur<\/p>\n<p>Verriegelungsmechanismus: roter Indikator zeigt entriegelte Position des Dampfrohrs an<\/p>\n<p>Kolbenklemmung mit integrierter Push-Off-Funktion zum einfachen Austausch von Verdampferkolben<\/p>\n<p>manueller Lift zur pr\u00e4zisen Positionierung der Glaswaren<\/p>\n<p>einstellbarer Eintauchwinkel<\/p>\n<p>Einh\u00e4ndige manuelle Bedienung des Lifts, geeignet f\u00fcr Links- und Rechtsh\u00e4nder.<\/p>\n<p>Drehzahlbereich: 5 &#8211; 300 min-1<\/p>\n<p>niedrige Ger\u00e4tespannung (24V) gew\u00e4hrleistet Sicherheit f\u00fcr den Anwender<\/p>\n<p>kompatibel mit dem gesamten Sortiment der IKA RV 10 Glasware.<\/p>\n<p>Lieferumfang<\/p>\n<p>RV 3 FLEX<\/p>\n<p>RV 10.4 Trockeneisk\u00fchler<\/p>\n<p>Technische Daten<\/p>\n<p>K\u00fchlerbauart Trockeneisk\u00fchler<\/p>\n<p>K\u00fchlfl\u00e4che 620 cm2<\/p>\n<p>Motorprinzip Gleichstrom<\/p>\n<p>Drehzahlbereich 20 &#8211; 300 rpm<\/p>\n<p>Drehzahltoleranz Solldrehzahl &lt;100rpm \u00b11 rpm Drehzahltoleranz Solldrehzahl &gt;100rpm \u00b11 %<\/p>\n<p>Lift manuell<\/p>\n<p>Hub 150 mm<\/p>\n<p>Heiztemperaturbereich Raumtemp. &#8211; 99 \u00b0C<\/p>\n<p>Abmessungen (B x H x T) 440 x 530 x 330 mm<\/p>\n<p>Gewicht 28.3 kg<\/p>\n<p>Zul\u00e4ssiger Umgebungstemperaturbereich 5 &#8211; 40 \u00b0C<\/p>\n<p>Zul\u00e4ssige Relative Feuchte 80 %<\/p>\n<p>Schutzart nach DIN EN 60529 IP 20<\/p>\n<p>Spannung 100 &#8211; 240 V<\/p>\n<p>Frequenz 50\/60 Hz<\/p>\n<p>Ger\u00e4teaufnahmeleistung 1400 W<\/p>\n<p><b>Zubeh\u00f6r- und Ersatzteile auf Anfrage<\/b><\/p>\n","protected":false},"excerpt":{"rendered":"<p>RV 3 mit Trockeneiskondensator Der Rotationsverdampfer RV 3 ist das manuelle Basismodell in der Familie der IKA Rotationsverdampfer. Er findet vielf\u00e4ltige Einsatzm\u00f6glichkeiten in der chemischen, pharmazeutischen und biotechnologischen Industrie, in Forschung und Entwicklung, in der Fertigung und Qualit\u00e4tssicherung, in Laboratorien und im Anlagenbau. Digitale Anzeigen f\u00fcr Drehzahl und Heizbadtemperatur erm\u00f6glichen eine optimale Steuerung aller Destillationsvorg\u00e4nge. [&hellip;]<\/p>\n","protected":false},"featured_media":5423,"template":"","meta":[],"product_brand":[357],"product_cat":[161,324],"product_tag":[],"class_list":{"0":"post-5401","1":"product","2":"type-product","3":"status-publish","4":"has-post-thumbnail","6":"product_brand-ika","7":"product_cat-rotationsverdampfer","8":"product_cat-ika","9":"product_shipping_class-standard","11":"first","12":"instock","13":"taxable","14":"shipping-taxable","15":"purchasable","16":"product-type-simple"},"tiered_pricing_type":"fixed","tiered_pricing_fixed_rules":[],"tiered_pricing_product_settings":{"layout":"default","base_unit_name":{"singular":null,"plural":null},"default_variation":null},"tiered_pricing_minimum_quantity":null,"tiered_pricing_roles_data":[],"tiered_pricing_percentage_rules":[],"_links":{"self":[{"href":"https:\/\/lt-laborhandel.de\/en\/wp-json\/wp\/v2\/product\/5401","targetHints":{"allow":["GET"]}}],"collection":[{"href":"https:\/\/lt-laborhandel.de\/en\/wp-json\/wp\/v2\/product"}],"about":[{"href":"https:\/\/lt-laborhandel.de\/en\/wp-json\/wp\/v2\/types\/product"}],"wp:featuredmedia":[{"embeddable":true,"href":"https:\/\/lt-laborhandel.de\/en\/wp-json\/wp\/v2\/media\/5423"}],"wp:attachment":[{"href":"https:\/\/lt-laborhandel.de\/en\/wp-json\/wp\/v2\/media?parent=5401"}],"wp:term":[{"taxonomy":"product_brand","embeddable":true,"href":"https:\/\/lt-laborhandel.de\/en\/wp-json\/wp\/v2\/product_brand?post=5401"},{"taxonomy":"product_cat","embeddable":true,"href":"https:\/\/lt-laborhandel.de\/en\/wp-json\/wp\/v2\/product_cat?post=5401"},{"taxonomy":"product_tag","embeddable":true,"href":"https:\/\/lt-laborhandel.de\/en\/wp-json\/wp\/v2\/product_tag?post=5401"}],"curies":[{"name":"wp","href":"https:\/\/api.w.org\/{rel}","templated":true}]}}