{"id":5399,"date":"2021-07-25T11:23:46","date_gmt":"2021-07-25T09:23:46","guid":{"rendered":"https:\/\/lt-laborhandel.de\/?post_type=product&#038;p=5399"},"modified":"2026-03-13T21:07:33","modified_gmt":"2026-03-13T20:07:33","slug":"ika-rotationsverdampfer-rv-3-v-c-0010003328","status":"publish","type":"product","link":"https:\/\/lt-laborhandel.de\/en\/produkt\/ika-rotationsverdampfer-rv-3-v-c-0010003328\/","title":{"rendered":"IKA Rotationsverdampfer RV 3 V-C, 0010003328"},"content":{"rendered":"<p>RV 3 V-C<\/p>\n<p>Der Rotationsverdampfer RV 3 ist das ideale Einstiegsmodell unter den IKA Rotationsverdampfern. Er ist vielseitig einsetzbar in der Chemie, Pharmazie und Bioindustrie, in den Gebieten der Forschung und Entwicklung, Produktion und Qualit\u00e4tssicherung, in Laboren und im Anlagenbau. Dank eigens entwickelter Glasf\u00fchrungen nutzt der transparent Beschichtete Vertikalk\u00fchler die K\u00fchloberfl\u00e4che von 1600 cm\u00b2 \u00e4u\u00dferst effizient aus.<\/p>\n<p>4 l Heizbad bis 99\u00b0C<\/p>\n<p>Wasser-Heizbad mit digitaler Temperaturanzeige und Tragegriffen<\/p>\n<p>mechanischer Endpunkteanschlag des Liftes<\/p>\n<p>Verriegelungsmechanismus: rote Anzeige f\u00fcr die entriegelte Position des Dampfdurchf\u00fchrungsrohrs<\/p>\n<p>manueller Lift zur pr\u00e4zisen Positionierung der Glasware<\/p>\n<p>einstellbarer Eintauchwinkel<\/p>\n<p>Einhandbedienung des manuellen Lifts f\u00fcr Rechts- und Linksh\u00e4nder geeignet<\/p>\n<p>stufenlose Drehzahleinstellung \u00fcber Drehknopf und Anzeigeskala<\/p>\n<p>Drehzahlbereich: 20-300rpm<\/p>\n<p>Sicherheit f\u00fcr den Anwender durch 24 V-Kleinspannung im Ger\u00e4t<\/p>\n<p>Kolbenbefestigung mit integrierter Abdr\u00fcckvorrichtung zum einfachen Austausch des Verdampferkolbens<\/p>\n<p>hocheffizienter K\u00fchler mit 1600 cm\u00b2 &#8211; geringer Platzbedarf<\/p>\n<p>kompatibel mit der gesamten IKA RV 10 Glasware<\/p>\n<p>Lieferumfang<\/p>\n<p>RV 3 eco drive<\/p>\n<p>HB eco S099<\/p>\n<p>RV 10.10 Glassatz vertikal beschichtet<\/p>\n<p>RV 10.88 Klemme NS 29<\/p>\n<p>RV 10.70 Dampfdurchf\u00fchrungsrohr (NS 29\/32)<\/p>\n<p>RV 10.8001 Dichtung<\/p>\n<p>Technische Daten<\/p>\n<p>K\u00fchlerbauart senkrecht<\/p>\n<p>K\u00fchlfl\u00e4che 1600 cm2<\/p>\n<p>Motorprinzip Gleichstrom<\/p>\n<p>Drehzahlbereich 20 &#8211; 300 rpm<\/p>\n<p>Drehzahltoleranz Solldrehzahl &lt;100rpm \u00b11 rpm Drehzahltoleranz Solldrehzahl &gt;100rpm \u00b11 %<\/p>\n<p>Lift manuell<\/p>\n<p>Hub 150 mm<\/p>\n<p>Heiztemperaturbereich Raumtemp. &#8211; 99 \u00b0C<\/p>\n<p>Abmessungen (B x H x T) 440 x 530 x 330 mm<\/p>\n<p>Gewicht 22.31 kg<\/p>\n<p>Zul\u00e4ssiger Umgebungstemperaturbereich 5 &#8211; 40 \u00b0C<\/p>\n<p>Zul\u00e4ssige Relative Feuchte 80 %<\/p>\n<p>Schutzart nach DIN EN 60529 IP 20<\/p>\n<p>Spannung 100 &#8211; 240 V<\/p>\n<p>Frequenz 50\/60 Hz<\/p>\n<p>Ger\u00e4teaufnahmeleistung 1400 W<\/p>\n<p><b>Zubeh\u00f6r- und Ersatzteile auf Anfrage<\/b><\/p>\n","protected":false},"excerpt":{"rendered":"<p>RV 3 V-C Der Rotationsverdampfer RV 3 ist das ideale Einstiegsmodell unter den IKA Rotationsverdampfern. Er ist vielseitig einsetzbar in der Chemie, Pharmazie und Bioindustrie, in den Gebieten der Forschung und Entwicklung, Produktion und Qualit\u00e4tssicherung, in Laboren und im Anlagenbau. Dank eigens entwickelter Glasf\u00fchrungen nutzt der transparent Beschichtete Vertikalk\u00fchler die K\u00fchloberfl\u00e4che von 1600 cm\u00b2 \u00e4u\u00dferst [&hellip;]<\/p>\n","protected":false},"featured_media":5419,"template":"","meta":[],"product_brand":[357],"product_cat":[161,324],"product_tag":[],"class_list":{"0":"post-5399","1":"product","2":"type-product","3":"status-publish","4":"has-post-thumbnail","6":"product_brand-ika","7":"product_cat-rotationsverdampfer","8":"product_cat-ika","9":"product_shipping_class-standard","11":"first","12":"instock","13":"taxable","14":"shipping-taxable","15":"purchasable","16":"product-type-simple"},"tiered_pricing_type":"fixed","tiered_pricing_fixed_rules":[],"tiered_pricing_product_settings":{"layout":"default","base_unit_name":{"singular":null,"plural":null},"default_variation":null},"tiered_pricing_minimum_quantity":null,"tiered_pricing_roles_data":[],"tiered_pricing_percentage_rules":[],"_links":{"self":[{"href":"https:\/\/lt-laborhandel.de\/en\/wp-json\/wp\/v2\/product\/5399","targetHints":{"allow":["GET"]}}],"collection":[{"href":"https:\/\/lt-laborhandel.de\/en\/wp-json\/wp\/v2\/product"}],"about":[{"href":"https:\/\/lt-laborhandel.de\/en\/wp-json\/wp\/v2\/types\/product"}],"wp:featuredmedia":[{"embeddable":true,"href":"https:\/\/lt-laborhandel.de\/en\/wp-json\/wp\/v2\/media\/5419"}],"wp:attachment":[{"href":"https:\/\/lt-laborhandel.de\/en\/wp-json\/wp\/v2\/media?parent=5399"}],"wp:term":[{"taxonomy":"product_brand","embeddable":true,"href":"https:\/\/lt-laborhandel.de\/en\/wp-json\/wp\/v2\/product_brand?post=5399"},{"taxonomy":"product_cat","embeddable":true,"href":"https:\/\/lt-laborhandel.de\/en\/wp-json\/wp\/v2\/product_cat?post=5399"},{"taxonomy":"product_tag","embeddable":true,"href":"https:\/\/lt-laborhandel.de\/en\/wp-json\/wp\/v2\/product_tag?post=5399"}],"curies":[{"name":"wp","href":"https:\/\/api.w.org\/{rel}","templated":true}]}}