{"id":5341,"date":"2021-07-22T17:41:16","date_gmt":"2021-07-22T15:41:16","guid":{"rendered":"https:\/\/lt-laborhandel.de\/?post_type=product&#038;p=5341"},"modified":"2026-01-14T07:51:38","modified_gmt":"2026-01-14T06:51:38","slug":"ika-ruehrwerk-elektronisch-ministar-20-control-0025001988","status":"publish","type":"product","link":"https:\/\/lt-laborhandel.de\/en\/produkt\/ika-ruehrwerk-elektronisch-ministar-20-control-0025001988\/","title":{"rendered":"IKA R\u00fchrwerk elektronisch, MINISTAR 20 control, 0025001988"},"content":{"rendered":"<p>MINISTAR 20 control<br \/>\nDie neue MINISTARS Serie von IKA: Entwickelt als Hightech-R\u00fchrwerk auf dem aktuellsten Stand der Technik in kompakter Bauweise zum Einsatz f\u00fcr Spezialanwendungen.<br \/>\nVerbindet Leistungsst\u00e4rke mit Perfektion im Detail auf kleinstem Raum mit lebenslanger Garantie. \u00dcberzeugen Sie sich:<\/p>\n<p>\u201eDer Schnelle\u201c in der Hightech-Miniklasse, perfekt f\u00fcr geringe Viskosit\u00e4ten!<br \/>\nhervorragend ablesbares, hochwertigstes Glasdisplay<br \/>\nVibrationserkennung mit automatischer Abschaltung bei Unwucht des R\u00fchrwerkzeuges<br \/>\nUSB-Schnittstelle, z. B. zur Dokumentation aller Parameter oder Firmware-Updates<br \/>\nBluetooth-Funktionalit\u00e4t, vereint die Anwendung mit einer App<br \/>\neinfaches Verbinden mit labworldsoft\u00ae<br \/>\nTemperaturmessung mit Anzeige im Display<br \/>\nViskosit\u00e4ten bis 10.000 mPas und Volumina bis 15 l<br \/>\nchemikalienbest\u00e4ndiges Geh\u00e4use<br \/>\nstufenlos einstellbare Drehzahl zwischen 0\/30 \u2013 2.000 min-1<br \/>\nmikroprozessgesteuerte Regelung f\u00fcr konstante Drehzahl, auch bei \u00c4nderungen der Viskosit\u00e4t<br \/>\nTastensperre (Keylock-Taste)<br \/>\nZeitschaltuhr<\/p>\n<p>Technische Daten<br \/>\nR\u00fchrmenge max. pro R\u00fchrstelle (H2O) 15 l<br \/>\nMotorleistung Aufnahme 60 W<br \/>\nMotorleistung Abgabe 46 W<br \/>\nMotorprinzip B\u00fcrstenlos Gleichstrom<br \/>\nDrehzahlanzeige LCD<br \/>\nDrehzahl min. 50 rpm<br \/>\nDrehzahl min. 0\/50 rpm<br \/>\nDrehzahl max. 2000 rpm<br \/>\nViskosit\u00e4t max. 10000 mPas<br \/>\nLeistung max. an der R\u00fchrwelle 42 W<br \/>\nZul\u00e4ssige Einschaltdauer 100 %<br \/>\nDrehmoment max. an der R\u00fchrwelle 20 Ncm<br \/>\nEinstellm\u00f6glichkeit Drehzahl Drehknopf<br \/>\nEinstellgenauigkeit Drehzahl \u00b11 rpm<br \/>\nAbweichung Drehzahlmessung n > 300rpm \u00b11 %<br \/>\nAbweichung Drehzahlmessung n < 300rpm \u00b13 rpm<br \/>\nR\u00fchrwerkzeugbesfestigung Spannfutter<br \/>\nAnschluss f\u00fcr ext. Temperaturmessf\u00fchler PT1000<br \/>\nTemperaturanzeige ja<br \/>\nSpannfutter-Spannbereich 0.5 &#8211; 8.2 mm<br \/>\nHohlwelle, Innendurchmesser 8.5 mm<br \/>\nHohlwelle (durchsteckbar &#8211; im Stillstand) ja<br \/>\nBefestigung am Stativ Ausleger<br \/>\nAuslegerdurchmesser 13 mm<br \/>\nAuslegerl\u00e4nge 160 mm<br \/>\nDrehmomentanzeige ja<br \/>\nDrehzahlregelung elektronisch<br \/>\nNenndrehmoment 0.2 Nm<br \/>\nDrehmomentmessung Trend<br \/>\nAbweichung Drehmomentmessung I \u00b13 Ncm<br \/>\nZeitschaltuhr ja<br \/>\nAnzeige Zeitschaltuhr LCD<br \/>\nZeiteinstellbereich 0 &#8211; 6000 min<br \/>\nMessbereich Temperatur -10 &#8211; 350 \u00b0C<br \/>\nAufl\u00f6sung Temperaturmessung 0.1 K<br \/>\nMessgenauigkeit Temperatur \u00b10.5 + Toleranz PT1000 (DIN EN 60751 Klasse A) K<br \/>\nGrenzabweichung Temperaturmessf\u00fchler \u2264 \u00b1 (0.15 + 0.002xITI) K<br \/>\nGeh\u00e4usewerkstoff Alu-Guss beschichtet \/ thermoplastischer Kunststoff<br \/>\nAbmessungen (B x H x T) 70 x 193 x 154 mm<br \/>\nGewicht 1.56 kg<br \/>\nZul\u00e4ssiger Umgebungstemperaturbereich 5 &#8211; 40 \u00b0C<br \/>\nZul\u00e4ssige Relative Feuchte 80 %<br \/>\nSchutzart nach DIN EN 60529 IP 54<br \/>\nUSB Schnittstelle ja<br \/>\nBluetooth Schnittstelle ja<br \/>\nSpannung 100 &#8211; 240 V<br \/>\nFrequenz 50\/60 Hz<br \/>\nGer\u00e4teaufnahmeleistung 69 W<br \/>\nGleichspannung 24 V=<br \/>\nStromaufnahme 2900 mA\n<\/p>\n<p><b>Zubeh\u00f6r- und Ersatzteile auf Anfrage<\/b><\/p>\n","protected":false},"excerpt":{"rendered":"<p>MINISTAR 20 control Die neue MINISTARS Serie von IKA: Entwickelt als Hightech-R\u00fchrwerk auf dem aktuellsten Stand der Technik in kompakter Bauweise zum Einsatz f\u00fcr Spezialanwendungen. Verbindet Leistungsst\u00e4rke mit Perfektion im Detail auf kleinstem Raum mit lebenslanger Garantie. \u00dcberzeugen Sie sich: \u201eDer Schnelle\u201c in der Hightech-Miniklasse, perfekt f\u00fcr geringe Viskosit\u00e4ten! hervorragend ablesbares, hochwertigstes Glasdisplay Vibrationserkennung mit [&hellip;]<\/p>\n","protected":false},"featured_media":5355,"template":"","meta":[],"product_brand":[],"product_cat":[109],"product_tag":[],"class_list":{"0":"post-5341","1":"product","2":"type-product","3":"status-publish","4":"has-post-thumbnail","6":"product_cat-mischerruehrer-und-schuettler","7":"product_shipping_class-standard","9":"first","10":"instock","11":"taxable","12":"shipping-taxable","13":"purchasable","14":"product-type-simple"},"tiered_pricing_type":"fixed","tiered_pricing_fixed_rules":[],"tiered_pricing_product_settings":{"layout":"default","base_unit_name":{"singular":null,"plural":null},"default_variation":null},"tiered_pricing_minimum_quantity":null,"tiered_pricing_roles_data":[],"tiered_pricing_percentage_rules":[],"_links":{"self":[{"href":"https:\/\/lt-laborhandel.de\/en\/wp-json\/wp\/v2\/product\/5341","targetHints":{"allow":["GET"]}}],"collection":[{"href":"https:\/\/lt-laborhandel.de\/en\/wp-json\/wp\/v2\/product"}],"about":[{"href":"https:\/\/lt-laborhandel.de\/en\/wp-json\/wp\/v2\/types\/product"}],"wp:featuredmedia":[{"embeddable":true,"href":"https:\/\/lt-laborhandel.de\/en\/wp-json\/wp\/v2\/media\/5355"}],"wp:attachment":[{"href":"https:\/\/lt-laborhandel.de\/en\/wp-json\/wp\/v2\/media?parent=5341"}],"wp:term":[{"taxonomy":"product_brand","embeddable":true,"href":"https:\/\/lt-laborhandel.de\/en\/wp-json\/wp\/v2\/product_brand?post=5341"},{"taxonomy":"product_cat","embeddable":true,"href":"https:\/\/lt-laborhandel.de\/en\/wp-json\/wp\/v2\/product_cat?post=5341"},{"taxonomy":"product_tag","embeddable":true,"href":"https:\/\/lt-laborhandel.de\/en\/wp-json\/wp\/v2\/product_tag?post=5341"}],"curies":[{"name":"wp","href":"https:\/\/api.w.org\/{rel}","templated":true}]}}