{"id":5338,"date":"2021-07-22T17:41:07","date_gmt":"2021-07-22T15:41:07","guid":{"rendered":"https:\/\/lt-laborhandel.de\/?post_type=product&#038;p=5338"},"modified":"2026-01-14T07:51:37","modified_gmt":"2026-01-14T06:51:37","slug":"ika-ruehrwerk-elektronisch-microstar-7-5-control-0025001984","status":"publish","type":"product","link":"https:\/\/lt-laborhandel.de\/en\/produkt\/ika-ruehrwerk-elektronisch-microstar-7-5-control-0025001984\/","title":{"rendered":"IKA R\u00fchrwerk elektronisch, MICROSTAR 7.5 control, 0025001984"},"content":{"rendered":"<p>MICROSTAR 7.5 control<br \/>\nDie neue MICROSTARS Serie von IKA: Entwickelt als Hightech-R\u00fchrwerk auf dem aktuellsten Stand der Technik in kompaktester Bauweise zum Einsatz f\u00fcr Spezialanwendungen.<br \/>\nVerbindet Leistungsst\u00e4rke mit Perfektion im Detail auf kleinstem Raum mit lebenslanger Garantie. \u00dcberzeugen Sie sich:<\/p>\n<p>\u201eDas Fliegengewicht\u201c in der kleinsten Hightech-Klasse mit wenig PS, aber daf\u00fcr sehr schnell!<br \/>\nhervorragend ablesbares, hochwertigstes Glasdisplay<br \/>\nVibrationserkennung mit automatischer Abschaltung bei Unwucht des R\u00fchrwerkzeuges<br \/>\nUSB-Schnittstelle, z. B. zur Dokumentation aller Parameter oder Firmware-Updates<br \/>\nBluetooth-Funktionalit\u00e4t, vereint die Anwendung mit einer App<br \/>\neinfaches Verbinden mit labworldsoft\u00ae<br \/>\nTemperaturmessung mit Anzeige im Display<br \/>\nViskosit\u00e4ten bis 4.000 mPas und Volumina bis 5 l<br \/>\nchemikalienbest\u00e4ndiges Geh\u00e4use<br \/>\nstufenlos einstellbare Drehzahl zwischen 0\/30 \u2013 2.000 min-1<br \/>\nmikroprozessgesteuerte Regelung f\u00fcr konstante Drehzahl, auch bei \u00c4nderungen der Viskosit\u00e4t<br \/>\nTastensperre (Keylock-Taste)<br \/>\nZeitschaltuhr<\/p>\n<p>Technische Daten<br \/>\nR\u00fchrmenge max. pro R\u00fchrstelle (H2O) 5 l<br \/>\nMotorleistung Aufnahme 32 W<br \/>\nMotorleistung Abgabe 22 W<br \/>\nMotorprinzip B\u00fcrstenlos Gleichstrom<br \/>\nDrehzahlanzeige LCD<br \/>\nDrehzahlbereich 0\/30 &#8211; 2000 rpm<br \/>\nViskosit\u00e4t max. 4000 mPas<br \/>\nLeistung max. an der R\u00fchrwelle 15.7 W<br \/>\nZul\u00e4ssige Einschaltdauer 100 %<br \/>\nDrehmoment max. an der R\u00fchrwelle 7.5 Ncm<br \/>\nEinstellm\u00f6glichkeit Drehzahl Drehknopf<br \/>\nEinstellgenauigkeit Drehzahl \u00b11 rpm<br \/>\nAbweichung Drehzahlmessung n > 300rpm \u00b11 %<br \/>\nAbweichung Drehzahlmessung n < 300rpm \u00b13 rpm<br \/>\nR\u00fchrwerkzeugbesfestigung Spannfutter<br \/>\nAnschluss f\u00fcr ext. Temperaturmessf\u00fchler PT1000<br \/>\nTemperaturanzeige ja<br \/>\nSpannfutter-Spannbereich 0.5 &#8211; 8.2 mm<br \/>\nHohlwelle, Innendurchmesser 8.5 mm<br \/>\nHohlwelle (durchsteckbar &#8211; im Stillstand) ja<br \/>\nBefestigung am Stativ Ausleger<br \/>\nAuslegerdurchmesser 13 mm<br \/>\nAuslegerl\u00e4nge 160 mm<br \/>\nDrehmomentanzeige ja<br \/>\nDrehzahlregelung elektronisch<br \/>\nNenndrehmoment 0.075 Nm<br \/>\nDrehmomentmessung Trend<br \/>\nAbweichung Drehmomentmessung I \u00b13 Ncm<br \/>\nZeitschaltuhr ja<br \/>\nAnzeige Zeitschaltuhr LCD<br \/>\nZeiteinstellbereich 0 &#8211; 6000 min<br \/>\nMessbereich Temperatur -10 &#8211; 350 \u00b0C<br \/>\nAufl\u00f6sung Temperaturmessung 0.1 K<br \/>\nMessgenauigkeit Temperatur \u00b10.5 + Toleranz PT1000 (DIN EN 60751 Klasse A) K<br \/>\nGrenzabweichung Temperaturmessf\u00fchler \u2264 \u00b1 (0.15 + 0.002xITI) K<br \/>\nGeh\u00e4usewerkstoff Alu-Guss beschichtet \/ thermoplastischer Kunststoff<br \/>\nAbmessungen (B x H x T) 60 x 173 x 136 mm<br \/>\nGewicht 1.18 kg<br \/>\nZul\u00e4ssiger Umgebungstemperaturbereich 5 &#8211; 40 \u00b0C<br \/>\nZul\u00e4ssige Relative Feuchte 80 %<br \/>\nSchutzart nach DIN EN 60529 IP 54<br \/>\nUSB Schnittstelle ja<br \/>\nBluetooth Schnittstelle ja<br \/>\nSpannung 100 &#8211; 240 V<br \/>\nFrequenz 50\/60 Hz<br \/>\nGer\u00e4teaufnahmeleistung 32 W<br \/>\nGleichspannung 24 V=<br \/>\nStromaufnahme 1300 mA<\/p>\n<p><b>Zubeh\u00f6r- und Ersatzteile auf Anfrage<\/b><\/p>\n","protected":false},"excerpt":{"rendered":"<p>MICROSTAR 7.5 control Die neue MICROSTARS Serie von IKA: Entwickelt als Hightech-R\u00fchrwerk auf dem aktuellsten Stand der Technik in kompaktester Bauweise zum Einsatz f\u00fcr Spezialanwendungen. Verbindet Leistungsst\u00e4rke mit Perfektion im Detail auf kleinstem Raum mit lebenslanger Garantie. \u00dcberzeugen Sie sich: \u201eDas Fliegengewicht\u201c in der kleinsten Hightech-Klasse mit wenig PS, aber daf\u00fcr sehr schnell! hervorragend ablesbares, [&hellip;]<\/p>\n","protected":false},"featured_media":5348,"template":"","meta":[],"product_brand":[],"product_cat":[109],"product_tag":[],"class_list":{"0":"post-5338","1":"product","2":"type-product","3":"status-publish","4":"has-post-thumbnail","6":"product_cat-mischerruehrer-und-schuettler","7":"product_shipping_class-standard","9":"first","10":"instock","11":"taxable","12":"shipping-taxable","13":"purchasable","14":"product-type-simple"},"tiered_pricing_type":"fixed","tiered_pricing_fixed_rules":[],"tiered_pricing_product_settings":{"layout":"default","base_unit_name":{"singular":null,"plural":null},"default_variation":null},"tiered_pricing_minimum_quantity":null,"tiered_pricing_roles_data":[],"tiered_pricing_percentage_rules":[],"_links":{"self":[{"href":"https:\/\/lt-laborhandel.de\/en\/wp-json\/wp\/v2\/product\/5338","targetHints":{"allow":["GET"]}}],"collection":[{"href":"https:\/\/lt-laborhandel.de\/en\/wp-json\/wp\/v2\/product"}],"about":[{"href":"https:\/\/lt-laborhandel.de\/en\/wp-json\/wp\/v2\/types\/product"}],"wp:featuredmedia":[{"embeddable":true,"href":"https:\/\/lt-laborhandel.de\/en\/wp-json\/wp\/v2\/media\/5348"}],"wp:attachment":[{"href":"https:\/\/lt-laborhandel.de\/en\/wp-json\/wp\/v2\/media?parent=5338"}],"wp:term":[{"taxonomy":"product_brand","embeddable":true,"href":"https:\/\/lt-laborhandel.de\/en\/wp-json\/wp\/v2\/product_brand?post=5338"},{"taxonomy":"product_cat","embeddable":true,"href":"https:\/\/lt-laborhandel.de\/en\/wp-json\/wp\/v2\/product_cat?post=5338"},{"taxonomy":"product_tag","embeddable":true,"href":"https:\/\/lt-laborhandel.de\/en\/wp-json\/wp\/v2\/product_tag?post=5338"}],"curies":[{"name":"wp","href":"https:\/\/api.w.org\/{rel}","templated":true}]}}