{"id":5323,"date":"2021-07-20T21:10:12","date_gmt":"2021-07-20T19:10:12","guid":{"rendered":"https:\/\/lt-laborhandel.de\/?post_type=product&#038;p=5323"},"modified":"2026-01-14T07:51:37","modified_gmt":"2026-01-14T06:51:37","slug":"ika-ruehrwerk-elektronisch-ministar-20-digital-0025004885","status":"publish","type":"product","link":"https:\/\/lt-laborhandel.de\/en\/produkt\/ika-ruehrwerk-elektronisch-ministar-20-digital-0025004885\/","title":{"rendered":"IKA R\u00fchrwerk elektronisch, MINISTAR 20 digital, 0025004885"},"content":{"rendered":"<p>MINISTAR 20 digital<br \/>\nDie platzsparenden Highperformer der Serie MICROSTAR und MINISTAR werden durch weitere Modelle erg\u00e4nzt. Auch die neuen R\u00fchrwerke konzentrieren sich auf perfekte Grundfunktionalit\u00e4ten, sind kompakt und einfach in der Handhabung.<\/p>\n<p>Kompaktes Design<br \/>\nDas reduzierte Design und die Konzentration aufs Wesentliche machen die neuen R\u00fchrer IKA MICROSTAR und MINISTAR zu verl\u00e4sslichen Laborbegleitern.<\/p>\n<p>Konstantes Drehmoment<br \/>\n\u00dcber den gesamten Drehzahlbereich garantieren die Modelle der Serie MICROSTAR und MINISTAR ein konstantes Drehmoment. Die neuen Ger\u00e4te gibt es in sechs verschiedenen Ausf\u00fchrungen mit Drehzahlen bis zu 2.000 rpm und einem Drehmoment von bis zu 80 Ncm.<\/p>\n<p>Einfache Bedienung<br \/>\nDie Bedienung erfolgt \u00fcber einen stabilen Drehknopf. Das Display zeigt gut lesbar die Drehzahl an.<\/p>\n<p>Schnelle Updates<br \/>\n\u00dcber die USB-Schnittstelle k\u00f6nnen regelm\u00e4\u00dfige Software-Updates schnell und einfach vorgenommen werden.<\/p>\n<p>Technische Daten<br \/>\nR\u00fchrmenge max. pro R\u00fchrstelle (H2O) 15 l<br \/>\nMotorleistung Aufnahme 60 W<br \/>\nMotorleistung Abgabe 46 W<br \/>\nMotorprinzip B\u00fcrstenlos Gleichstrom<br \/>\nDrehzahlanzeige LED<br \/>\nDrehzahlbereich 0\/50 &#8211; 2000 rpm<br \/>\nViskosit\u00e4t max. 10000 mPas<br \/>\nLeistung max. an der R\u00fchrwelle 42 W<br \/>\nZul\u00e4ssige Einschaltdauer 100 %<br \/>\nDrehmoment max. an der R\u00fchrwelle 20 Ncm<br \/>\nEinstellm\u00f6glichkeit Drehzahl Drehknopf<br \/>\nEinstellgenauigkeit Drehzahl \u00b11 rpm<br \/>\nAbweichung Drehzahlmessung n > 300rpm \u00b11 %<br \/>\nAbweichung Drehzahlmessung n < 300rpm \u00b13 rpm<br \/>\nR\u00fchrwerkzeugbesfestigung Spannfutter<br \/>\nSpannfutter-Spannbereich 0.5 &#8211; 8.2 mm<br \/>\nHohlwelle, Innendurchmesser 8.5 mm<br \/>\nHohlwelle (durchsteckbar &#8211; im Stillstand) ja<br \/>\nBefestigung am Stativ Ausleger<br \/>\nAuslegerdurchmesser 13 mm<br \/>\nAuslegerl\u00e4nge 160 mm<br \/>\nNenndrehmoment 0.2 Nm<br \/>\nAnzeige Zeitschaltuhr keine<br \/>\nGeh\u00e4usewerkstoff Alu-Guss beschichtet \/ thermoplastischer Kunststoff<br \/>\nAbmessungen (B x H x T) 70 x 193 x 147 mm<br \/>\nGewicht 1.56 kg<br \/>\nZul\u00e4ssiger Umgebungstemperaturbereich 5 &#8211; 40 \u00b0C<br \/>\nZul\u00e4ssige Relative Feuchte 80 %<br \/>\nSchutzart nach DIN EN 60529 IP 54<br \/>\nUSB Schnittstelle ja<br \/>\nSpannung 100 &#8211; 240 V<br \/>\nFrequenz 50\/60 Hz<br \/>\nGer\u00e4teaufnahmeleistung 69 W<br \/>\nGer\u00e4teaufnahmeleistung Standby 0.5 W<br \/>\nGleichspannung 24 V=<br \/>\nStromaufnahme 2900 mA\n<\/p>\n<p><b>Zubeh\u00f6r- und Ersatzteile auf Anfrage<\/b><\/p>\n","protected":false},"excerpt":{"rendered":"<p>MINISTAR 20 digital Die platzsparenden Highperformer der Serie MICROSTAR und MINISTAR werden durch weitere Modelle erg\u00e4nzt. Auch die neuen R\u00fchrwerke konzentrieren sich auf perfekte Grundfunktionalit\u00e4ten, sind kompakt und einfach in der Handhabung. Kompaktes Design Das reduzierte Design und die Konzentration aufs Wesentliche machen die neuen R\u00fchrer IKA MICROSTAR und MINISTAR zu verl\u00e4sslichen Laborbegleitern. Konstantes Drehmoment [&hellip;]<\/p>\n","protected":false},"featured_media":5328,"template":"","meta":[],"product_brand":[],"product_cat":[109],"product_tag":[],"class_list":{"0":"post-5323","1":"product","2":"type-product","3":"status-publish","4":"has-post-thumbnail","6":"product_cat-mischerruehrer-und-schuettler","7":"product_shipping_class-standard","9":"first","10":"instock","11":"taxable","12":"shipping-taxable","13":"purchasable","14":"product-type-simple"},"tiered_pricing_type":"fixed","tiered_pricing_fixed_rules":[],"tiered_pricing_product_settings":{"layout":"default","base_unit_name":{"singular":null,"plural":null},"default_variation":null},"tiered_pricing_minimum_quantity":null,"tiered_pricing_roles_data":[],"tiered_pricing_percentage_rules":[],"_links":{"self":[{"href":"https:\/\/lt-laborhandel.de\/en\/wp-json\/wp\/v2\/product\/5323","targetHints":{"allow":["GET"]}}],"collection":[{"href":"https:\/\/lt-laborhandel.de\/en\/wp-json\/wp\/v2\/product"}],"about":[{"href":"https:\/\/lt-laborhandel.de\/en\/wp-json\/wp\/v2\/types\/product"}],"wp:featuredmedia":[{"embeddable":true,"href":"https:\/\/lt-laborhandel.de\/en\/wp-json\/wp\/v2\/media\/5328"}],"wp:attachment":[{"href":"https:\/\/lt-laborhandel.de\/en\/wp-json\/wp\/v2\/media?parent=5323"}],"wp:term":[{"taxonomy":"product_brand","embeddable":true,"href":"https:\/\/lt-laborhandel.de\/en\/wp-json\/wp\/v2\/product_brand?post=5323"},{"taxonomy":"product_cat","embeddable":true,"href":"https:\/\/lt-laborhandel.de\/en\/wp-json\/wp\/v2\/product_cat?post=5323"},{"taxonomy":"product_tag","embeddable":true,"href":"https:\/\/lt-laborhandel.de\/en\/wp-json\/wp\/v2\/product_tag?post=5323"}],"curies":[{"name":"wp","href":"https:\/\/api.w.org\/{rel}","templated":true}]}}