{"id":5295,"date":"2021-07-19T19:09:19","date_gmt":"2021-07-19T17:09:19","guid":{"rendered":"https:\/\/lt-laborhandel.de\/?post_type=product&#038;p=5295"},"modified":"2026-01-14T07:51:36","modified_gmt":"2026-01-14T06:51:36","slug":"ika-magnetruehrer-ohne-heizung-c-mag-ms-7-0003582400","status":"publish","type":"product","link":"https:\/\/lt-laborhandel.de\/en\/produkt\/ika-magnetruehrer-ohne-heizung-c-mag-ms-7-0003582400\/","title":{"rendered":"IKA Magnetr\u00fchrer ohne Heizung, C-MAG MS 7, 0003582400"},"content":{"rendered":"<p>C-MAG MS 7<br \/>\nMagnetr\u00fchrer ohne Heizung. Aufstellfl\u00e4che aus Glaskeramik, diese zeichnet sich durch eine sehr gute chemische Best\u00e4ndigkeit aus<br \/>\nLeistungsstarker Motor f\u00fcr R\u00fchrmengen bis 10 l (H2O)<br \/>\nAbgesetzte Bedienfl\u00e4che zum Schutz vor auslaufenden Fl\u00fcssigkeiten<br \/>\nDrehzahlbereich: 100 &#8211; 1500 1\/min<\/p>\n<p>Technische Daten<br \/>\nR\u00fchrstellenanzahl 1<br \/>\nR\u00fchrmenge max. pro R\u00fchrstelle (H2O) 10 l<br \/>\nMaximale Beladung 15 kg<br \/>\nMotorleistung Abgabe 1.5 W<br \/>\nDrehrichtung Motor links<br \/>\nEinstellm\u00f6glichkeit Drehzahl Skala 0 &#8211; 6<br \/>\nDrehzahlbereich 100 &#8211; 1500 rpm<br \/>\nR\u00fchrst\u00e4bchenl\u00e4nge max. 80 mm<br \/>\nAufstellfl\u00e4che Werkstoff Keramik<br \/>\nAufstellfl\u00e4che Abmessungen 180 x 180 mm<br \/>\nAbmessungen (B x H x T) 220 x 105 x 335 mm<br \/>\nGewicht 5 kg<br \/>\nZul\u00e4ssiger Umgebungstemperaturbereich 5 &#8211; 40 \u00b0C<br \/>\nZul\u00e4ssige Relative Feuchte 80 %<br \/>\nSchutzart nach DIN EN 60529 IP 21<br \/>\nSpannung 230 V<br \/>\nFrequenz 50\/60 Hz<br \/>\nGer\u00e4teaufnahmeleistung 30 W<\/p>\n<p><b>Zubeh\u00f6r- und Ersatzteile auf Anfrage<\/b><\/p>\n","protected":false},"excerpt":{"rendered":"<p>C-MAG MS 7 Magnetr\u00fchrer ohne Heizung. Aufstellfl\u00e4che aus Glaskeramik, diese zeichnet sich durch eine sehr gute chemische Best\u00e4ndigkeit aus Leistungsstarker Motor f\u00fcr R\u00fchrmengen bis 10 l (H2O) Abgesetzte Bedienfl\u00e4che zum Schutz vor auslaufenden Fl\u00fcssigkeiten Drehzahlbereich: 100 &#8211; 1500 1\/min Technische Daten R\u00fchrstellenanzahl 1 R\u00fchrmenge max. pro R\u00fchrstelle (H2O) 10 l Maximale Beladung 15 kg Motorleistung [&hellip;]<\/p>\n","protected":false},"featured_media":5308,"template":"","meta":[],"product_brand":[],"product_cat":[109],"product_tag":[],"class_list":{"0":"post-5295","1":"product","2":"type-product","3":"status-publish","4":"has-post-thumbnail","6":"product_cat-mischerruehrer-und-schuettler","7":"product_shipping_class-standard","9":"first","10":"instock","11":"taxable","12":"shipping-taxable","13":"purchasable","14":"product-type-simple"},"tiered_pricing_type":"fixed","tiered_pricing_fixed_rules":[],"tiered_pricing_product_settings":{"layout":"default","base_unit_name":{"singular":null,"plural":null},"default_variation":null},"tiered_pricing_minimum_quantity":null,"tiered_pricing_roles_data":[],"tiered_pricing_percentage_rules":[],"_links":{"self":[{"href":"https:\/\/lt-laborhandel.de\/en\/wp-json\/wp\/v2\/product\/5295","targetHints":{"allow":["GET"]}}],"collection":[{"href":"https:\/\/lt-laborhandel.de\/en\/wp-json\/wp\/v2\/product"}],"about":[{"href":"https:\/\/lt-laborhandel.de\/en\/wp-json\/wp\/v2\/types\/product"}],"wp:featuredmedia":[{"embeddable":true,"href":"https:\/\/lt-laborhandel.de\/en\/wp-json\/wp\/v2\/media\/5308"}],"wp:attachment":[{"href":"https:\/\/lt-laborhandel.de\/en\/wp-json\/wp\/v2\/media?parent=5295"}],"wp:term":[{"taxonomy":"product_brand","embeddable":true,"href":"https:\/\/lt-laborhandel.de\/en\/wp-json\/wp\/v2\/product_brand?post=5295"},{"taxonomy":"product_cat","embeddable":true,"href":"https:\/\/lt-laborhandel.de\/en\/wp-json\/wp\/v2\/product_cat?post=5295"},{"taxonomy":"product_tag","embeddable":true,"href":"https:\/\/lt-laborhandel.de\/en\/wp-json\/wp\/v2\/product_tag?post=5295"}],"curies":[{"name":"wp","href":"https:\/\/api.w.org\/{rel}","templated":true}]}}