{"id":5293,"date":"2021-07-19T19:09:14","date_gmt":"2021-07-19T17:09:14","guid":{"rendered":"https:\/\/lt-laborhandel.de\/?post_type=product&#038;p=5293"},"modified":"2026-01-14T07:51:35","modified_gmt":"2026-01-14T06:51:35","slug":"ika-magnetruehrer-ohne-heizung-maxi-mr-1-digital-0025002978","status":"publish","type":"product","link":"https:\/\/lt-laborhandel.de\/en\/produkt\/ika-magnetruehrer-ohne-heizung-maxi-mr-1-digital-0025002978\/","title":{"rendered":"IKA Magnetr\u00fchrer ohne Heizung, Maxi MR 1 digital, 0025002978"},"content":{"rendered":"<p>Maxi MR 1 digital<br \/>\nLeistungsstarker Magnetr\u00fchrer ohne Heizfunktion.<br \/>\nR\u00fchrmenge (H2O) bis 150 Liter<br \/>\nFlaches, standfestes Edelstahlgeh\u00e4use<br \/>\nBlockierfester Motor<br \/>\nDrehzahl stufenlos einstellbar<br \/>\nDigitale LED-Drehzahlanzeige<br \/>\nZeitschaltuhr 0 bis 56 min mit Dauerschaltung<br \/>\nIntegrierte USB und RS 232- Schnittstelle<\/p>\n<p>Technische Daten<br \/>\nR\u00fchrstellenanzahl 1<br \/>\nR\u00fchrmenge max. pro R\u00fchrstelle (H2O) 150 l<br \/>\nMaximale Beladung 200 kg<br \/>\nMotorleistung Abgabe 35 W<br \/>\nDrehzahlbereich 0 &#8211; 600 rpm<br \/>\nR\u00fchrst\u00e4bchenl\u00e4nge max. 155 mm<br \/>\nEigenerw\u00e4rmung Aufstellfl\u00e4che durch max. R\u00fchren (RT:22\u00b0C\/Dauer:1h) +18 K<br \/>\nAufstellfl\u00e4che Werkstoff Edelstahl 1.4301<br \/>\nAufstellfl\u00e4che Abmessungen 500 x 500 mm<br \/>\nZeitschaltuhr ja<br \/>\nAbmessungen (B x H x T) 505 x 110 x 585 mm<br \/>\nGewicht 21.36 kg<br \/>\nZul\u00e4ssiger Umgebungstemperaturbereich 5 &#8211; 40 \u00b0C<br \/>\nZul\u00e4ssige Relative Feuchte 80 %<br \/>\nSchutzart nach DIN EN 60529 IP 21<br \/>\nRS 232 Schnittstelle ja<br \/>\nUSB Schnittstelle ja<br \/>\nSpannung 230 V<br \/>\nFrequenz 50\/60 Hz<br \/>\nGer\u00e4teaufnahmeleistung 80 W<br \/>\nSicherung 2x T4A 250V<\/p>\n<p><b>Zubeh\u00f6r- und Ersatzteile auf Anfrage<\/b><\/p>\n","protected":false},"excerpt":{"rendered":"<p>Maxi MR 1 digital Leistungsstarker Magnetr\u00fchrer ohne Heizfunktion. R\u00fchrmenge (H2O) bis 150 Liter Flaches, standfestes Edelstahlgeh\u00e4use Blockierfester Motor Drehzahl stufenlos einstellbar Digitale LED-Drehzahlanzeige Zeitschaltuhr 0 bis 56 min mit Dauerschaltung Integrierte USB und RS 232- Schnittstelle Technische Daten R\u00fchrstellenanzahl 1 R\u00fchrmenge max. pro R\u00fchrstelle (H2O) 150 l Maximale Beladung 200 kg Motorleistung Abgabe 35 W [&hellip;]<\/p>\n","protected":false},"featured_media":5303,"template":"","meta":[],"product_brand":[],"product_cat":[109],"product_tag":[],"class_list":{"0":"post-5293","1":"product","2":"type-product","3":"status-publish","4":"has-post-thumbnail","6":"product_cat-mischerruehrer-und-schuettler","7":"product_shipping_class-standard","9":"first","10":"instock","11":"taxable","12":"shipping-taxable","13":"purchasable","14":"product-type-simple"},"tiered_pricing_type":"fixed","tiered_pricing_fixed_rules":[],"tiered_pricing_product_settings":{"layout":"default","base_unit_name":{"singular":null,"plural":null},"default_variation":null},"tiered_pricing_minimum_quantity":null,"tiered_pricing_roles_data":[],"tiered_pricing_percentage_rules":[],"_links":{"self":[{"href":"https:\/\/lt-laborhandel.de\/en\/wp-json\/wp\/v2\/product\/5293","targetHints":{"allow":["GET"]}}],"collection":[{"href":"https:\/\/lt-laborhandel.de\/en\/wp-json\/wp\/v2\/product"}],"about":[{"href":"https:\/\/lt-laborhandel.de\/en\/wp-json\/wp\/v2\/types\/product"}],"wp:featuredmedia":[{"embeddable":true,"href":"https:\/\/lt-laborhandel.de\/en\/wp-json\/wp\/v2\/media\/5303"}],"wp:attachment":[{"href":"https:\/\/lt-laborhandel.de\/en\/wp-json\/wp\/v2\/media?parent=5293"}],"wp:term":[{"taxonomy":"product_brand","embeddable":true,"href":"https:\/\/lt-laborhandel.de\/en\/wp-json\/wp\/v2\/product_brand?post=5293"},{"taxonomy":"product_cat","embeddable":true,"href":"https:\/\/lt-laborhandel.de\/en\/wp-json\/wp\/v2\/product_cat?post=5293"},{"taxonomy":"product_tag","embeddable":true,"href":"https:\/\/lt-laborhandel.de\/en\/wp-json\/wp\/v2\/product_tag?post=5293"}],"curies":[{"name":"wp","href":"https:\/\/api.w.org\/{rel}","templated":true}]}}