{"id":5292,"date":"2021-07-19T19:09:12","date_gmt":"2021-07-19T17:09:12","guid":{"rendered":"https:\/\/lt-laborhandel.de\/?post_type=product&#038;p=5292"},"modified":"2026-01-14T07:51:35","modified_gmt":"2026-01-14T06:51:35","slug":"ika-magnetruehrer-ohne-heizung-midi-mr-1-digital-0025002968","status":"publish","type":"product","link":"https:\/\/lt-laborhandel.de\/en\/produkt\/ika-magnetruehrer-ohne-heizung-midi-mr-1-digital-0025002968\/","title":{"rendered":"IKA Magnetr\u00fchrer ohne Heizung, Midi MR 1 digital, 0025002968"},"content":{"rendered":"<p>Midi MR 1 digital<br \/>\nLeistungsstarker Magnetr\u00fchrer ohne Heizfunktion.<br \/>\nR\u00fchrmenge (H2O) bis 50 Liter<br \/>\nFlaches, standfestes Edelstahlgeh\u00e4use<br \/>\nBlockierfester Motor<br \/>\nDrehzahl stufenlos einstellbar<br \/>\nDigitale LED-Drehzahlanzeige<br \/>\nZeitschaltuhr 0 &#8211; 56 min mit Dauerschaltung<br \/>\nIntegrierte USB und RS 232-Schnittstelle<\/p>\n<p>Technische Daten<br \/>\nR\u00fchrstellenanzahl 1<br \/>\nR\u00fchrmenge max. pro R\u00fchrstelle (H2O) 50 l<br \/>\nMaximale Beladung 75 kg<br \/>\nMotorleistung Abgabe 19 W<br \/>\nDrehzahlbereich 0 &#8211; 1000 rpm<br \/>\nR\u00fchrst\u00e4bchenl\u00e4nge max. 80 mm<br \/>\nEigenerw\u00e4rmung Aufstellfl\u00e4che durch max. R\u00fchren (RT:22\u00b0C\/Dauer:1h) +28 K<br \/>\nAufstellfl\u00e4che Werkstoff Edelstahl 1.4301<br \/>\nAufstellfl\u00e4che Abmessungen 350 x 350 mm<br \/>\nAbmessungen (B x H x T) 360 x 110 x 430 mm<br \/>\nGewicht 10.7 kg<br \/>\nZul\u00e4ssiger Umgebungstemperaturbereich 5 &#8211; 40 \u00b0C<br \/>\nZul\u00e4ssige Relative Feuchte 80 %<br \/>\nSchutzart nach DIN EN 60529 IP 21<br \/>\nRS 232 Schnittstelle ja<br \/>\nUSB Schnittstelle ja<br \/>\nSpannung 230 V<br \/>\nFrequenz 50\/60 Hz<br \/>\nGer\u00e4teaufnahmeleistung 80 W<br \/>\nSicherung 2x T4A 250V<\/p>\n<p><b>Zubeh\u00f6r- und Ersatzteile auf Anfrage<\/b><\/p>\n","protected":false},"excerpt":{"rendered":"<p>Midi MR 1 digital Leistungsstarker Magnetr\u00fchrer ohne Heizfunktion. R\u00fchrmenge (H2O) bis 50 Liter Flaches, standfestes Edelstahlgeh\u00e4use Blockierfester Motor Drehzahl stufenlos einstellbar Digitale LED-Drehzahlanzeige Zeitschaltuhr 0 &#8211; 56 min mit Dauerschaltung Integrierte USB und RS 232-Schnittstelle Technische Daten R\u00fchrstellenanzahl 1 R\u00fchrmenge max. pro R\u00fchrstelle (H2O) 50 l Maximale Beladung 75 kg Motorleistung Abgabe 19 W Drehzahlbereich [&hellip;]<\/p>\n","protected":false},"featured_media":5301,"template":"","meta":[],"product_brand":[],"product_cat":[109],"product_tag":[],"class_list":{"0":"post-5292","1":"product","2":"type-product","3":"status-publish","4":"has-post-thumbnail","6":"product_cat-mischerruehrer-und-schuettler","7":"product_shipping_class-standard","9":"first","10":"instock","11":"taxable","12":"shipping-taxable","13":"purchasable","14":"product-type-simple"},"tiered_pricing_type":"fixed","tiered_pricing_fixed_rules":[],"tiered_pricing_product_settings":{"layout":"default","base_unit_name":{"singular":null,"plural":null},"default_variation":null},"tiered_pricing_minimum_quantity":null,"tiered_pricing_roles_data":[],"tiered_pricing_percentage_rules":[],"_links":{"self":[{"href":"https:\/\/lt-laborhandel.de\/en\/wp-json\/wp\/v2\/product\/5292","targetHints":{"allow":["GET"]}}],"collection":[{"href":"https:\/\/lt-laborhandel.de\/en\/wp-json\/wp\/v2\/product"}],"about":[{"href":"https:\/\/lt-laborhandel.de\/en\/wp-json\/wp\/v2\/types\/product"}],"wp:featuredmedia":[{"embeddable":true,"href":"https:\/\/lt-laborhandel.de\/en\/wp-json\/wp\/v2\/media\/5301"}],"wp:attachment":[{"href":"https:\/\/lt-laborhandel.de\/en\/wp-json\/wp\/v2\/media?parent=5292"}],"wp:term":[{"taxonomy":"product_brand","embeddable":true,"href":"https:\/\/lt-laborhandel.de\/en\/wp-json\/wp\/v2\/product_brand?post=5292"},{"taxonomy":"product_cat","embeddable":true,"href":"https:\/\/lt-laborhandel.de\/en\/wp-json\/wp\/v2\/product_cat?post=5292"},{"taxonomy":"product_tag","embeddable":true,"href":"https:\/\/lt-laborhandel.de\/en\/wp-json\/wp\/v2\/product_tag?post=5292"}],"curies":[{"name":"wp","href":"https:\/\/api.w.org\/{rel}","templated":true}]}}