{"id":5291,"date":"2021-07-19T19:09:09","date_gmt":"2021-07-19T17:09:09","guid":{"rendered":"https:\/\/lt-laborhandel.de\/?post_type=product&#038;p=5291"},"modified":"2026-03-15T12:30:40","modified_gmt":"2026-03-15T11:30:40","slug":"ika-magnetruehrer-ohne-heizung-kmo-3-basic-0020004631","status":"publish","type":"product","link":"https:\/\/lt-laborhandel.de\/en\/produkt\/ika-magnetruehrer-ohne-heizung-kmo-3-basic-0020004631\/","title":{"rendered":"IKA Magnetr\u00fchrer ohne Heizung, KMO 3 basic, 0020004631"},"content":{"rendered":"<p>KMO 3 basic<br \/>\nDer mit dem Design Award pr\u00e4mierte KMO 3 basic ist ein kleiner, leistungsstarker Magnetr\u00fchrer ohne Heizfunktion. Er verf\u00fcgt \u00fcber:<br \/>\nein einzigartiges Design mit Glasoberfl\u00e4che<br \/>\nbrilliantes, wei\u00dfes Display<br \/>\nbeleuchtbare, flache Aufstellfl\u00e4che<br \/>\nVerriegelungstaste<br \/>\nrechts-links-Lauf<br \/>\nintegrierte USB Schnittstelle (zur Steuerung mittels labworldsoft und Nutzung des Firmware Update Tools)<br \/>\nversenktes Gewinde f\u00fcr Stativstange<br \/>\nSchutzklasse IP 42<\/p>\n<p>Technische Daten<br \/>\nR\u00fchrstellenanzahl 1<br \/>\nR\u00fchrmenge max. pro R\u00fchrstelle (H2O) 5 l<br \/>\nMaximale Beladung 10 kg<br \/>\nMotorleistung Abgabe 9 W<br \/>\nDrehrichtung Motor rechts \/ links<br \/>\nDrehzahlanzeige Soll-Wert LED<br \/>\nEinstellm\u00f6glichkeit Drehzahl Tipptaste<br \/>\nDrehzahlbereich 10 &#8211; 1500 rpm<br \/>\nEinstellgenauigkeit Drehzahl 10 rpm<br \/>\nR\u00fchrst\u00e4bchenl\u00e4nge 20 &#8211; 80 mm<br \/>\nEigenerw\u00e4rmung Aufstellfl\u00e4che durch max. R\u00fchren (RT:22\u00b0C\/Dauer:1h) +2 K<br \/>\nAufstellfl\u00e4che Werkstoff Glas<br \/>\nAufstellfl\u00e4che Abmessungen 140 x 120 mm<br \/>\nAutomatische Drehrichtungsumkehr ja<br \/>\nAufstellfl\u00e4che beleuchtet ja<br \/>\nBeleuchtungsst\u00e4rke max. 15000 lx<br \/>\nDrehzahl Abweichung (keine Last, Nennspannung, bei 1500rpm + 25 \u00b0C) \u00b12 %<br \/>\nAbmessungen (B x H x T) 153 x 62.5 x 227 mm<br \/>\nGewicht 1.471 kg<br \/>\nZul\u00e4ssiger Umgebungstemperaturbereich 5 &#8211; 40 \u00b0C<br \/>\nZul\u00e4ssige Relative Feuchte 80 %<br \/>\nSchutzart nach DIN EN 60529 IP 42<br \/>\nUSB Schnittstelle ja<br \/>\nSpannung 100 &#8211; 240 V<br \/>\nFrequenz 50\/60 Hz<br \/>\nGer\u00e4teaufnahmeleistung 13 W<br \/>\nGer\u00e4teaufnahmeleistung Standby 0.8 W<br \/>\nGleichspannung 24 V=<br \/>\nStromaufnahme 500 mA<\/p>\n<p><b>Zubeh\u00f6r- und Ersatzteile auf Anfrage<\/b><\/p>\n","protected":false},"excerpt":{"rendered":"<p>KMO 3 basic Der mit dem Design Award pr\u00e4mierte KMO 3 basic ist ein kleiner, leistungsstarker Magnetr\u00fchrer ohne Heizfunktion. Er verf\u00fcgt \u00fcber: ein einzigartiges Design mit Glasoberfl\u00e4che brilliantes, wei\u00dfes Display beleuchtbare, flache Aufstellfl\u00e4che Verriegelungstaste rechts-links-Lauf integrierte USB Schnittstelle (zur Steuerung mittels labworldsoft und Nutzung des Firmware Update Tools) versenktes Gewinde f\u00fcr Stativstange Schutzklasse IP 42 [&hellip;]<\/p>\n","protected":false},"featured_media":5299,"template":"","meta":[],"product_brand":[],"product_cat":[109,324],"product_tag":[],"class_list":{"0":"post-5291","1":"product","2":"type-product","3":"status-publish","4":"has-post-thumbnail","6":"product_cat-mischerruehrer-und-schuettler","7":"product_cat-ika","8":"product_shipping_class-standard","10":"first","11":"instock","12":"taxable","13":"shipping-taxable","14":"purchasable","15":"product-type-simple"},"tiered_pricing_type":"fixed","tiered_pricing_fixed_rules":[],"tiered_pricing_product_settings":{"layout":"default","base_unit_name":{"singular":null,"plural":null},"default_variation":null},"tiered_pricing_minimum_quantity":null,"tiered_pricing_roles_data":[],"tiered_pricing_percentage_rules":[],"_links":{"self":[{"href":"https:\/\/lt-laborhandel.de\/en\/wp-json\/wp\/v2\/product\/5291","targetHints":{"allow":["GET"]}}],"collection":[{"href":"https:\/\/lt-laborhandel.de\/en\/wp-json\/wp\/v2\/product"}],"about":[{"href":"https:\/\/lt-laborhandel.de\/en\/wp-json\/wp\/v2\/types\/product"}],"wp:featuredmedia":[{"embeddable":true,"href":"https:\/\/lt-laborhandel.de\/en\/wp-json\/wp\/v2\/media\/5299"}],"wp:attachment":[{"href":"https:\/\/lt-laborhandel.de\/en\/wp-json\/wp\/v2\/media?parent=5291"}],"wp:term":[{"taxonomy":"product_brand","embeddable":true,"href":"https:\/\/lt-laborhandel.de\/en\/wp-json\/wp\/v2\/product_brand?post=5291"},{"taxonomy":"product_cat","embeddable":true,"href":"https:\/\/lt-laborhandel.de\/en\/wp-json\/wp\/v2\/product_cat?post=5291"},{"taxonomy":"product_tag","embeddable":true,"href":"https:\/\/lt-laborhandel.de\/en\/wp-json\/wp\/v2\/product_tag?post=5291"}],"curies":[{"name":"wp","href":"https:\/\/api.w.org\/{rel}","templated":true}]}}