{"id":5288,"date":"2021-07-19T19:04:25","date_gmt":"2021-07-19T17:04:25","guid":{"rendered":"https:\/\/lt-laborhandel.de\/?post_type=product&#038;p=5288"},"modified":"2026-01-14T07:51:35","modified_gmt":"2026-01-14T06:51:35","slug":"ika-magnetruehrer-ohne-heizung-lab-disc-white-0003907500","status":"publish","type":"product","link":"https:\/\/lt-laborhandel.de\/en\/produkt\/ika-magnetruehrer-ohne-heizung-lab-disc-white-0003907500\/","title":{"rendered":"IKA Magnetr\u00fchrer ohne Heizung, lab disc white, 0003907500"},"content":{"rendered":"<p>lab disc white<br \/>\nUltraflacher Kleinmagnetr\u00fchrer garantiert durch seine moderne Magnetspulentechnik verschlei\u00dffreien Antrieb ganz ohne bewegliche Teile. Der lab disc kann die Drehrichtung alle 30 Sek.automatisch wechseln und damit eine bessere Durchmischung des Mediums erzielen.<br \/>\nHoher IP Schutz (IP 65)<br \/>\nAufstellfl\u00e4che und Geh\u00e4use aus chemisch widerstandsf\u00e4higen Werkstoffen<br \/>\nRutschfester, sicherer Stand<br \/>\nR\u00fchrmenge max. (H2O): 800 ml<br \/>\nDrehzahlbereich: 15 &#8211; 1500 1\/min<\/p>\n<p>Technische Daten<br \/>\nR\u00fchrstellenanzahl 1<br \/>\nR\u00fchrmenge max. pro R\u00fchrstelle (H2O) 0.8 l<br \/>\nMaximale Beladung 1.5 kg<br \/>\nMotorleistung Abgabe 3 W<br \/>\nDrehzahlbereich 15 &#8211; 1500 rpm<br \/>\nR\u00fchrst\u00e4bchenl\u00e4nge max. 25 mm<br \/>\nAufstellfl\u00e4che Werkstoff Polyesterfolie<br \/>\nAufstellfl\u00e4che Abmessungen \u00d8 100 mm<br \/>\nAbmessungen (B x H x T) 116 x 12 x 175 mm<br \/>\nGewicht 0.599 kg<br \/>\nZul\u00e4ssiger Umgebungstemperaturbereich 5 &#8211; 40 \u00b0C<br \/>\nZul\u00e4ssige Relative Feuchte 80 %<br \/>\nSchutzart nach DIN EN 60529 IP 65<br \/>\nSpannung 100 &#8211; 240 V<br \/>\nFrequenz 50\/60 Hz<br \/>\nGer\u00e4teaufnahmeleistung 5 W<\/p>\n<p><b>Zubeh\u00f6r- und Ersatzteile auf Anfrage<\/b><\/p>\n","protected":false},"excerpt":{"rendered":"<p>lab disc white Ultraflacher Kleinmagnetr\u00fchrer garantiert durch seine moderne Magnetspulentechnik verschlei\u00dffreien Antrieb ganz ohne bewegliche Teile. Der lab disc kann die Drehrichtung alle 30 Sek.automatisch wechseln und damit eine bessere Durchmischung des Mediums erzielen. Hoher IP Schutz (IP 65) Aufstellfl\u00e4che und Geh\u00e4use aus chemisch widerstandsf\u00e4higen Werkstoffen Rutschfester, sicherer Stand R\u00fchrmenge max. (H2O): 800 ml Drehzahlbereich: [&hellip;]<\/p>\n","protected":false},"featured_media":5289,"template":"","meta":[],"product_brand":[],"product_cat":[109],"product_tag":[],"class_list":{"0":"post-5288","1":"product","2":"type-product","3":"status-publish","4":"has-post-thumbnail","6":"product_cat-mischerruehrer-und-schuettler","7":"product_shipping_class-standard","9":"first","10":"instock","11":"taxable","12":"shipping-taxable","13":"purchasable","14":"product-type-simple"},"tiered_pricing_type":"fixed","tiered_pricing_fixed_rules":[],"tiered_pricing_product_settings":{"layout":"default","base_unit_name":{"singular":null,"plural":null},"default_variation":null},"tiered_pricing_minimum_quantity":null,"tiered_pricing_roles_data":[],"tiered_pricing_percentage_rules":[],"_links":{"self":[{"href":"https:\/\/lt-laborhandel.de\/en\/wp-json\/wp\/v2\/product\/5288","targetHints":{"allow":["GET"]}}],"collection":[{"href":"https:\/\/lt-laborhandel.de\/en\/wp-json\/wp\/v2\/product"}],"about":[{"href":"https:\/\/lt-laborhandel.de\/en\/wp-json\/wp\/v2\/types\/product"}],"wp:featuredmedia":[{"embeddable":true,"href":"https:\/\/lt-laborhandel.de\/en\/wp-json\/wp\/v2\/media\/5289"}],"wp:attachment":[{"href":"https:\/\/lt-laborhandel.de\/en\/wp-json\/wp\/v2\/media?parent=5288"}],"wp:term":[{"taxonomy":"product_brand","embeddable":true,"href":"https:\/\/lt-laborhandel.de\/en\/wp-json\/wp\/v2\/product_brand?post=5288"},{"taxonomy":"product_cat","embeddable":true,"href":"https:\/\/lt-laborhandel.de\/en\/wp-json\/wp\/v2\/product_cat?post=5288"},{"taxonomy":"product_tag","embeddable":true,"href":"https:\/\/lt-laborhandel.de\/en\/wp-json\/wp\/v2\/product_tag?post=5288"}],"curies":[{"name":"wp","href":"https:\/\/api.w.org\/{rel}","templated":true}]}}