{"id":5271,"date":"2021-07-18T18:05:07","date_gmt":"2021-07-18T16:05:07","guid":{"rendered":"https:\/\/lt-laborhandel.de\/?post_type=product&#038;p=5271"},"modified":"2026-01-09T21:19:16","modified_gmt":"2026-01-09T20:19:16","slug":"ika-vacstar-digital-vakuumpumpe-0020016236","status":"publish","type":"product","link":"https:\/\/lt-laborhandel.de\/en\/produkt\/ika-vacstar-digital-vakuumpumpe-0020016236\/","title":{"rendered":"IKA VACSTAR digital Vakuumpumpe, 0020016236"},"content":{"rendered":"<p>VACSTAR digital<\/p>\n<p>Die 4-Kammer Membran Vakuumpumpe \u00fcberzeugt durch eine hohe Saugleistung, geringen Platzbedarf und hohe Servicefreundlichkeit. Die Parametereinstellung erfolgt mittels Dreh-Dr\u00fcckknopf \u00fcber ein digitales Drehzahl Display.<\/p>\n<p>Automatische Prozesse k\u00f6nnen mit dem als Zubeh\u00f6r erh\u00e4ltlichen Vakuumcontroller VC 10 gesteuert werden. Ein f\u00fcr die Verbindung erforderliches Analogkabel ist im Lieferumfang der Vakuumpumpe enthalten. Zus\u00e4tzlich empfohlen ist die Verwendung des VSE 1 Vakuum Sicherheitsemmissionskondensators, der verhindert, dass L\u00f6sungsmittel an die Raumluft abgegeben wird.<\/p>\n<p>Die Vacstar digital wird f\u00fcr trockene und \u00f6lfreie Anwendungen im Laboralltag eingesetzt. Ihre Membranen sind besonders chemieresistent.<\/p>\n<p>Lieferumfang<\/p>\n<p>Vacuum hose (1 m)<\/p>\n<p>Silencer<\/p>\n<p>USB A-B Kabel<\/p>\n<p>connecting cable<\/p>\n<p>Technische Daten<\/p>\n<p>F\u00f6rderleistung max. (50\/60Hz)\t1.32 m\u00b3\/h<\/p>\n<p>F\u00f6rderleistung max. (50\/60Hz)\t22 l\/min<\/p>\n<p>Enddruck ohne Gasballast\t2 mbar<\/p>\n<p>Saugstufen\t4<\/p>\n<p>Zylinder\t4<\/p>\n<p>Anschlussdurchmesser Saugseite\t8 mm<\/p>\n<p>Anschlussdurchmesser Druckseite\t8 mm<\/p>\n<p>Eingangsdruck\t2 &#8211; 1030 mbar<\/p>\n<p>Zweipunktregelung\tja<\/p>\n<p>Analog-Drehzahl-Vakuum-Regelung\tja<\/p>\n<p>Einstellm\u00f6glichkeit Drehzahl\tDrehknopf<\/p>\n<p>Drehzahlbereich\t285 &#8211; 1200 rpm<\/p>\n<p>Anzeige\tLED<\/p>\n<p>Lautst\u00e4rke bei min. Druck\t54 dB(A)<\/p>\n<p>Produktber\u00fchrendes Material\tAl2O3; PTFE; FFPM; PPS; NBR<\/p>\n<p>Geh\u00e4usewerkstoff\tAlu-Guss beschichtet \/ thermoplastischer Kunststoff<\/p>\n<p>Abmessungen (B x H x T)\t150 x 375 x 370 mm<\/p>\n<p>Gewicht\t11.5 kg<\/p>\n<p>Zul\u00e4ssiger Umgebungstemperaturbereich\t5 &#8211; 40 \u00b0C<\/p>\n<p>Zul\u00e4ssige Relative Feuchte\t80% (bis 31\u00b0C), linear abnehmend bis max. 50% (@40\u00b0C)<\/p>\n<p>Schutzart nach DIN EN 60529\tIP 20<\/p>\n<p>RS 232 Schnittstelle\tja<\/p>\n<p>USB Schnittstelle\tja<\/p>\n<p>Spannung\t100 &#8211; 240 V<\/p>\n<p>Frequenz\t50\/60 Hz<\/p>\n<p>Ger\u00e4teaufnahmeleistung\t130 W<\/p>\n<p>Ger\u00e4teaufnahmeleistung Standby\t3 W<\/p>\n<p><b>Zubeh\u00f6r- und Ersatzteile auf Anfrage<\/b><\/p>\n","protected":false},"excerpt":{"rendered":"<p>VACSTAR digital Die 4-Kammer Membran Vakuumpumpe \u00fcberzeugt durch eine hohe Saugleistung, geringen Platzbedarf und hohe Servicefreundlichkeit. Die Parametereinstellung erfolgt mittels Dreh-Dr\u00fcckknopf \u00fcber ein digitales Drehzahl Display. Automatische Prozesse k\u00f6nnen mit dem als Zubeh\u00f6r erh\u00e4ltlichen Vakuumcontroller VC 10 gesteuert werden. Ein f\u00fcr die Verbindung erforderliches Analogkabel ist im Lieferumfang der Vakuumpumpe enthalten. Zus\u00e4tzlich empfohlen ist die [&hellip;]<\/p>\n","protected":false},"featured_media":5273,"template":"","meta":[],"product_brand":[],"product_cat":[158],"product_tag":[],"class_list":{"0":"post-5271","1":"product","2":"type-product","3":"status-publish","4":"has-post-thumbnail","6":"product_cat-vakuumpumpen","7":"product_shipping_class-standard","9":"first","10":"instock","11":"taxable","12":"shipping-taxable","13":"purchasable","14":"product-type-simple"},"tiered_pricing_type":"fixed","tiered_pricing_fixed_rules":[],"tiered_pricing_product_settings":{"layout":"default","base_unit_name":{"singular":null,"plural":null},"default_variation":null},"tiered_pricing_minimum_quantity":null,"tiered_pricing_roles_data":[],"tiered_pricing_percentage_rules":[],"_links":{"self":[{"href":"https:\/\/lt-laborhandel.de\/en\/wp-json\/wp\/v2\/product\/5271","targetHints":{"allow":["GET"]}}],"collection":[{"href":"https:\/\/lt-laborhandel.de\/en\/wp-json\/wp\/v2\/product"}],"about":[{"href":"https:\/\/lt-laborhandel.de\/en\/wp-json\/wp\/v2\/types\/product"}],"wp:featuredmedia":[{"embeddable":true,"href":"https:\/\/lt-laborhandel.de\/en\/wp-json\/wp\/v2\/media\/5273"}],"wp:attachment":[{"href":"https:\/\/lt-laborhandel.de\/en\/wp-json\/wp\/v2\/media?parent=5271"}],"wp:term":[{"taxonomy":"product_brand","embeddable":true,"href":"https:\/\/lt-laborhandel.de\/en\/wp-json\/wp\/v2\/product_brand?post=5271"},{"taxonomy":"product_cat","embeddable":true,"href":"https:\/\/lt-laborhandel.de\/en\/wp-json\/wp\/v2\/product_cat?post=5271"},{"taxonomy":"product_tag","embeddable":true,"href":"https:\/\/lt-laborhandel.de\/en\/wp-json\/wp\/v2\/product_tag?post=5271"}],"curies":[{"name":"wp","href":"https:\/\/api.w.org\/{rel}","templated":true}]}}