{"id":5256,"date":"2021-07-18T12:55:05","date_gmt":"2021-07-18T10:55:05","guid":{"rendered":"https:\/\/lt-laborhandel.de\/?post_type=product&#038;p=5256"},"modified":"2026-01-14T07:51:34","modified_gmt":"2026-01-14T06:51:34","slug":"ika-oven-125-basic-dry-glass-0020003956","status":"publish","type":"product","link":"https:\/\/lt-laborhandel.de\/en\/produkt\/ika-oven-125-basic-dry-glass-0020003956\/","title":{"rendered":"IKA Oven 125 basic \u2013 dry glass, 0020003956"},"content":{"rendered":"<p>IKA OVEN 125 basic dry &#8211; glass<\/p>\n<p>Universeller Trockenschrank f\u00fcr Temperier-, Trocknungs-, Alterungs- und Heizaufgaben im Labor.<\/p>\n<p>Mit dem IKA OVEN 125 basic dry lassen sich Anwendungen in Industrie, Schulen\/Universit\u00e4ten, Forschung, Qualit\u00e4tskontrolle und Wissenschaft abdecken.<\/p>\n<p>Schnelle Aufheizzeiten und eine exakte Temperaturregelung garantieren reproduzierbare Versuchsergebnisse. Eine spezielle geruchsneutrale Isolierung sorgt zus\u00e4tzlich f\u00fcr geringere Betriebskosten.<\/p>\n<p>\u00dcber eine USB-Schnittstelle l\u00e4sst sich der Trockenschrank ansteuern und Versuchsparameter k\u00f6nnen aufgezeichnet werden.<\/p>\n<p>Besonderheiten:<\/p>\n<p>Temperaturbereich: RT + 5\u00b0C bis 250\u00b0C<\/p>\n<p>Innenvolumen: 125 l<\/p>\n<p>Elektronisch einstellbare L\u00fcftungsklappe<\/p>\n<p>\u00dcbersichtliches Display und Bedienmen\u00fc<\/p>\n<p>Tastensperre<\/p>\n<p>Zeitschaltuhr<\/p>\n<p>Einstellbarer Temperaturbegrenzer<\/p>\n<p>Glasst\u00fcr<\/p>\n<p>Lieferumfang<\/p>\n<p>IKA OVEN 125 basic dry &#8211; glass<\/p>\n<p>IO T 1.00 (2 St.)<\/p>\n<p>Tilt protection (2 St.)<\/p>\n<p>Screwdriver (for adjustment of temperature limit)<\/p>\n<p>USB A-B Kabel<\/p>\n<p>Calibration certification at 160\u00b0C<\/p>\n<p>Technische Daten<\/p>\n<p>Heizleistung\t2400 W<\/p>\n<p>Arbeitstemperatur\tRaumtemp. +5 &#8211; 250 \u00b0C<\/p>\n<p>Einstell- und Anzeigeaufl\u00f6sung\t0.1 K<\/p>\n<p>Temperaturkonstanz (150\u00b0C, Mitte, Standard T\u00fcr)\t\u00b10.5 K<\/p>\n<p>Temperaturanzeige\tja<\/p>\n<p>Zeitschaltuhr\tja<\/p>\n<p>Anzeige Zeitschaltuhr\t7 Segment LED<\/p>\n<p>Zeiteinstellbereich\t1 &#8211; 144000 min<\/p>\n<p>Anzahl der Gitterb\u00f6den max.\t6<\/p>\n<p>Beladung pro Tablett max.\t30 kg<\/p>\n<p>Arbeitsbereich Innenkammer (BxHxT)\t550 x 525 x 450 mm<\/p>\n<p>Gesamt Volumen der Innenkammer\t125 l<\/p>\n<p>Luftaustritts\u00f6ffnung Innendurchmesser\t48 mm<\/p>\n<p>Abmessungen (B x H x T)\t700 x 825 x 650 mm<\/p>\n<p>Gewicht\t81 kg<\/p>\n<p>Zul\u00e4ssiger Umgebungstemperaturbereich\t5 &#8211; 40 \u00b0C<\/p>\n<p>Zul\u00e4ssige Relative Feuchte\t80 %<\/p>\n<p>Schutzart nach DIN EN 60529\tIP 20<\/p>\n<p>USB Schnittstelle\tja<\/p>\n<p>Spannung\t220 &#8211; 240 V<\/p>\n<p>Frequenz\t50\/60 Hz<\/p>\n<p>Ger\u00e4teaufnahmeleistung\t2450 W<\/p>\n<p>Ger\u00e4teaufnahmeleistung Standby\t2 W<\/p>\n<p>Weiteres Zubeh\u00f6r auf Anfrage!<\/p>\n","protected":false},"excerpt":{"rendered":"<p><b>Zubeh\u00f6r- und Ersatzteile auf Anfrage<\/b><\/p>\n","protected":false},"featured_media":5257,"template":"","meta":[],"product_brand":[],"product_cat":[210],"product_tag":[],"class_list":{"0":"post-5256","1":"product","2":"type-product","3":"status-publish","4":"has-post-thumbnail","6":"product_cat-waerme-und-trockenschraenke","7":"product_shipping_class-standard","9":"first","10":"instock","11":"taxable","12":"shipping-taxable","13":"purchasable","14":"product-type-simple"},"tiered_pricing_type":"fixed","tiered_pricing_fixed_rules":[],"tiered_pricing_product_settings":{"layout":"default","base_unit_name":{"singular":null,"plural":null},"default_variation":null},"tiered_pricing_minimum_quantity":null,"tiered_pricing_roles_data":[],"tiered_pricing_percentage_rules":[],"_links":{"self":[{"href":"https:\/\/lt-laborhandel.de\/en\/wp-json\/wp\/v2\/product\/5256","targetHints":{"allow":["GET"]}}],"collection":[{"href":"https:\/\/lt-laborhandel.de\/en\/wp-json\/wp\/v2\/product"}],"about":[{"href":"https:\/\/lt-laborhandel.de\/en\/wp-json\/wp\/v2\/types\/product"}],"wp:featuredmedia":[{"embeddable":true,"href":"https:\/\/lt-laborhandel.de\/en\/wp-json\/wp\/v2\/media\/5257"}],"wp:attachment":[{"href":"https:\/\/lt-laborhandel.de\/en\/wp-json\/wp\/v2\/media?parent=5256"}],"wp:term":[{"taxonomy":"product_brand","embeddable":true,"href":"https:\/\/lt-laborhandel.de\/en\/wp-json\/wp\/v2\/product_brand?post=5256"},{"taxonomy":"product_cat","embeddable":true,"href":"https:\/\/lt-laborhandel.de\/en\/wp-json\/wp\/v2\/product_cat?post=5256"},{"taxonomy":"product_tag","embeddable":true,"href":"https:\/\/lt-laborhandel.de\/en\/wp-json\/wp\/v2\/product_tag?post=5256"}],"curies":[{"name":"wp","href":"https:\/\/api.w.org\/{rel}","templated":true}]}}