{"id":5203,"date":"2021-07-18T11:31:28","date_gmt":"2021-07-18T09:31:28","guid":{"rendered":"https:\/\/lt-laborhandel.de\/?post_type=product&#038;p=5203"},"modified":"2026-01-09T21:19:15","modified_gmt":"2026-01-09T20:19:15","slug":"eppendorf-pipette-research-plus-einkanal-variabel-025-25-ml-rot-inkl-ept-i-p-s-musterbeutel-3120000143","status":"publish","type":"product","link":"https:\/\/lt-laborhandel.de\/en\/produkt\/eppendorf-pipette-research-plus-einkanal-variabel-025-25-ml-rot-inkl-ept-i-p-s-musterbeutel-3120000143\/","title":{"rendered":"Eppendorf Research\u00ae plus Einkanal, variabel, 0,25 \u2013 2,5 mL, rot, inkl. epT.I.P.S.\u00ae-Musterbeutel, 3123000144"},"content":{"rendered":"<p><strong>Eigenschaften<\/strong><\/p>\n<p>&#8211; Mechanische Luftpolsterpipette f\u00fcr akkurates und ergonomisches Pipettieren w\u00e4ssriger L\u00f6sungen<\/p>\n<p>&#8211; \u00dcberzeugen Sie sich vom Unterschied in Gewicht und Kraftaufwand beim Pipettieren: dieseultraleichte Pipette wurde entsprechend der strengen Kriterien des Eppendorf PhysioCare Concept <\/p>\n<p>  entwickelt undreduziert die Belastung von H\u00e4nden und Armen<\/p>\n<p>&#8211; Minimierte Aufsteckkr\u00e4fte dank eines verfederten Spitzenkonus (f\u00fcr alle Pipetten bis 1 mL erh\u00e4ltlich) helfen, Ihre Belastung zu reduzieren<\/p>\n<p>&#8211; Profitieren Sie von Bedien- und Spitzenabwurfkr\u00e4ften, die zu den niedrigsten auf dem Pipettenmarkt z\u00e4hlen.<\/p>\n<p>&#8211; F\u00fcr pr\u00e4zisere Ergebnisse beim Pipettieren von schwierigen Fl\u00fcssigkeiten wie Ethanol oder bei besonderen Umgebungsbedingungen passen Sie Ihre Pipette innerhalb von Sekunden an.Danach kann ohne <\/p>\n<p>  Kalibrierung zur Werksjustierung zur\u00fcckgekehrt werden<\/p>\n<p>&#8211; Autoklavieren Sie entsprechend Ihren Bed\u00fcrfnissen die ganze Pipette oder nur das Unterteil zur Gew\u00e4hrleistung einer optimalen Dekontamination.<\/p>\n<p>&#8211; Freuen Sie sich \u00fcber herausragende Flexibilit\u00e4t und w\u00e4hlen Sie zwischen Einkanalpipetten mit fixem oder variablem Volumen sowie 8-, 12-, 16- und 24-Kanal-Pipetten<\/p>\n<p>&#8211; Mit der Kanalanzeige k\u00f6nnen Sie die Pipette immer in derselben Position verwenden.<\/p>\n<p>&#8211; Erh\u00f6hen Sie Ihre Flexibilit\u00e4t und entfernen Sie bei Bedarf einzelne Kan\u00e4le.<\/p>\n","protected":false},"excerpt":{"rendered":"<p><b>Zubeh\u00f6r- und Ersatzteile erhalten Sie gerne auf Anfrage!<\/b><\/p>\n","protected":false},"featured_media":5242,"template":"","meta":[],"product_brand":[378],"product_cat":[151,377],"product_tag":[],"class_list":{"0":"post-5203","1":"product","2":"type-product","3":"status-publish","4":"has-post-thumbnail","6":"product_brand-eppendorf","7":"product_cat-pipetten","8":"product_cat-eppendorf","9":"product_shipping_class-standard","11":"first","12":"instock","13":"taxable","14":"shipping-taxable","15":"purchasable","16":"product-type-simple"},"tiered_pricing_type":"fixed","tiered_pricing_fixed_rules":[],"tiered_pricing_product_settings":{"layout":"default","base_unit_name":{"singular":null,"plural":null},"default_variation":null},"tiered_pricing_minimum_quantity":null,"tiered_pricing_roles_data":[],"tiered_pricing_percentage_rules":[],"_links":{"self":[{"href":"https:\/\/lt-laborhandel.de\/en\/wp-json\/wp\/v2\/product\/5203","targetHints":{"allow":["GET"]}}],"collection":[{"href":"https:\/\/lt-laborhandel.de\/en\/wp-json\/wp\/v2\/product"}],"about":[{"href":"https:\/\/lt-laborhandel.de\/en\/wp-json\/wp\/v2\/types\/product"}],"wp:featuredmedia":[{"embeddable":true,"href":"https:\/\/lt-laborhandel.de\/en\/wp-json\/wp\/v2\/media\/5242"}],"wp:attachment":[{"href":"https:\/\/lt-laborhandel.de\/en\/wp-json\/wp\/v2\/media?parent=5203"}],"wp:term":[{"taxonomy":"product_brand","embeddable":true,"href":"https:\/\/lt-laborhandel.de\/en\/wp-json\/wp\/v2\/product_brand?post=5203"},{"taxonomy":"product_cat","embeddable":true,"href":"https:\/\/lt-laborhandel.de\/en\/wp-json\/wp\/v2\/product_cat?post=5203"},{"taxonomy":"product_tag","embeddable":true,"href":"https:\/\/lt-laborhandel.de\/en\/wp-json\/wp\/v2\/product_tag?post=5203"}],"curies":[{"name":"wp","href":"https:\/\/api.w.org\/{rel}","templated":true}]}}