{"id":5200,"date":"2021-07-18T11:31:23","date_gmt":"2021-07-18T09:31:23","guid":{"rendered":"https:\/\/lt-laborhandel.de\/?post_type=product&#038;p=5200"},"modified":"2026-01-09T21:19:15","modified_gmt":"2026-01-09T20:19:15","slug":"eppendorf-pipette-research-plus-variabel-1000-10000%c2%b5l-3120000089","status":"publish","type":"product","link":"https:\/\/lt-laborhandel.de\/en\/produkt\/eppendorf-pipette-research-plus-variabel-1000-10000%c2%b5l-3120000089\/","title":{"rendered":"Eppendorf Research\u00ae plus Einkanalpipette, variabel (1 &#8211; 10 mL), 3123000080"},"content":{"rendered":"<p>Die Eppendorf Research\u00ae plus ist eine der weltweit am h\u00e4ufigsten verwendeten Pipetten und setzt den Standard in Ergonomie, Pr\u00e4zision und Langlebigkeit. Dieses Modell (1-10 mL) ist die Gro\u00dfvolumen-Variante der Serie, ideal f\u00fcr das pr\u00e4zise Handling von Medien, Puffern und Reagenzien.<\/p>\n<h3>Ergonomie nach dem Eppendorf PhysioCare Concept\u00ae<\/h3>\n<p>Das Design der Research\u00ae plus ist konsequent auf die Reduzierung von Belastungen (RSI-Syndrom) ausgelegt, was Facheink\u00e4ufer und Laborleiter f\u00fcr die Gesundheit ihrer Mitarbeiter sch\u00e4tzen. Die Pipette ist extrem leicht und erfordert nur minimale Bedienkr\u00e4fte, sowohl beim Pipettierhub als auch beim Spitzenabwurf.<\/p>\n<h3>Pr\u00e4zision und Sicherheit im Laboralltag<\/h3>\n<p>F\u00fcr maximale Prozesssicherheit ist die gesamte Pipette vollst\u00e4ndig autoklavierbar (121\u00b0C, 20 min), was eine einfache Dekontamination und Sterilisation erm\u00f6glicht. Das gut ablesbare, 4-stellige Volumendisplay sorgt f\u00fcr eine eindeutige Ablesung. Der federgelagerte Spitzenkonus (SOFTeject) sorgt zudem f\u00fcr einen optimalen, dichten Sitz der Pipettenspitze und einen sanften Abwurf, was die Reproduzierbarkeit erh\u00f6ht.<\/p>\n<h3><b>Technische Details (Modell 1-10 mL)<\/b><\/h3>\n<p>Diese Pipette mit der Artikelnummer 3123000080 (ersetzt die alte SKU 3120000089) ist klar durch den <b>t\u00fcrkisen<\/b> Bedienknopf (Farbcode f\u00fcr 10 mL) erkennbar. Sie ist f\u00fcr das Pipettieren von 1000 \u00b5L bis 10000 \u00b5L (1 bis 10 mL) in 10 \u00b5L-Schritten (Inkrement) ausgelegt.<\/p>\n","protected":false},"excerpt":{"rendered":"<ul>\n<li>Marke: Eppendorf<\/li>\n<li>Modell: Research\u00ae plus<\/li>\n<li>Herstellernummer (MPN): 3123000080<\/li>\n<li>Typ: Einkanal-Kolbenhubpipette<\/li>\n<li>Volumen (variabel): 1 &#8211; 10 mL (1000 &#8211; 10000 \u00b5L)<\/li>\n<li>Inkrement (Schrittweite): 10 \u00b5L<\/li>\n<li>Kan\u00e4le: 1<\/li>\n<li>Bedienung: Mechanisch (manueller Kolbenhub)<\/li>\n<li>Autoklavierbar: Ja (vollst\u00e4ndig)<\/li>\n<li>Farbcode (Bedienknopf): T\u00fcrkis<\/li>\n<\/ul>\n","protected":false},"featured_media":22723,"template":"","meta":[],"product_brand":[378],"product_cat":[151,377],"product_tag":[],"class_list":{"0":"post-5200","1":"product","2":"type-product","3":"status-publish","4":"has-post-thumbnail","6":"product_brand-eppendorf","7":"product_cat-pipetten","8":"product_cat-eppendorf","9":"product_shipping_class-standard","11":"first","12":"instock","13":"taxable","14":"shipping-taxable","15":"purchasable","16":"product-type-simple"},"tiered_pricing_type":"fixed","tiered_pricing_fixed_rules":[],"tiered_pricing_product_settings":{"layout":"default","base_unit_name":{"singular":null,"plural":null},"default_variation":null},"tiered_pricing_minimum_quantity":null,"tiered_pricing_roles_data":[],"tiered_pricing_percentage_rules":[],"_links":{"self":[{"href":"https:\/\/lt-laborhandel.de\/en\/wp-json\/wp\/v2\/product\/5200","targetHints":{"allow":["GET"]}}],"collection":[{"href":"https:\/\/lt-laborhandel.de\/en\/wp-json\/wp\/v2\/product"}],"about":[{"href":"https:\/\/lt-laborhandel.de\/en\/wp-json\/wp\/v2\/types\/product"}],"wp:featuredmedia":[{"embeddable":true,"href":"https:\/\/lt-laborhandel.de\/en\/wp-json\/wp\/v2\/media\/22723"}],"wp:attachment":[{"href":"https:\/\/lt-laborhandel.de\/en\/wp-json\/wp\/v2\/media?parent=5200"}],"wp:term":[{"taxonomy":"product_brand","embeddable":true,"href":"https:\/\/lt-laborhandel.de\/en\/wp-json\/wp\/v2\/product_brand?post=5200"},{"taxonomy":"product_cat","embeddable":true,"href":"https:\/\/lt-laborhandel.de\/en\/wp-json\/wp\/v2\/product_cat?post=5200"},{"taxonomy":"product_tag","embeddable":true,"href":"https:\/\/lt-laborhandel.de\/en\/wp-json\/wp\/v2\/product_tag?post=5200"}],"curies":[{"name":"wp","href":"https:\/\/api.w.org\/{rel}","templated":true}]}}