{"id":4854,"date":"2021-07-12T17:50:47","date_gmt":"2021-07-12T15:50:47","guid":{"rendered":"https:\/\/lt-laborhandel.de\/?post_type=product&#038;p=4854"},"modified":"2026-01-09T21:19:07","modified_gmt":"2026-01-09T20:19:07","slug":"eppendorf-pipette-reference-2-g-einkanal-variabel-1-10-ml-tuerkis-inkl-ept-i-p-s-probenbeutel-4924000118","status":"publish","type":"product","link":"https:\/\/lt-laborhandel.de\/en\/produkt\/eppendorf-pipette-reference-2-g-einkanal-variabel-1-10-ml-tuerkis-inkl-ept-i-p-s-probenbeutel-4924000118\/","title":{"rendered":"Eppendorf Pipette Reference\u00ae 2 G, Einkanal, variabel, 1 &#8211; 10 mL, t\u00fcrkis, inkl. epT.I.P.S.\u00ae-Probenbeutel, 4924000118"},"content":{"rendered":"<p><strong>Eigenschaften<\/strong><\/p>\n<p>&#8211; Die Einknopfbedienung erm\u00f6glicht eine schnelle, ergonomische Handhabung mit weniger Kraftaufwand und aktiv reduzierter Aerosolbildung.<\/p>\n<p>Eine eindeutige haptische R\u00fcckmeldung verhindert einen unbeabsichtigten Spitzenabwurf<\/p>\n<p>&#8211; Der verfederte Spitzenkonus verbessert die anwenderunabh\u00e4ngige Reproduzierbarkeit und Ergonomie dank reduzierter Aufsteckkr\u00e4fte<\/p>\n<p>Die Reference 2 Mehrkanalpipette ist sehr flexibel und verf\u00fcgt \u00fcber einen verfederten Spitzenkonus, der nach Bedarf ein- und<\/p>\n<p>ausgeschaltet werden kann<\/p>\n<p>&#8211; Mit der Anwender-Justierung k\u00f6nnen Sie Ihre Reference 2 ganz einfach Justieren und so bei der Pipettierung unterschiedlicher<\/p>\n<p>Fl\u00fcssigkeiten oder unter verschiedenen \u00e4u\u00dferen Bedingungen pr\u00e4ziseste Resultate erzielen \u2013 ganz ohne umst\u00e4ndliche Kalibrierung<\/p>\n<p>&#8211; Dank der hervorragenden Pr\u00e4zision und Genauigkeit der Reference 2 sind verl\u00e4ssliche Ergebnisse kein Zufall<\/p>\n<p>&#8211; Vierstellige Volumenanzeige mit Vergr\u00f6\u00dferungsfenster erleichtert die Volumenerkennung<\/p>\n<p>&#8211; Die einzigartig glatte Oberfl\u00e4che garantiert leichtes Reinigen. Diese Pipette l\u00e4sst sich nicht nur vollst\u00e4ndig autoklavieren, auch das<\/p>\n<p>Dekontaminieren ist einfacher und effizienter als je zuvor. Das ist die ideale Pipette f\u00fcr Arbeiten unter sterilen Bedingungen<\/p>\n<p>&#8211; Der integrierte RFID-Chip enth\u00e4lt alle relevanten Daten zu der Pipette und erm\u00f6glicht in Kombination mit Eppendorf TrackIT einfache<\/p>\n<p>Zuordnung und Dokumentation<\/p>\n<p>&#8211; Erh\u00e4ltlich als Einkanalpipette mit fixem oder variablem Volumen sowie als 8- und 12-Kanal-Pipette<\/p>\n","protected":false},"excerpt":{"rendered":"<p><b>Zubeh\u00f6r- und Ersatzteile erhalten Sie gerne auf Anfrage!<\/b><\/p>\n","protected":false},"featured_media":4855,"template":"","meta":[],"product_brand":[378],"product_cat":[151,377],"product_tag":[],"class_list":{"0":"post-4854","1":"product","2":"type-product","3":"status-publish","4":"has-post-thumbnail","6":"product_brand-eppendorf","7":"product_cat-pipetten","8":"product_cat-eppendorf","9":"product_shipping_class-standard","11":"first","12":"instock","13":"taxable","14":"shipping-taxable","15":"purchasable","16":"product-type-simple"},"tiered_pricing_type":"fixed","tiered_pricing_fixed_rules":[],"tiered_pricing_product_settings":{"layout":"default","base_unit_name":{"singular":null,"plural":null},"default_variation":null},"tiered_pricing_minimum_quantity":null,"tiered_pricing_roles_data":[],"tiered_pricing_percentage_rules":[],"_links":{"self":[{"href":"https:\/\/lt-laborhandel.de\/en\/wp-json\/wp\/v2\/product\/4854","targetHints":{"allow":["GET"]}}],"collection":[{"href":"https:\/\/lt-laborhandel.de\/en\/wp-json\/wp\/v2\/product"}],"about":[{"href":"https:\/\/lt-laborhandel.de\/en\/wp-json\/wp\/v2\/types\/product"}],"wp:featuredmedia":[{"embeddable":true,"href":"https:\/\/lt-laborhandel.de\/en\/wp-json\/wp\/v2\/media\/4855"}],"wp:attachment":[{"href":"https:\/\/lt-laborhandel.de\/en\/wp-json\/wp\/v2\/media?parent=4854"}],"wp:term":[{"taxonomy":"product_brand","embeddable":true,"href":"https:\/\/lt-laborhandel.de\/en\/wp-json\/wp\/v2\/product_brand?post=4854"},{"taxonomy":"product_cat","embeddable":true,"href":"https:\/\/lt-laborhandel.de\/en\/wp-json\/wp\/v2\/product_cat?post=4854"},{"taxonomy":"product_tag","embeddable":true,"href":"https:\/\/lt-laborhandel.de\/en\/wp-json\/wp\/v2\/product_tag?post=4854"}],"curies":[{"name":"wp","href":"https:\/\/api.w.org\/{rel}","templated":true}]}}