{"id":4813,"date":"2021-07-11T20:40:49","date_gmt":"2021-07-11T18:40:49","guid":{"rendered":"https:\/\/lt-laborhandel.de\/?post_type=product&#038;p=4813"},"modified":"2026-01-09T21:19:03","modified_gmt":"2026-01-09T20:19:03","slug":"eppendorf-pipette-researchplus-move-it-justierbarer-konenabstand-8-kanal-120-1200-%c2%b5l-dunkelgruen-3125000206","status":"publish","type":"product","link":"https:\/\/lt-laborhandel.de\/en\/produkt\/eppendorf-pipette-researchplus-move-it-justierbarer-konenabstand-8-kanal-120-1200-%c2%b5l-dunkelgruen-3125000206\/","title":{"rendered":"Eppendorf Pipette Research\u00aeplus Move It\u00ae, justierbarer Konenabstand, 8-Kanal, 120 &#8211; 1200 \u00b5L, dunkelgr\u00fcn, 3125000206"},"content":{"rendered":"<p><strong>Eigenschaften<\/strong><\/p>\n<p>&#8211; 4-, 6-, 8- und 12-Kanal*-Luftpolsterpipetten mit verstellbarem Spitzenabstand<\/p>\n<p>&#8211; Erh\u00e4ltlich als mechanische (Research plus) und elektronische (Xplorer plus) Mehrkanalpipette mit verstellbarem Spitzenabstand<\/p>\n<p>&#8211; F\u00fcr Platten (384-, 96-, 48-, 24- und 12-Well), Gef\u00e4\u00dfe (1,5 und 2,0 mL), Agarosegeleund mehr<\/p>\n<p>&#8211; Spitzenabstand je nach Pipettenvariante zwischen 4,5 und 33 mm frei w\u00e4hlbar<\/p>\n<p>&#8211; Formatbegrenzer zum schnellen Hin- und Herwechseln zwischen Ausgangs- und Zielformat<\/p>\n<p>&#8211; Manueller Einstellknopf f\u00fcr einen reibungslosen und vibrationsfreien Wechsel zwischen Gef\u00e4\u00dfformaten und Fl\u00fcssigkeitstransfer ohne Tropfen<\/p>\n<p>&#8211; Schlauchloses System f\u00fcr mehr Zuverl\u00e4ssigkeit und Sicherheit<\/p>\n<p>&#8211; Autoklavierbar f\u00fcr Sicherheit von Benutzer und Proben (Research\u00ae plus voll und Xplorer\u00ae plus nur Unterteil)<\/p>\n<p>&#8211; Um 360\u00b0 drehbarer Pipettenkopf f\u00fcr eine komfortable Ablesbarkeit des Displays und eine schnelle Identifizierung von Parametern<\/p>\n<p>&#8211; Die optimal ausbalancierte Pipette \u2013 reduziert Erm\u00fcdungserscheinungen der Hand f\u00fcr ein stressfreies Arbeiten<\/p>\n<p>*12-Kanal-Version und alle anderen 4,5-mm-Versionen (hellrosa und hellgelb) sind bald verf\u00fcgbar<\/p>\n","protected":false},"excerpt":{"rendered":"<p><b>Zubeh\u00f6r- und Ersatzteile erhalten Sie gerne auf Anfrage!<\/b><\/p>\n","protected":false},"featured_media":4814,"template":"","meta":[],"product_brand":[378],"product_cat":[151,377],"product_tag":[],"class_list":{"0":"post-4813","1":"product","2":"type-product","3":"status-publish","4":"has-post-thumbnail","6":"product_brand-eppendorf","7":"product_cat-pipetten","8":"product_cat-eppendorf","9":"product_shipping_class-standard","11":"first","12":"instock","13":"taxable","14":"shipping-taxable","15":"purchasable","16":"product-type-simple"},"tiered_pricing_type":"fixed","tiered_pricing_fixed_rules":[],"tiered_pricing_product_settings":{"layout":"default","base_unit_name":{"singular":null,"plural":null},"default_variation":null},"tiered_pricing_minimum_quantity":null,"tiered_pricing_roles_data":[],"tiered_pricing_percentage_rules":[],"_links":{"self":[{"href":"https:\/\/lt-laborhandel.de\/en\/wp-json\/wp\/v2\/product\/4813","targetHints":{"allow":["GET"]}}],"collection":[{"href":"https:\/\/lt-laborhandel.de\/en\/wp-json\/wp\/v2\/product"}],"about":[{"href":"https:\/\/lt-laborhandel.de\/en\/wp-json\/wp\/v2\/types\/product"}],"wp:featuredmedia":[{"embeddable":true,"href":"https:\/\/lt-laborhandel.de\/en\/wp-json\/wp\/v2\/media\/4814"}],"wp:attachment":[{"href":"https:\/\/lt-laborhandel.de\/en\/wp-json\/wp\/v2\/media?parent=4813"}],"wp:term":[{"taxonomy":"product_brand","embeddable":true,"href":"https:\/\/lt-laborhandel.de\/en\/wp-json\/wp\/v2\/product_brand?post=4813"},{"taxonomy":"product_cat","embeddable":true,"href":"https:\/\/lt-laborhandel.de\/en\/wp-json\/wp\/v2\/product_cat?post=4813"},{"taxonomy":"product_tag","embeddable":true,"href":"https:\/\/lt-laborhandel.de\/en\/wp-json\/wp\/v2\/product_tag?post=4813"}],"curies":[{"name":"wp","href":"https:\/\/api.w.org\/{rel}","templated":true}]}}