{"id":4790,"date":"2021-07-11T20:09:12","date_gmt":"2021-07-11T18:09:12","guid":{"rendered":"https:\/\/lt-laborhandel.de\/?post_type=product&#038;p=4790"},"modified":"2026-01-09T21:19:02","modified_gmt":"2026-01-09T20:19:02","slug":"eppendorf-pipette-research-plus-g-24-kanal-variabel-5-100-%c2%b5l-hellgelb-inkl-ept-i-p-s-box-3125000109","status":"publish","type":"product","link":"https:\/\/lt-laborhandel.de\/en\/produkt\/eppendorf-pipette-research-plus-g-24-kanal-variabel-5-100-%c2%b5l-hellgelb-inkl-ept-i-p-s-box-3125000109\/","title":{"rendered":"Eppendorf Pipette Research\u00ae plus G, 24-Kanal, variabel, 5 &#8211; 100 \u00b5L, hellgelb, inkl. epT.I.P.S.\u00ae-Box, 3125000109"},"content":{"rendered":"<p><strong>Eigenschaften<\/strong><\/p>\n<p>&#8211; Mechanische Luftpolsterpipette f\u00fcr akkurates und ergonomisches Pipettieren w\u00e4ssriger L\u00f6sungen<\/p>\n<p>&#8211; \u00dcberzeugen Sie sich vom Unterschied in Gewicht und Kraftaufwand beim Pipettieren: diese ultraleichte Pipette wurde entsprechend der <\/p>\n<p>  strengen Kriterien des Eppendorf PhysioCare Concept <\/p>\n<p>  entwickelt und reduziert die Belastung von H\u00e4nden und Armen<\/p>\n<p>&#8211; Minimierte Aufsteckkr\u00e4fte dank eines verfederten Spitzenkonus (f\u00fcr alle Pipetten bis 1 mL erh\u00e4ltlich) helfen, Ihre Belastung zu <\/p>\n<p>  reduzieren<\/p>\n<p>&#8211; Profitieren Sie von Bedien- und Spitzenabwurfkr\u00e4ften, die zu den niedrigsten auf dem Pipettenmarkt z\u00e4hlen.<\/p>\n<p>&#8211; F\u00fcr pr\u00e4zisere Ergebnisse beim Pipettieren von schwierigen Fl\u00fcssigkeiten wie Ethanol oder bei besonderen Umgebungsbedingungen passen Sie <\/p>\n<p>  Ihre Pipette innerhalb von Sekunden an. Danach kann sie ohne Kalibrierung zur Werksjustierung zur\u00fcckgekehrt werden<\/p>\n","protected":false},"excerpt":{"rendered":"<p><b>Zubeh\u00f6r- und Ersatzteile erhalten Sie gerne auf Anfrage!<\/b><\/p>\n","protected":false},"featured_media":4791,"template":"","meta":[],"product_brand":[378],"product_cat":[151,377],"product_tag":[],"class_list":{"0":"post-4790","1":"product","2":"type-product","3":"status-publish","4":"has-post-thumbnail","6":"product_brand-eppendorf","7":"product_cat-pipetten","8":"product_cat-eppendorf","9":"product_shipping_class-standard","11":"first","12":"instock","13":"taxable","14":"shipping-taxable","15":"purchasable","16":"product-type-simple"},"tiered_pricing_type":"fixed","tiered_pricing_fixed_rules":[],"tiered_pricing_product_settings":{"layout":"default","base_unit_name":{"singular":null,"plural":null},"default_variation":null},"tiered_pricing_minimum_quantity":null,"tiered_pricing_roles_data":[],"tiered_pricing_percentage_rules":[],"_links":{"self":[{"href":"https:\/\/lt-laborhandel.de\/en\/wp-json\/wp\/v2\/product\/4790","targetHints":{"allow":["GET"]}}],"collection":[{"href":"https:\/\/lt-laborhandel.de\/en\/wp-json\/wp\/v2\/product"}],"about":[{"href":"https:\/\/lt-laborhandel.de\/en\/wp-json\/wp\/v2\/types\/product"}],"wp:featuredmedia":[{"embeddable":true,"href":"https:\/\/lt-laborhandel.de\/en\/wp-json\/wp\/v2\/media\/4791"}],"wp:attachment":[{"href":"https:\/\/lt-laborhandel.de\/en\/wp-json\/wp\/v2\/media?parent=4790"}],"wp:term":[{"taxonomy":"product_brand","embeddable":true,"href":"https:\/\/lt-laborhandel.de\/en\/wp-json\/wp\/v2\/product_brand?post=4790"},{"taxonomy":"product_cat","embeddable":true,"href":"https:\/\/lt-laborhandel.de\/en\/wp-json\/wp\/v2\/product_cat?post=4790"},{"taxonomy":"product_tag","embeddable":true,"href":"https:\/\/lt-laborhandel.de\/en\/wp-json\/wp\/v2\/product_tag?post=4790"}],"curies":[{"name":"wp","href":"https:\/\/api.w.org\/{rel}","templated":true}]}}