{"id":4637,"date":"2021-07-05T17:31:20","date_gmt":"2021-07-05T15:31:20","guid":{"rendered":"https:\/\/lt-laborhandel.de\/?post_type=product&#038;p=4637"},"modified":"2026-01-09T21:18:48","modified_gmt":"2026-01-09T20:18:48","slug":"eppendorf-multipette-m4-starter-kit-4982000014","status":"publish","type":"product","link":"https:\/\/lt-laborhandel.de\/en\/produkt\/eppendorf-multipette-m4-starter-kit-4982000014\/","title":{"rendered":"Eppendorf Multipette M4 Starter Kit, 4982000314"},"content":{"rendered":"<p><strong>Eigenschaften<\/strong><\/p>\n<p>&#8211; Mechanisches Direktverdr\u00e4ngerger\u00e4t: mit nur einer Spitzenbef\u00fcllung k\u00f6nnen bis zu 100 Dispensierschritte durchgef\u00fchrt werden<\/p>\n<p>&#8211; Die automatische Combitips\u00ae advanced-Erkennung macht umst\u00e4ndliche Volumenberechnungen \u00fcberfl\u00fcssig<\/p>\n<p>&#8211; Das leicht ablesbare Display garantiert eine erm\u00fcdungsfreie und intuitive Bedienung mit digitaler Anzeige des Dispensiervolumens<\/p>\n<p>&#8211; Die integrierte Schlaffunktion schaltet die Multipette M4 bei Nichtgebrauch aus und senkt so den Energieverbrauch<\/p>\n<p>&#8211; Entspanntes Arbeiten durch integrierten Schrittz\u00e4hler: Dosiervorg\u00e4nge k\u00f6nnen nach einer Unterbrechung oder Ablenkung fehlerfrei fortgesetzt werden<\/p>\n<p>&#8211; Breites Dosierspektrum: 1 \u00b5L bis 10 mL f\u00fcr flexibles Arbeiten<\/p>\n<p>&#8211; Die vollst\u00e4ndig entleerte Combitips\u00ae advanced-Spitze kann einfach per Einhandbedienung des Bedienhebels abgeworfen werden<\/p>\n<p>&#8211; Dank Direktverdr\u00e4ngerprinzip perfekt f\u00fcr viskose oder sch\u00e4umende L\u00f6sungen sowie Fl\u00fcssigkeiten mit hohem Dampfdruck<\/p>\n<p>&#8211; Sicheres Handling von toxischem, radioaktivem oder infekti\u00f6sem Material<\/p>\n","protected":false},"excerpt":{"rendered":"<p><b>Zubeh\u00f6r- und Ersatzteile erhalten Sie gerne auf Anfrage!<\/b><\/p>\n","protected":false},"featured_media":4638,"template":"","meta":[],"product_brand":[378],"product_cat":[151,377],"product_tag":[],"class_list":{"0":"post-4637","1":"product","2":"type-product","3":"status-publish","4":"has-post-thumbnail","6":"product_brand-eppendorf","7":"product_cat-pipetten","8":"product_cat-eppendorf","9":"product_shipping_class-standard","11":"first","12":"instock","13":"taxable","14":"shipping-taxable","15":"purchasable","16":"product-type-simple"},"tiered_pricing_type":"fixed","tiered_pricing_fixed_rules":[],"tiered_pricing_product_settings":{"layout":"default","base_unit_name":{"singular":null,"plural":null},"default_variation":null},"tiered_pricing_minimum_quantity":null,"tiered_pricing_roles_data":[],"tiered_pricing_percentage_rules":[],"_links":{"self":[{"href":"https:\/\/lt-laborhandel.de\/en\/wp-json\/wp\/v2\/product\/4637","targetHints":{"allow":["GET"]}}],"collection":[{"href":"https:\/\/lt-laborhandel.de\/en\/wp-json\/wp\/v2\/product"}],"about":[{"href":"https:\/\/lt-laborhandel.de\/en\/wp-json\/wp\/v2\/types\/product"}],"wp:featuredmedia":[{"embeddable":true,"href":"https:\/\/lt-laborhandel.de\/en\/wp-json\/wp\/v2\/media\/4638"}],"wp:attachment":[{"href":"https:\/\/lt-laborhandel.de\/en\/wp-json\/wp\/v2\/media?parent=4637"}],"wp:term":[{"taxonomy":"product_brand","embeddable":true,"href":"https:\/\/lt-laborhandel.de\/en\/wp-json\/wp\/v2\/product_brand?post=4637"},{"taxonomy":"product_cat","embeddable":true,"href":"https:\/\/lt-laborhandel.de\/en\/wp-json\/wp\/v2\/product_cat?post=4637"},{"taxonomy":"product_tag","embeddable":true,"href":"https:\/\/lt-laborhandel.de\/en\/wp-json\/wp\/v2\/product_tag?post=4637"}],"curies":[{"name":"wp","href":"https:\/\/api.w.org\/{rel}","templated":true}]}}