{"id":4454,"date":"2021-06-23T11:47:20","date_gmt":"2021-06-23T09:47:20","guid":{"rendered":"https:\/\/lt-laborhandel.de\/?post_type=product&#038;p=4454"},"modified":"2026-01-09T21:18:38","modified_gmt":"2026-01-09T20:18:38","slug":"eppendorf-pipette-xplorer-12-kanal-variabel-50-1200%c2%b5l-gruen","status":"publish","type":"product","link":"https:\/\/lt-laborhandel.de\/en\/produkt\/eppendorf-pipette-xplorer-12-kanal-variabel-50-1200%c2%b5l-gruen\/","title":{"rendered":"Eppendorf Pipette Xplorer\u00ae, 12-Kanal, variabel, 50-1,200\u00b5l, gr\u00fcn, 4861000171"},"content":{"rendered":"<p><strong>Eigenschaften<\/strong><\/p>\n<p>&#8211; Multifunktionswippe funktioniert nach dem Prinzip \u00bbup is up\u00ab und \u00bbdown is down\u00ab<\/p>\n<p>&#8211; Wahlrad zur schnellen und einfachen Auswahl der Pipettiermodi<\/p>\n<p>&#8211; Selbsterkl\u00e4rendes Farbdisplay ohne Untermen\u00fcs und mit ergonomischem Winkel f\u00fcr optimale Lesbarkeit in jeder Position<\/p>\n<p>&#8211; Gefederter Spitzenkonus (erh\u00e4ltlich f\u00fcr alle Pipetten bis zu 1.000 \u00b5L) f\u00fcr minimale Aufsteckkr\u00e4fte hilft Belastungen zu reduzieren<\/p>\n<p>&#8211; Leistungsstarker Akku f\u00fcr bis zu acht Stunden Arbeit ohne Aufladen<\/p>\n<p>&#8211; Separater Stromanschluss: Keine Arbeitsunterbrechung zum Aufladen<\/p>\n<p>&#8211; Justierung auf \u00e4u\u00dfere Umst\u00e4nde (z. B. geographische H\u00f6he, Fl\u00fcssigkeiten mit hoher Dichte)<\/p>\n<p>&#8211; Pipettenunterteil kann zur Gew\u00e4hrleistung der Dekontamination autoklaviert werden<\/p>\n<p>&#8211; Verfederter Spitzenkonus (nicht bei 1.200\u202f-\u00b5L-Mehrkanal)<\/p>\n<p>&#8211; nur Xplorer plus: individuelle Programmierung, feste Volumeneinstellungen, Passwortschutz, An-\/Aus-Schalter, zus\u00e4tzliche Anwendungen, <\/p>\n<p>   Anzeige von Wartungsintervallen<\/p>\n","protected":false},"excerpt":{"rendered":"<p><b>Zubeh\u00f6r- und Ersatzteile erhalten Sie gerne auf Anfrage!<\/b><\/p>\n","protected":false},"featured_media":4455,"template":"","meta":[],"product_brand":[378],"product_cat":[151,377],"product_tag":[],"class_list":{"0":"post-4454","1":"product","2":"type-product","3":"status-publish","4":"has-post-thumbnail","6":"product_brand-eppendorf","7":"product_cat-pipetten","8":"product_cat-eppendorf","9":"product_shipping_class-standard","11":"first","12":"instock","13":"taxable","14":"shipping-taxable","15":"purchasable","16":"product-type-simple"},"tiered_pricing_type":"fixed","tiered_pricing_fixed_rules":[],"tiered_pricing_product_settings":{"layout":"default","base_unit_name":{"singular":null,"plural":null},"default_variation":null},"tiered_pricing_minimum_quantity":null,"tiered_pricing_roles_data":[],"tiered_pricing_percentage_rules":[],"_links":{"self":[{"href":"https:\/\/lt-laborhandel.de\/en\/wp-json\/wp\/v2\/product\/4454","targetHints":{"allow":["GET"]}}],"collection":[{"href":"https:\/\/lt-laborhandel.de\/en\/wp-json\/wp\/v2\/product"}],"about":[{"href":"https:\/\/lt-laborhandel.de\/en\/wp-json\/wp\/v2\/types\/product"}],"wp:featuredmedia":[{"embeddable":true,"href":"https:\/\/lt-laborhandel.de\/en\/wp-json\/wp\/v2\/media\/4455"}],"wp:attachment":[{"href":"https:\/\/lt-laborhandel.de\/en\/wp-json\/wp\/v2\/media?parent=4454"}],"wp:term":[{"taxonomy":"product_brand","embeddable":true,"href":"https:\/\/lt-laborhandel.de\/en\/wp-json\/wp\/v2\/product_brand?post=4454"},{"taxonomy":"product_cat","embeddable":true,"href":"https:\/\/lt-laborhandel.de\/en\/wp-json\/wp\/v2\/product_cat?post=4454"},{"taxonomy":"product_tag","embeddable":true,"href":"https:\/\/lt-laborhandel.de\/en\/wp-json\/wp\/v2\/product_tag?post=4454"}],"curies":[{"name":"wp","href":"https:\/\/api.w.org\/{rel}","templated":true}]}}