{"id":3660,"date":"2021-03-21T17:07:16","date_gmt":"2021-03-21T16:07:16","guid":{"rendered":"https:\/\/lt-laborhandel.de\/?post_type=product&#038;p=3660"},"modified":"2026-01-14T07:51:31","modified_gmt":"2026-01-14T06:51:31","slug":"ika-inkubationsschuettler-eingebauter-kuehler-ks-3000-ic-control-0003940100","status":"publish","type":"product","link":"https:\/\/lt-laborhandel.de\/en\/produkt\/ika-inkubationsschuettler-eingebauter-kuehler-ks-3000-ic-control-0003940100\/","title":{"rendered":"IKA Magnetr\u00fchrer ohne Heizung, RO 10, 0003691000"},"content":{"rendered":"<p>RO 10<br \/>\nDigitaler Mehrstellenmagnetr\u00fchrer mit 10 synchron laufenden R\u00fchrstellen ohne Heizung. Dank ger\u00e4uschloser Spulenantriebstechnik sind die Drehzahlen an allen R\u00fchrstellen identisch. So k\u00f6nnen Reihenuntersuchungen unter reproduzierbaren Bedingungen durchgef\u00fchrt werden. Die Drehzahlen bleiben auch bei Lastwechsel konstant. Die geschlossene und kompakte Bauform macht das Reinigenleicht und sch\u00fctzt das Ger\u00e4t gegen das Eindringen von Fl\u00fcssigkeiten. Eine abnehmbare transparente Antirutschfolie ist im Lieferumfang enthalten.<br \/>\nEinstellbare Drehrichtungsumkehr<br \/>\nEco-Mode f\u00fcr eine geringe Erw\u00e4rmung der Oberfl\u00e4che<br \/>\nVerschlei\u00dffreier Spulenantrieb<br \/>\nFehlercodeanzeige<br \/>\nEinfache Bedienung durch Folientastatur<br \/>\nF\u00fcr Dauerbetrieb geeignet<br \/>\nDrehzahlbereich: 0 &#8211; 1200 1\/min<\/p>\n<p>Technische Daten<br \/>\nR\u00fchrstellenanzahl 10<br \/>\nR\u00fchrstellenabstand 90 mm<br \/>\nDrehzahlabweichung zwischen einzelnen R\u00fchrstellen 0 %<br \/>\nR\u00fchrmenge max. pro R\u00fchrstelle (H2O) 0.4 l<br \/>\nMaximale Beladung 10 kg<br \/>\nEinstellm\u00f6glichkeit Drehzahl 10 RPM Schritte<br \/>\nDrehzahlbereich 0 &#8211; 1200 rpm<br \/>\nR\u00fchrst\u00e4bchenl\u00e4nge 25 &#8211; 30 mm<br \/>\nAufstellfl\u00e4che Werkstoff Edelstahl 1.4301<br \/>\nAufstellfl\u00e4che Abmessungen 190 x 470 mm<br \/>\nAbmessungen (B x H x T) 190 x 60 x 570 mm<br \/>\nGewicht 5 kg<br \/>\nZul\u00e4ssiger Umgebungstemperaturbereich 5 &#8211; 40 \u00b0C<br \/>\nZul\u00e4ssige Relative Feuchte 80 %<br \/>\nSchutzart nach DIN EN 60529 IP 40<br \/>\nSpannung 100 &#8211; 240 V<br \/>\nFrequenz 50\/60 Hz<br \/>\nGer\u00e4teaufnahmeleistung 25 W<br \/>\nGleichspannung 24 V=<br \/>\nStromaufnahme 1000 mA<\/p>\n<p><b>Zubeh\u00f6r- und Ersatzteile auf Anfrage<\/b><\/p>\n","protected":false},"excerpt":{"rendered":"<p>RO 10 Digitaler Mehrstellenmagnetr\u00fchrer mit 10 synchron laufenden R\u00fchrstellen ohne Heizung. Dank ger\u00e4uschloser Spulenantriebstechnik sind die Drehzahlen an allen R\u00fchrstellen identisch. So k\u00f6nnen Reihenuntersuchungen unter reproduzierbaren Bedingungen durchgef\u00fchrt werden. Die Drehzahlen bleiben auch bei Lastwechsel konstant. Die geschlossene und kompakte Bauform macht das Reinigenleicht und sch\u00fctzt das Ger\u00e4t gegen das Eindringen von Fl\u00fcssigkeiten. Eine abnehmbare [&hellip;]<\/p>\n","protected":false},"featured_media":4368,"template":"","meta":[],"product_brand":[],"product_cat":[109],"product_tag":[],"class_list":{"0":"post-3660","1":"product","2":"type-product","3":"status-publish","4":"has-post-thumbnail","6":"product_cat-mischerruehrer-und-schuettler","7":"product_shipping_class-standard","9":"first","10":"instock","11":"taxable","12":"shipping-taxable","13":"purchasable","14":"product-type-simple"},"tiered_pricing_type":"fixed","tiered_pricing_fixed_rules":[],"tiered_pricing_product_settings":{"layout":"default","base_unit_name":{"singular":null,"plural":null},"default_variation":null},"tiered_pricing_minimum_quantity":null,"tiered_pricing_roles_data":[],"tiered_pricing_percentage_rules":[],"_links":{"self":[{"href":"https:\/\/lt-laborhandel.de\/en\/wp-json\/wp\/v2\/product\/3660","targetHints":{"allow":["GET"]}}],"collection":[{"href":"https:\/\/lt-laborhandel.de\/en\/wp-json\/wp\/v2\/product"}],"about":[{"href":"https:\/\/lt-laborhandel.de\/en\/wp-json\/wp\/v2\/types\/product"}],"wp:featuredmedia":[{"embeddable":true,"href":"https:\/\/lt-laborhandel.de\/en\/wp-json\/wp\/v2\/media\/4368"}],"wp:attachment":[{"href":"https:\/\/lt-laborhandel.de\/en\/wp-json\/wp\/v2\/media?parent=3660"}],"wp:term":[{"taxonomy":"product_brand","embeddable":true,"href":"https:\/\/lt-laborhandel.de\/en\/wp-json\/wp\/v2\/product_brand?post=3660"},{"taxonomy":"product_cat","embeddable":true,"href":"https:\/\/lt-laborhandel.de\/en\/wp-json\/wp\/v2\/product_cat?post=3660"},{"taxonomy":"product_tag","embeddable":true,"href":"https:\/\/lt-laborhandel.de\/en\/wp-json\/wp\/v2\/product_tag?post=3660"}],"curies":[{"name":"wp","href":"https:\/\/api.w.org\/{rel}","templated":true}]}}