{"id":3651,"date":"2021-03-21T16:41:30","date_gmt":"2021-03-21T15:41:30","guid":{"rendered":"https:\/\/lt-laborhandel.de\/?post_type=product&#038;p=3651"},"modified":"2026-01-14T07:51:31","modified_gmt":"2026-01-14T06:51:31","slug":"ika-magnetruehrer-mit-heizung-10-stellen-rt-10-0003691100","status":"publish","type":"product","link":"https:\/\/lt-laborhandel.de\/en\/produkt\/ika-magnetruehrer-mit-heizung-10-stellen-rt-10-0003691100\/","title":{"rendered":"IKA Magnetr\u00fchrer mit Heizung, 10 Stellen, RT 10, 0003691100"},"content":{"rendered":"<p>RT 10<br \/>\nDigitaler Mehrstellenmagnetr\u00fchrer mit 10 synchron laufenden R\u00fchrstellen und Heizfunktion. Durch eine ger\u00e4uschlose Spulenantriebstechnik sind die Drehzahlen an allen R\u00fchrstellen identisch. Dadurch k\u00f6nnen Reihenuntersuchungen unter reproduzierbaren Bedingungen durchgef\u00fchrt werden. Die Oberfl\u00e4chentemperaturen lassen sich stufenlos bis 120 \u00b0C einstellen, was zu einer resultierenden Mediumstemperatur von bis zu 70 \u00b0C f\u00fchrt (in Abh\u00e4ngigkeit von dem verwendeten Gef\u00e4\u00df). Die Drehzahlen werden auch bei Lastwechsel konstant gehalten.<br \/>\nSehr homogene Temperaturverteilung der Heizplatte durch Folienheizung<br \/>\nEinstellbare Drehrichtungsumkehr<br \/>\nEco-Mode f\u00fcr eine geringe Erw\u00e4rmung der Oberfl\u00e4che<br \/>\nVerschlei\u00dffreier Spulenantrieb<br \/>\nFehlercodeanzeige<br \/>\nEinfache Bedienung durch Folientastatur<br \/>\nF\u00fcr Dauerbetrieb geeignet<br \/>\nDrehzahlbereich: 0 &#8211; 1000 1\/min<\/p>\n<p>Technische Daten<br \/>\nR\u00fchrstellenanzahl 10<br \/>\nR\u00fchrstellenabstand 90 mm<br \/>\nDrehzahlabweichung zwischen einzelnen R\u00fchrstellen 0 %<br \/>\nR\u00fchrmenge max. pro R\u00fchrstelle (H2O) 0.4 l<br \/>\nMaximale Beladung 10 kg<br \/>\nEinstellm\u00f6glichkeit Drehzahl 10 RPM Schritte<br \/>\nDrehzahlbereich 0 &#8211; 1000 rpm<br \/>\nR\u00fchrst\u00e4bchenl\u00e4nge 25 &#8211; 30 mm<br \/>\nHeizleistung 375 W<br \/>\nHeiztemperaturbereich Raumtemp. &#8211; 120 \u00b0C<br \/>\nEinstellm\u00f6glichkeit Heiztemperatur LED<br \/>\nSicherheitskreis einstellbar 50 &#8211; 150 \u00b0C<br \/>\nAufstellfl\u00e4che Werkstoff Aluminium-Legierung<br \/>\nAufstellfl\u00e4che Abmessungen 180 x 495 mm<br \/>\nHeizrate (1l H2O in H1500) 3 K\/min<br \/>\nAbmessungen (B x H x T) 190 x 60 x 610 mm<br \/>\nGewicht 7.5 kg<br \/>\nZul\u00e4ssiger Umgebungstemperaturbereich 5 &#8211; 40 \u00b0C<br \/>\nZul\u00e4ssige Relative Feuchte 80 %<br \/>\nSchutzart nach DIN EN 60529 IP 40<br \/>\nSpannung 230 V<br \/>\nFrequenz 50\/60 Hz<br \/>\nGer\u00e4teaufnahmeleistung 410 W\n<\/p>\n<p><b>Zubeh\u00f6r- und Ersatzteile auf Anfrage<\/b><\/p>\n","protected":false},"excerpt":{"rendered":"<p>RT 10 Digitaler Mehrstellenmagnetr\u00fchrer mit 10 synchron laufenden R\u00fchrstellen und Heizfunktion. Durch eine ger\u00e4uschlose Spulenantriebstechnik sind die Drehzahlen an allen R\u00fchrstellen identisch. Dadurch k\u00f6nnen Reihenuntersuchungen unter reproduzierbaren Bedingungen durchgef\u00fchrt werden. Die Oberfl\u00e4chentemperaturen lassen sich stufenlos bis 120 \u00b0C einstellen, was zu einer resultierenden Mediumstemperatur von bis zu 70 \u00b0C f\u00fchrt (in Abh\u00e4ngigkeit von dem verwendeten [&hellip;]<\/p>\n","protected":false},"featured_media":3652,"template":"","meta":[],"product_brand":[],"product_cat":[109],"product_tag":[],"class_list":{"0":"post-3651","1":"product","2":"type-product","3":"status-publish","4":"has-post-thumbnail","6":"product_cat-mischerruehrer-und-schuettler","7":"product_shipping_class-standard","9":"first","10":"instock","11":"taxable","12":"shipping-taxable","13":"purchasable","14":"product-type-simple"},"tiered_pricing_type":"fixed","tiered_pricing_fixed_rules":[],"tiered_pricing_product_settings":{"layout":"default","base_unit_name":{"singular":null,"plural":null},"default_variation":null},"tiered_pricing_minimum_quantity":null,"tiered_pricing_roles_data":[],"tiered_pricing_percentage_rules":[],"_links":{"self":[{"href":"https:\/\/lt-laborhandel.de\/en\/wp-json\/wp\/v2\/product\/3651","targetHints":{"allow":["GET"]}}],"collection":[{"href":"https:\/\/lt-laborhandel.de\/en\/wp-json\/wp\/v2\/product"}],"about":[{"href":"https:\/\/lt-laborhandel.de\/en\/wp-json\/wp\/v2\/types\/product"}],"wp:featuredmedia":[{"embeddable":true,"href":"https:\/\/lt-laborhandel.de\/en\/wp-json\/wp\/v2\/media\/3652"}],"wp:attachment":[{"href":"https:\/\/lt-laborhandel.de\/en\/wp-json\/wp\/v2\/media?parent=3651"}],"wp:term":[{"taxonomy":"product_brand","embeddable":true,"href":"https:\/\/lt-laborhandel.de\/en\/wp-json\/wp\/v2\/product_brand?post=3651"},{"taxonomy":"product_cat","embeddable":true,"href":"https:\/\/lt-laborhandel.de\/en\/wp-json\/wp\/v2\/product_cat?post=3651"},{"taxonomy":"product_tag","embeddable":true,"href":"https:\/\/lt-laborhandel.de\/en\/wp-json\/wp\/v2\/product_tag?post=3651"}],"curies":[{"name":"wp","href":"https:\/\/api.w.org\/{rel}","templated":true}]}}