{"id":3638,"date":"2021-03-21T15:06:14","date_gmt":"2021-03-21T14:06:14","guid":{"rendered":"https:\/\/lt-laborhandel.de\/?post_type=product&#038;p=3638"},"modified":"2026-03-26T21:22:50","modified_gmt":"2026-03-26T20:22:50","slug":"ika-magnetruehrer-mit-heizung-keramikplatte-c-mag-hs-4-digital-0004240200","status":"publish","type":"product","link":"https:\/\/lt-laborhandel.de\/en\/produkt\/ika-magnetruehrer-mit-heizung-keramikplatte-c-mag-hs-4-digital-0004240200\/","title":{"rendered":"IKA Magnetr\u00fchrer mit Heizung, Keramikplatte, C-MAG HS 4 digital, 0004240200"},"content":{"rendered":"<p>C-MAG HS 4 digital<br \/>\nMagnetr\u00fchrer mit Heizung und Heizplatte aus Glaskeramik. Diese zeichnet sich durch eine sehr gute chemische Best\u00e4ndigkeit aus.<br \/>\nLeistungsstarker Motor f\u00fcr R\u00fchrmengen bis 5 l (H2O)<br \/>\nGleichzeitige digitale Anzeige von Soll- und Ist-Temperaturen \u00fcber LCD-Anzeige<br \/>\nDirekte Anschlussm\u00f6glichkeit f\u00fcr PT 1000 Temperaturf\u00fchler zur pr\u00e4zisen Temperaturregelung (im Lieferumfang enthalten)<br \/>\nRegelgenauigkeit im Medium +\/- 0,5 K (in Verbindung mit PT 1000)<br \/>\nIstwertanzeige der Temperatur im Medium mit 0,1 K Aufl\u00f6sung bei Verwendung des Temperaturf\u00fchlers PT 1000<br \/>\n3 w\u00e4hlbare Betriebsarten (Standard, Sicher, Verstellschutz)<br \/>\nFester Sicherheitskreis von 550 \u00b0C<br \/>\nHot Top Indicator &gt;&gt; Warnung bei hei\u00dfer Oberfl\u00e4che zum Schutz vor Verbrennungen!<br \/>\nFehlercodeanzeige bei St\u00f6rung<br \/>\nAbgesetzte Bedienfl\u00e4che zum Schutz vor auslaufenden Fl\u00fcssigkeiten<\/p>\n<p>Technische Daten<br \/>\nR\u00fchrstellenanzahl 1<br \/>\nR\u00fchrmenge max. pro R\u00fchrstelle (H2O) 5 l<br \/>\nMaximale Beladung 7.5 kg<br \/>\nMotorleistung Abgabe 1.5 W<br \/>\nDrehrichtung Motor links<br \/>\nEinstellm\u00f6glichkeit Drehzahl Skala 0 &#8211; 6<br \/>\nDrehzahlbereich 100 &#8211; 1500 rpm<br \/>\nR\u00fchrst\u00e4bchenl\u00e4nge max. 30 mm<br \/>\nEigenerw\u00e4rmung Aufstellfl\u00e4che durch max. R\u00fchren (RT:22\u00b0C\/Dauer:1h) +1 K<br \/>\nHeizleistung 250 W<br \/>\nTemperaturanzeige Soll-Wert LCD<br \/>\nTemperaturanzeige Ist-Wert LCD<br \/>\nHeiztemperaturbereich 50 &#8211; 500 \u00b0C<br \/>\nEinstellm\u00f6glichkeit Heiztemperatur Stufenlos<br \/>\nEinstellgenauigkeit Heizplattentemperatur 5 K<br \/>\nAnschluss f\u00fcr ext. Temperaturmessf\u00fchler PT1000<br \/>\nSicherheitskreis fest 550 \u00b0C<br \/>\nAufstellfl\u00e4che Werkstoff Keramik<br \/>\nAufstellfl\u00e4che Abmessungen 100 x 100 mm<br \/>\nHeizrate (1l H2O in H1500) 2.5 K\/min<br \/>\nAbmessungen (B x H x T) 150 x 105 x 260 mm<br \/>\nGewicht 3.566 kg<br \/>\nZul\u00e4ssiger Umgebungstemperaturbereich 5 &#8211; 40 \u00b0C<br \/>\nZul\u00e4ssige Relative Feuchte 80 %<br \/>\nSchutzart nach DIN EN 60529 IP 21<br \/>\nSpannung 230 V<br \/>\nFrequenz 50\/60 Hz<br \/>\nGer\u00e4teaufnahmeleistung 270 W<\/p>\n<p><b>Zubeh\u00f6r- und Ersatzteile auf Anfrage<\/b><\/p>\n","protected":false},"excerpt":{"rendered":"<p>C-MAG HS 4 digital Magnetr\u00fchrer mit Heizung und Heizplatte aus Glaskeramik. Diese zeichnet sich durch eine sehr gute chemische Best\u00e4ndigkeit aus. Leistungsstarker Motor f\u00fcr R\u00fchrmengen bis 5 l (H2O) Gleichzeitige digitale Anzeige von Soll- und Ist-Temperaturen \u00fcber LCD-Anzeige Direkte Anschlussm\u00f6glichkeit f\u00fcr PT 1000 Temperaturf\u00fchler zur pr\u00e4zisen Temperaturregelung (im Lieferumfang enthalten) Regelgenauigkeit im Medium +\/- 0,5 [&hellip;]<\/p>\n","protected":false},"featured_media":3639,"template":"","meta":[],"product_brand":[357],"product_cat":[109,324],"product_tag":[],"class_list":{"0":"post-3638","1":"product","2":"type-product","3":"status-publish","4":"has-post-thumbnail","6":"product_brand-ika","7":"product_cat-mischerruehrer-und-schuettler","8":"product_cat-ika","9":"product_shipping_class-standard","11":"first","12":"instock","13":"taxable","14":"shipping-taxable","15":"purchasable","16":"product-type-simple"},"tiered_pricing_type":"fixed","tiered_pricing_fixed_rules":[],"tiered_pricing_product_settings":{"layout":"default","base_unit_name":{"singular":null,"plural":null},"default_variation":null},"tiered_pricing_minimum_quantity":null,"tiered_pricing_roles_data":[],"tiered_pricing_percentage_rules":[],"_links":{"self":[{"href":"https:\/\/lt-laborhandel.de\/en\/wp-json\/wp\/v2\/product\/3638","targetHints":{"allow":["GET"]}}],"collection":[{"href":"https:\/\/lt-laborhandel.de\/en\/wp-json\/wp\/v2\/product"}],"about":[{"href":"https:\/\/lt-laborhandel.de\/en\/wp-json\/wp\/v2\/types\/product"}],"wp:featuredmedia":[{"embeddable":true,"href":"https:\/\/lt-laborhandel.de\/en\/wp-json\/wp\/v2\/media\/3639"}],"wp:attachment":[{"href":"https:\/\/lt-laborhandel.de\/en\/wp-json\/wp\/v2\/media?parent=3638"}],"wp:term":[{"taxonomy":"product_brand","embeddable":true,"href":"https:\/\/lt-laborhandel.de\/en\/wp-json\/wp\/v2\/product_brand?post=3638"},{"taxonomy":"product_cat","embeddable":true,"href":"https:\/\/lt-laborhandel.de\/en\/wp-json\/wp\/v2\/product_cat?post=3638"},{"taxonomy":"product_tag","embeddable":true,"href":"https:\/\/lt-laborhandel.de\/en\/wp-json\/wp\/v2\/product_tag?post=3638"}],"curies":[{"name":"wp","href":"https:\/\/api.w.org\/{rel}","templated":true}]}}