{"id":3558,"date":"2021-03-14T17:50:54","date_gmt":"2021-03-14T16:50:54","guid":{"rendered":"https:\/\/lt-laborhandel.de\/?post_type=product&#038;p=3558"},"modified":"2026-01-14T07:51:29","modified_gmt":"2026-01-14T06:51:29","slug":"ika-magnetruehrer-mit-heizung-emaillierte-platte-ret-control-visc-white-0005030000","status":"publish","type":"product","link":"https:\/\/lt-laborhandel.de\/en\/produkt\/ika-magnetruehrer-mit-heizung-emaillierte-platte-ret-control-visc-white-0005030000\/","title":{"rendered":"IKA Magnetr\u00fchrer mit Heizung, emaillierte Platte, RET control-visc white, 0005030000"},"content":{"rendered":"<p>RET control-visc white<br \/>\nPATENTIERTE WELTNEUHEIT: Sicherheitsmagnetr\u00fchrer mit Heizung und integrierter Waage. Ein \u00fcbersichtliches multilinguales TFT-Display erleichtert die Einstellung aller Parameter.<br \/>\nEine integrierte Temperaturregelung und der mitgelieferte Temperaturf\u00fchler PT 100 erm\u00f6glichen, die Temperatur hochgenau direkt im Medium zu regeln. Die Heizplatte besteht aus einem Edelstahl-Verbundmaterial mit einer chemisch best\u00e4ndigen wei\u00dfen Keramik-Beschichtung. Sie erreicht eine Temperatur von 340 \u00b0C und garantiert so kurze Aufheizzeiten.<br \/>\nEine RS 232- und eine USB-Schnittstelle erm\u00f6glichen, den Magnetr\u00fchrer anzusteuern und alle Versuchsparameter zu dokumentieren. Die zuschaltbare Lock-Funktion verhindert das versehentliche Verstellen der Drehzahl und der Temperatur. Zum Schutz der Anwender wird die aktuelle Temperatur auch bei ausgeschaltetem Ger\u00e4t angezeigt. Unterhalb von 50 \u00b0C schaltet sich die Anzeige automatisch ab.<br \/>\nBNC-Buchse zum Anschluss einer pH- Elektrode<br \/>\nEinstellbarer Temperaturregelmodus: Schnelles Aufheizen oder hochgenaues Temperieren<br \/>\nDoppelf\u00fchler zur gleichzeitigen Regelung der W\u00e4rmetr\u00e4gertemperatur und der Mediumtemperatur<br \/>\nTimer- und Countdownfunktion<br \/>\nAnzeige der tendenziellen \u00c4nderung der Viskosit\u00e4t<br \/>\nMagnetabrisserkennung<br \/>\nIntervallbetrieb<br \/>\nWahlm\u00f6glichkeit zwischen verschiedenen Betriebsarten<br \/>\nEinstellbarer Sicherheitskreis der Heizplattentemperatur von 50 bis 380 \u00b0C<br \/>\nTransparente Schutzhaube im Lieferumfang enthalten<br \/>\nFehlercodeanzeige bei St\u00f6rung<br \/>\nExakte Temperatur- und Drehzahleinstellung \u00fcber Digitalanzeige; auch bei ausgeschalteter Funktion<br \/>\nSicherheitsmagnetr\u00fchrer mit Heizung geeignet f\u00fcr den unbewachten Betrieb<br \/>\nGeschlossene Bauweise (IP 42) garantiert lange Lebensdauer<br \/>\nAutomatische Abschaltung der Temperier-Funktion, wenn der angeschlossene externe Temperaturf\u00fchler nicht ins Medium eingetaucht ist. Funktion w\u00e4hlbar, Timeout-Zeit einstellbar (Error 5)<\/p>\n<p>Technische Daten<br \/>\nR\u00fchrstellenanzahl 1<br \/>\nR\u00fchrmenge max. pro R\u00fchrstelle (H2O) 20 l<br \/>\nMaximale Beladung 25 kg<br \/>\nMotorleistung Abgabe 9 W<br \/>\nDrehrichtung Motor rechts<br \/>\nDrehzahlanzeige Soll-Wert TFT<br \/>\nDrehzahlanzeige Ist-Wert TFT<br \/>\nEinstellm\u00f6glichkeit Drehzahl Drehknopf<br \/>\nDrehzahlbereich 50 &#8211; 1700 rpm<br \/>\nEinstellgenauigkeit Drehzahl 10 rpm<br \/>\nR\u00fchrst\u00e4bchenl\u00e4nge 20 &#8211; 80 mm<br \/>\nEigenerw\u00e4rmung Aufstellfl\u00e4che durch max. R\u00fchren (RT:22\u00b0C\/Dauer:1h) +28 K<br \/>\nHeizleistung 600 W<br \/>\nTemperaturanzeige Soll-Wert TFT<br \/>\nTemperaturanzeige Ist-Wert TFT<br \/>\nTemperatureinheit \u00b0C \/ \u00b0F<br \/>\nHeiztemperaturbereich Raumtemp. + Eigenerw\u00e4rmung Ger\u00e4t &#8211; 340 \u00b0C<br \/>\nEinstellm\u00f6glichkeit Heiztemperatur Drehknopf<br \/>\nHeiztemperatur Einstellbereich 0 &#8211; 340 \u00b0C<br \/>\nEinstellgenauigkeit Heizplattentemperatur 0.1 K<br \/>\nAnschluss f\u00fcr ext. Temperaturmessf\u00fchler PT100\/PT1000 (Doppelsensor)<br \/>\nEigenschaften im Medium mit Temperaturmessf\u00fchler 1l M50 \u00d6l im H1500<br \/>\nMediumstempertur max. 270 \u00b0C<br \/>\nEinstellgenauigkeit Mediumstemperatur 0.1 K<br \/>\nSicherheitskreis einstellbar 50 &#8211; 380 \u00b0C<br \/>\nAufstellfl\u00e4che Werkstoff Technische Emaille<br \/>\nAufstellfl\u00e4che Abmessungen \u00d8 135 mm<br \/>\nIntervallbetrieb ja<br \/>\nViskosit\u00e4tstrendmessung ja<br \/>\nAbrisserkennung Ruehrstab ja<br \/>\nZeitschaltuhr ja<br \/>\npH Messfunktion ja \/ BNC Buchse &#8211; female<br \/>\nGraph Funktion ja<br \/>\nProgramme ja<br \/>\nF\u00fchler im Medium Erkennung (Error 5) ja<br \/>\nWiegefunktion ja<br \/>\nWiegebereich 10-5000 g<br \/>\nWiegegenauigkeit \u00b1(0.3%+2) g<br \/>\nZuladung f\u00fcr Wiegfunktion max. 5 kg<br \/>\nHeizrate (1l H2O in H1500) 7 K\/min<br \/>\nAbmessungen (B x H x T) 160 x 85 x 270 mm<br \/>\nGewicht 2.7 kg<br \/>\nZul\u00e4ssiger Umgebungstemperaturbereich 5 &#8211; 40 \u00b0C<br \/>\nZul\u00e4ssige Relative Feuchte 80 %<br \/>\nSchutzart nach DIN EN 60529 IP 42<br \/>\nRS 232 Schnittstelle ja<br \/>\nUSB Schnittstelle ja<br \/>\nSpannung 220 &#8211; 240 V<br \/>\nFrequenz 50\/60 Hz<br \/>\nGer\u00e4teaufnahmeleistung 650 W<\/p>\n<p><b>Zubeh\u00f6r- und Ersatzteile auf Anfrage<\/b><\/p>\n","protected":false},"excerpt":{"rendered":"<p>RET control-visc white PATENTIERTE WELTNEUHEIT: Sicherheitsmagnetr\u00fchrer mit Heizung und integrierter Waage. Ein \u00fcbersichtliches multilinguales TFT-Display erleichtert die Einstellung aller Parameter. Eine integrierte Temperaturregelung und der mitgelieferte Temperaturf\u00fchler PT 100 erm\u00f6glichen, die Temperatur hochgenau direkt im Medium zu regeln. Die Heizplatte besteht aus einem Edelstahl-Verbundmaterial mit einer chemisch best\u00e4ndigen wei\u00dfen Keramik-Beschichtung. Sie erreicht eine Temperatur von [&hellip;]<\/p>\n","protected":false},"featured_media":3559,"template":"","meta":[],"product_brand":[],"product_cat":[109],"product_tag":[],"class_list":{"0":"post-3558","1":"product","2":"type-product","3":"status-publish","4":"has-post-thumbnail","6":"product_cat-mischerruehrer-und-schuettler","7":"product_shipping_class-standard","9":"first","10":"instock","11":"taxable","12":"shipping-taxable","13":"purchasable","14":"product-type-simple"},"tiered_pricing_type":"fixed","tiered_pricing_fixed_rules":[],"tiered_pricing_product_settings":{"layout":"default","base_unit_name":{"singular":null,"plural":null},"default_variation":null},"tiered_pricing_minimum_quantity":null,"tiered_pricing_roles_data":[],"tiered_pricing_percentage_rules":[],"_links":{"self":[{"href":"https:\/\/lt-laborhandel.de\/en\/wp-json\/wp\/v2\/product\/3558","targetHints":{"allow":["GET"]}}],"collection":[{"href":"https:\/\/lt-laborhandel.de\/en\/wp-json\/wp\/v2\/product"}],"about":[{"href":"https:\/\/lt-laborhandel.de\/en\/wp-json\/wp\/v2\/types\/product"}],"wp:featuredmedia":[{"embeddable":true,"href":"https:\/\/lt-laborhandel.de\/en\/wp-json\/wp\/v2\/media\/3559"}],"wp:attachment":[{"href":"https:\/\/lt-laborhandel.de\/en\/wp-json\/wp\/v2\/media?parent=3558"}],"wp:term":[{"taxonomy":"product_brand","embeddable":true,"href":"https:\/\/lt-laborhandel.de\/en\/wp-json\/wp\/v2\/product_brand?post=3558"},{"taxonomy":"product_cat","embeddable":true,"href":"https:\/\/lt-laborhandel.de\/en\/wp-json\/wp\/v2\/product_cat?post=3558"},{"taxonomy":"product_tag","embeddable":true,"href":"https:\/\/lt-laborhandel.de\/en\/wp-json\/wp\/v2\/product_tag?post=3558"}],"curies":[{"name":"wp","href":"https:\/\/api.w.org\/{rel}","templated":true}]}}