{"id":3552,"date":"2021-03-14T17:34:27","date_gmt":"2021-03-14T16:34:27","guid":{"rendered":"https:\/\/lt-laborhandel.de\/?post_type=product&#038;p=3552"},"modified":"2026-03-26T16:29:44","modified_gmt":"2026-03-26T15:29:44","slug":"ika-ret-basic-magnetruehrer-0003622000","status":"publish","type":"product","link":"https:\/\/lt-laborhandel.de\/en\/produkt\/ika-ret-basic-magnetruehrer-0003622000\/","title":{"rendered":"IKA RET basic Magnetr\u00fchrer mit Heizung, 20 L, Edelstahlplatte, 0003622000"},"content":{"rendered":"<h3 data-path-to-node=\"12\">Hocheffiziente Temperierung durch massive Edelstahl-Heizplatte<\/h3>\n<p data-path-to-node=\"12\">In der organischen Synthese, der pharmazeutischen Qualit\u00e4tskontrolle und der pr\u00e4parativen Chemie ist die reproduzierbare und schnelle Temperierung von fl\u00fcssigen Medien eine absolute Grundvoraussetzung. Der IKA RET basic Magnetr\u00fchrer ist exakt f\u00fcr diese robusten Laboranwendungen konzipiert. Sein thermodynamisches Herzst\u00fcck bildet die kreisrunde Heizplatte mit einem Durchmesser von 135 Millimetern. Im Gegensatz zu Keramikplatten ist diese Aufstellfl\u00e4che aus einer massiven, extrem hochwertigen Edelstahllegierung (1.4301) gefertigt. Dieser Werkstoff bietet eine un\u00fcbertroffene, direkte Temperaturleitf\u00e4higkeit. Die Heizleistung von starken 600 Watt wird praktisch verlustfrei und absolut homogen \u00fcber die gesamte Fl\u00e4che an das Reaktionsgef\u00e4\u00df \u00fcbertragen. Dies erm\u00f6glicht Spitzentemperaturen von bis zu 340 \u00b0C an der Heizplatte und garantiert extrem kurze Aufheizraten, was die Prozesszeiten bei gro\u00dfvolumigen Ans\u00e4tzen massiv reduziert. Zudem ist die Edelstahloberfl\u00e4che physikalisch extrem robust gegen mechanische St\u00f6\u00dfe (beispielsweise durch schwere Glasreaktoren) und l\u00e4sst sich nach Kontaminationen r\u00fcckstandslos reinigen.<\/p>\n<h3 data-path-to-node=\"13\">Mikroprozessorgesteuerte Antriebstechnik f\u00fcr konstantes Drehmoment<\/h3>\n<p data-path-to-node=\"13\">Die kinetische Durchmischung wird beim RET basic durch einen verschlei\u00dffreien, b\u00fcrstenlosen Gleichstrommotor (BLDC-Technologie) realisiert. Dieser Antrieb garantiert nicht nur eine extrem lange Lebensdauer ohne l\u00e4stige Wartungsintervalle, sondern liefert auch ein konstant hohes Drehmoment \u00fcber das gesamte Drehzahlband von 50 bis 1.700 Umdrehungen pro Minute. Ein kritischer Faktor bei komplexen chemischen Reaktionen \u2013 wie beispielsweise bei Polymerisationen oder dem Auskristallisieren von \u00fcbers\u00e4ttigten L\u00f6sungen \u2013 ist die kontinuierliche Zunahme der Viskosit\u00e4t. Die intelligente Mikroprozessorregelung des IKA RET basic gleicht diese physikalischen Widerstands\u00e4nderungen im Medium in Echtzeit aus. Die eingestellte Drehzahl wird absolut konstant gehalten, und ein gef\u00e4hrliches Abrei\u00dfen des Magnetr\u00fchrst\u00e4bchens (der sogenannte &#8220;Break-away&#8221; Effekt) wird durch das extrem starke, fokussierte Magnetfeld unterhalb der Edelstahlplatte effektiv verhindert. Mit einer gewaltigen R\u00fchrkapazit\u00e4t von bis zu 20 Litern (bezogen auf die physikalische Viskosit\u00e4t von Wasser) ist das Ger\u00e4t auch f\u00fcr den direkten Scale-up-Prozess in das Pilot-Stadium hervorragend dimensioniert.<\/p>\n<h3 data-path-to-node=\"14\">Closed-Loop-Temperaturregelung f\u00fcr h\u00f6chste Analysengenauigkeit<\/h3>\n<p data-path-to-node=\"14\">Die reine Steuerung der Heizplattentemperatur ist f\u00fcr sensible enzymatische Reaktionen oder exotherme Synthesen oftmals unzureichend. Der IKA RET basic verf\u00fcgt daher \u00fcber eine r\u00fcckseitige DIN 12878 Buchse zum direkten Anschluss eines externen Temperaturmessf\u00fchlers (wie dem im Standard-Lieferumfang enthaltenen PT 1000.60). Sobald der F\u00fchler in das fl\u00fcssige Medium eingetaucht und mit dem Ger\u00e4t verbunden wird, schaltet der R\u00fchrer automatisch in einen hochpr\u00e4zisen Regelkreis (Closed-Loop) um. Die Heizleistung wird nun vorausschauend basierend auf der tats\u00e4chlichen Ist-Temperatur in der Probe nachgeregelt. Ein gef\u00e4hrliches \u00dcberschwingen (Overshooting) der Zieltemperatur wird durch den PID-Regelalgorithmus zuverl\u00e4ssig verhindert. F\u00fcr Anwendungen, die eine noch extremere Genauigkeit oder die gleichzeitige Steuerung von externen K\u00fchlventilen erfordern, ist das Ger\u00e4t zudem vollumf\u00e4nglich kompatibel mit den elektronischen Kontaktthermometern der IKA ETS-D5 und ETS-D6 Serie.<\/p>\n<h3 data-path-to-node=\"15\">Analoges Bedienkonzept vereint mit digitaler \u00dcberwachung<\/h3>\n<p data-path-to-node=\"15\">Die Ergonomie des RET basic ist konsequent auf den schnellen Laboralltag ausgerichtet. Die Einstellung von Solltemperatur und Zieldrehzahl erfolgt \u00fcber zwei griffige, stufenlose Drehregler, die auch mit schweren Schutzhandschuhen intuitiv bedient werden k\u00f6nnen. Gleichzeitig bietet das integrierte, leuchtstarke LED-Display eine sofortige visuelle Kontrolle. Der Anwender kann auf Knopfdruck jederzeit zwischen der Anzeige der exakten Ist- und Sollwerte umschalten. Dieses hybride Konzept vereint die Schnelligkeit analoger Instrumente mit der Pr\u00e4zision und der GLP-gerechten Ablesbarkeit digitaler Systeme.<\/p>\n<h3 data-path-to-node=\"16\">Sicherheitsarchitektur f\u00fcr den autarken Dauerbetrieb<\/h3>\n<p data-path-to-node=\"16\">Beim unbeaufsichtigten Dauerbetrieb (beispielsweise bei \u00dcbernacht-Synthesen) muss ein Laborger\u00e4t absolute Arbeitssicherheit (Occupational Health and Safety) gew\u00e4hrleisten. Der RET basic ist nach Schutzart IP 42 konstruiert; das geschlossene Aluminium-Druckgussgeh\u00e4use sch\u00fctzt die sensible Leistungselektronik zuverl\u00e4ssig vor dem Eindringen von \u00fcberkochenden Fl\u00fcssigkeiten oder aggressiven D\u00e4mpfen. Ein essenzielles Sicherheitsfeature ist der hardwareseitig einstellbare Sicherheitskreis. Mit einem kleinen Werkzeug l\u00e4sst sich auf der Ger\u00e4ter\u00fcckseite eine absolute Temperaturobergrenze (zwischen 50 und 360 \u00b0C) mechanisch festlegen. Wird dieser Wert durch einen elektronischen Defekt \u00fcberschritten, trennt das Ger\u00e4t die Heizung physisch vom Netz. Die integrierte &#8220;Hot Top&#8221; Warnanzeige blinkt zudem un\u00fcbersehbar auf, solange die Heizplatte nach dem Ausschalten noch eine gef\u00e4hrliche Restw\u00e4rme aufweist, und sch\u00fctzt das Laborpersonal so effektiv vor schweren Verbrennungen.<\/p>\n<h3 data-path-to-node=\"18\">Technische Details<\/h3>\n<ul>\n<li data-path-to-node=\"19,0,0\">R\u00fchrmenge max. (H\u2082O): 20 Liter<\/li>\n<li data-path-to-node=\"19,1,0\">Heizleistung: 600 W<\/li>\n<li data-path-to-node=\"19,2,0\">Temperaturbereich (Heizplatte): Raumtemperatur bis 340 \u00b0C<\/li>\n<li data-path-to-node=\"19,3,0\">Drehzahlbereich: 50 \u2013 1700 U\/min (elektronisch geregelt)<\/li>\n<li data-path-to-node=\"19,4,0\">Antriebstechnologie: B\u00fcrstenloser Gleichstrommotor (wartungsfreier BLDC-Motor)<\/li>\n<li data-path-to-node=\"19,5,0\">Aufstellfl\u00e4che (Material): Edelstahl (G\u00fcteklasse 1.4301)<\/li>\n<li data-path-to-node=\"19,6,0\">Aufstellfl\u00e4che (Abmessungen): \u00d8 135 mm<\/li>\n<li data-path-to-node=\"19,7,0\">Anschluss f\u00fcr externen Temperaturf\u00fchler: DIN 12878 Buchse (f\u00fcr PT 1000 oder ETS-D5\/D6)<\/li>\n<li data-path-to-node=\"19,8,0\">Regelgenauigkeit (mit PT 1000 F\u00fchler): \u00b1 1 K<\/li>\n<li data-path-to-node=\"19,9,0\">Sicherheitskreis (einstellbar): 50 \u2013 360 \u00b0C (Hardware-Limitierung)<\/li>\n<li data-path-to-node=\"19,10,0\">Sicherheitsanzeige: &#8220;Hot Top&#8221; Indikator warnt vor hei\u00dfer Oberfl\u00e4che<\/li>\n<li data-path-to-node=\"19,11,0\">Bedienkonzept: Analoge Drehregler mit umschaltbarem LED-Digitaldisplay<\/li>\n<li data-path-to-node=\"19,12,0\">Empfohlene R\u00fchrst\u00e4bchenl\u00e4nge: 20 \u2013 80 mm<\/li>\n<li data-path-to-node=\"19,13,0\">Abmessungen (B x H x T): 160 x 95 x 270 mm<\/li>\n<li data-path-to-node=\"19,14,0\">Gewicht: 2,5 kg<\/li>\n<li data-path-to-node=\"19,15,0\">Schutzart (nach DIN EN 60529): IP 42<\/li>\n<li data-path-to-node=\"19,16,0\">Zul\u00e4ssige Umgebungstemperatur: 5 \u2013 40 \u00b0C (bei max. 80 % relativer Luftfeuchtigkeit)<\/li>\n<\/ul>\n<h3 data-path-to-node=\"21\">Lieferumfang<\/h3>\n<ul>\n<li data-path-to-node=\"22,0,0\">1 x IKA RET basic Magnetr\u00fchrer mit Heizung<\/li>\n<li data-path-to-node=\"22,1,0\">1 x IKA PT 1000.60 Temperaturmessf\u00fchler (Edelstahl) zur direkten Mediumsregelung<\/li>\n<li data-path-to-node=\"22,2,0\">1 x Magnetr\u00fchrst\u00e4bchen (IKAFLON 30 oder 40 mm)<\/li>\n<li data-path-to-node=\"22,3,0\">1 x Schraubendreher (zum Justieren des Sicherheitskreises)<\/li>\n<li data-path-to-node=\"22,4,0\">1 x Kaltger\u00e4te-Netzkabel<\/li>\n<li data-path-to-node=\"22,5,0\">1 x Umfassende Betriebsanleitung<\/li>\n<\/ul>\n<h3 data-path-to-node=\"23\">Individueller Bedarf &amp; Zubeh\u00f6r<\/h3>\n<p data-path-to-node=\"24\">Der beiliegende PT 1000 Temperaturf\u00fchler garantiert eine exakte Prozessf\u00fchrung, muss jedoch physisch sicher im Becherglas oder Rundkolben fixiert werden. Wir raten dringend dazu, die passende Halterungsinfrastruktur direkt mitzubestellen: Ben\u00f6tigt werden das <b data-path-to-node=\"24\" data-index-in-node=\"259\">Bodenstativ H 16 V<\/b>, die <b data-path-to-node=\"24\" data-index-in-node=\"283\">Kreuzmuffe H 44<\/b> sowie der <b data-path-to-node=\"24\" data-index-in-node=\"309\">Haltestab H 38<\/b>. F\u00fcr anspruchsvolle \u00d6lbad-Erhitzungen oder Reaktionen, bei denen das Reaktionsgef\u00e4\u00df die Heizplatte nicht ber\u00fchren darf, empfehlen wir die ma\u00dfgeschneiderten IKA Synthesebl\u00f6cke (z. B. H 135.10 f\u00fcr Rundkolben). Unser <a class=\"ng-star-inserted\" href=\"https:\/\/lt-laborhandel.de\/service\/\" target=\"_blank\" rel=\"noopener\">Beschaffungsservice<\/a> steht Ihnen bei der Konfiguration Ihres optimalen Synthese-Setups jederzeit zur Verf\u00fcgung.<\/p>\n","protected":false},"excerpt":{"rendered":"<ul>\n<li data-path-to-node=\"33,1,0\">Hochleistungs-Heizplatte: Massive Edelstahloberfl\u00e4che (\u00d8 135 mm) f\u00fcr verlustfreien W\u00e4rmetransfer bis 340 \u00b0C.<\/li>\n<li data-path-to-node=\"33,2,0\">Profi-Kapazit\u00e4t: Konstantes R\u00fchren (bis 1.700 U\/min) und Temperieren von bis zu 20 Litern (H\u2082O).<\/li>\n<li data-path-to-node=\"33,3,0\">Exakte Temperaturregelung: Inklusive externem PT 1000.60 Messf\u00fchler f\u00fcr die direkte Kontrolle im Medium.<\/li>\n<li data-path-to-node=\"33,4,0\">Autarker Dauerbetrieb: Verschlei\u00dffreier, b\u00fcrstenloser Gleichstrommotor (BLDC) h\u00e4lt Drehmoment konstant.<\/li>\n<li data-path-to-node=\"33,5,0\">Intelligente Sicherheit: Einstellbarer, physischer Sicherheitskreis (50-360 \u00b0C) und optische Hot-Top-Warnung.<\/li>\n<li data-path-to-node=\"33,6,0\">Robustes Geh\u00e4use: Geschlossener Aluminium-Druckguss (IP 42) sch\u00fctzt vor \u00fcberkochenden Chemikalien.<\/li>\n<li data-path-to-node=\"33,6,0\">MPN: 0003622000 | EAN: 4053411003142<\/li>\n<\/ul>\n","protected":false},"featured_media":25281,"template":"","meta":[],"product_brand":[357],"product_cat":[109,324],"product_tag":[],"class_list":{"0":"post-3552","1":"product","2":"type-product","3":"status-publish","4":"has-post-thumbnail","6":"product_brand-ika","7":"product_cat-mischerruehrer-und-schuettler","8":"product_cat-ika","9":"product_shipping_class-standard","11":"first","12":"instock","13":"sale","14":"taxable","15":"shipping-taxable","16":"purchasable","17":"product-type-simple"},"tiered_pricing_type":"fixed","tiered_pricing_fixed_rules":[],"tiered_pricing_product_settings":{"layout":"default","base_unit_name":{"singular":null,"plural":null},"default_variation":null},"tiered_pricing_minimum_quantity":null,"tiered_pricing_roles_data":[],"tiered_pricing_percentage_rules":[],"_links":{"self":[{"href":"https:\/\/lt-laborhandel.de\/en\/wp-json\/wp\/v2\/product\/3552","targetHints":{"allow":["GET"]}}],"collection":[{"href":"https:\/\/lt-laborhandel.de\/en\/wp-json\/wp\/v2\/product"}],"about":[{"href":"https:\/\/lt-laborhandel.de\/en\/wp-json\/wp\/v2\/types\/product"}],"wp:featuredmedia":[{"embeddable":true,"href":"https:\/\/lt-laborhandel.de\/en\/wp-json\/wp\/v2\/media\/25281"}],"wp:attachment":[{"href":"https:\/\/lt-laborhandel.de\/en\/wp-json\/wp\/v2\/media?parent=3552"}],"wp:term":[{"taxonomy":"product_brand","embeddable":true,"href":"https:\/\/lt-laborhandel.de\/en\/wp-json\/wp\/v2\/product_brand?post=3552"},{"taxonomy":"product_cat","embeddable":true,"href":"https:\/\/lt-laborhandel.de\/en\/wp-json\/wp\/v2\/product_cat?post=3552"},{"taxonomy":"product_tag","embeddable":true,"href":"https:\/\/lt-laborhandel.de\/en\/wp-json\/wp\/v2\/product_tag?post=3552"}],"curies":[{"name":"wp","href":"https:\/\/api.w.org\/{rel}","templated":true}]}}