{"id":3487,"date":"2021-03-07T15:08:57","date_gmt":"2021-03-07T14:08:57","guid":{"rendered":"https:\/\/lt-laborhandel.de\/?post_type=product&#038;p=3487"},"modified":"2026-01-14T07:51:28","modified_gmt":"2026-01-14T06:51:28","slug":"ika-magnetruehrer-mit-heizung-rh-basic-0005019700","status":"publish","type":"product","link":"https:\/\/lt-laborhandel.de\/en\/produkt\/ika-magnetruehrer-mit-heizung-rh-basic-0005019700\/","title":{"rendered":"IKA Magnetr\u00fchrer mit Heizung RH basic, 0005019700"},"content":{"rendered":"<p>RH basic<br \/>\nPreisg\u00fcnstiger Magnetr\u00fchrer mit Heizung im neuen innovativen Design. Mit Buchse nach DIN 12878 f\u00fcr den Anschluss eines elektronischen Kontaktthermometers, z.B. ETS-D5. Dadurch lassen sich Temperaturen hochgenau direkt im Medium regeln. Eine hohe Heizleistung von 600 Watt und eine Heizplatte aus einer Edelstahl-Kupfer-Verbindung garantieren schnelle Aufheizzeiten. Mit einstellbarem Sicherheitskreis der Heizplattentemperatur von 100 \u2013 360 \u00b0C.<br \/>\nSanftanlauf des R\u00fchrmotors<br \/>\nMit Gewinde M 10 zur Adaption eines Stativstabes<br \/>\nStarkes Magnetfeld und gro\u00dfer Drehzahlbereich f\u00fcr Volumen bis 15 Liter<\/p>\n<p>Technische Daten<br \/>\nR\u00fchrstellenanzahl 1<br \/>\nR\u00fchrmenge max. pro R\u00fchrstelle (H2O) 15 l<br \/>\nMaximale Beladung 20 kg<br \/>\nMotorleistung Abgabe 2 W<br \/>\nDrehrichtung Motor links<br \/>\nDrehzahlanzeige Soll-Wert Skala<br \/>\nEinstellm\u00f6glichkeit Drehzahl Drehknopf<br \/>\nDrehzahlbereich 100 &#8211; 2000 rpm<br \/>\nR\u00fchrst\u00e4bchenl\u00e4nge 20 &#8211; 80 mm<br \/>\nEigenerw\u00e4rmung Aufstellfl\u00e4che durch max. R\u00fchren (RT:22\u00b0C\/Dauer:1h) +28 K<br \/>\nHeizleistung 600 W<br \/>\nTemperaturanzeige Soll-Wert Skala<br \/>\nTemperatureinheit \u00b0C<br \/>\nHeiztemperaturbereich 50 &#8211; 320 \u00b0C<br \/>\nEinstellm\u00f6glichkeit Heiztemperatur Skala<br \/>\nHeiztemperatur Einstellbereich 0 &#8211; 320 \u00b0C<br \/>\nAnschluss f\u00fcr ext. Temperaturmessf\u00fchler ETS-D5<br \/>\nEigenschaften im Medium mit Temperaturmessf\u00fchler 1l M50 \u00d6l im H1500<br \/>\nSicherheitskreis einstellbar 100 &#8211; 360 \u00b0C<br \/>\nAufstellfl\u00e4che Werkstoff Edelstahl 1.4301<br \/>\nAufstellfl\u00e4che Abmessungen \u00d8 135 mm<br \/>\nHeizrate (1l H2O in H1500) 6 K\/min<br \/>\nAbmessungen (B x H x T) 160 x 100 x 250 mm<br \/>\nGewicht 3.135 kg<br \/>\nZul\u00e4ssiger Umgebungstemperaturbereich 5 &#8211; 40 \u00b0C<br \/>\nZul\u00e4ssige Relative Feuchte 80 %<br \/>\nSchutzart nach DIN EN 60529 IP 21<br \/>\nSpannung 230 V<br \/>\nFrequenz 50\/60 Hz<br \/>\nGer\u00e4teaufnahmeleistung 620 W<\/p>\n<p><b>Zubeh\u00f6r- und Ersatzteile auf Anfrage<\/b><\/p>\n","protected":false},"excerpt":{"rendered":"<p>RH basic Preisg\u00fcnstiger Magnetr\u00fchrer mit Heizung im neuen innovativen Design. Mit Buchse nach DIN 12878 f\u00fcr den Anschluss eines elektronischen Kontaktthermometers, z.B. ETS-D5. Dadurch lassen sich Temperaturen hochgenau direkt im Medium regeln. Eine hohe Heizleistung von 600 Watt und eine Heizplatte aus einer Edelstahl-Kupfer-Verbindung garantieren schnelle Aufheizzeiten. Mit einstellbarem Sicherheitskreis der Heizplattentemperatur von 100 \u2013 [&hellip;]<\/p>\n","protected":false},"featured_media":3488,"template":"","meta":[],"product_brand":[],"product_cat":[109],"product_tag":[],"class_list":{"0":"post-3487","1":"product","2":"type-product","3":"status-publish","4":"has-post-thumbnail","6":"product_cat-mischerruehrer-und-schuettler","7":"product_shipping_class-standard","9":"first","10":"instock","11":"taxable","12":"shipping-taxable","13":"purchasable","14":"product-type-simple"},"tiered_pricing_type":"fixed","tiered_pricing_fixed_rules":[],"tiered_pricing_product_settings":{"layout":"default","base_unit_name":{"singular":null,"plural":null},"default_variation":null},"tiered_pricing_minimum_quantity":null,"tiered_pricing_roles_data":[],"tiered_pricing_percentage_rules":[],"_links":{"self":[{"href":"https:\/\/lt-laborhandel.de\/en\/wp-json\/wp\/v2\/product\/3487","targetHints":{"allow":["GET"]}}],"collection":[{"href":"https:\/\/lt-laborhandel.de\/en\/wp-json\/wp\/v2\/product"}],"about":[{"href":"https:\/\/lt-laborhandel.de\/en\/wp-json\/wp\/v2\/types\/product"}],"wp:featuredmedia":[{"embeddable":true,"href":"https:\/\/lt-laborhandel.de\/en\/wp-json\/wp\/v2\/media\/3488"}],"wp:attachment":[{"href":"https:\/\/lt-laborhandel.de\/en\/wp-json\/wp\/v2\/media?parent=3487"}],"wp:term":[{"taxonomy":"product_brand","embeddable":true,"href":"https:\/\/lt-laborhandel.de\/en\/wp-json\/wp\/v2\/product_brand?post=3487"},{"taxonomy":"product_cat","embeddable":true,"href":"https:\/\/lt-laborhandel.de\/en\/wp-json\/wp\/v2\/product_cat?post=3487"},{"taxonomy":"product_tag","embeddable":true,"href":"https:\/\/lt-laborhandel.de\/en\/wp-json\/wp\/v2\/product_tag?post=3487"}],"curies":[{"name":"wp","href":"https:\/\/api.w.org\/{rel}","templated":true}]}}