{"id":3470,"date":"2021-03-06T16:37:32","date_gmt":"2021-03-06T15:37:32","guid":{"rendered":"https:\/\/lt-laborhandel.de\/?post_type=product&#038;p=3470"},"modified":"2026-01-14T07:51:26","modified_gmt":"2026-01-14T06:51:26","slug":"ika-viskosimeter-package-inkl-elektr-stativ-und-spindeln-rotavisc-lo-vi-heli-complete-0025008225","status":"publish","type":"product","link":"https:\/\/lt-laborhandel.de\/en\/produkt\/ika-viskosimeter-package-inkl-elektr-stativ-und-spindeln-rotavisc-lo-vi-heli-complete-0025008225\/","title":{"rendered":"IKA Viskosimeter Package inkl. elektr. Stativ und Spindeln ROTAVISC lo-vi HELI Complete, 0010013698"},"content":{"rendered":"<p>ROTAVISC lo-vi HELI Complete<br \/>\nOb einfache oder anspruchsvolle Viskosit\u00e4tsmessung &#8211; IKA ROTAVISC lo-vi HELI Complete bestimmt schnell und exakt die Viskosit\u00e4t von niedrigviskosen Fl\u00fcssigkeiten in allen Anwendungsbereichen vom Labor bis zur Qualit\u00e4tskontrolle.<\/p>\n<p>Im Lieferumfang sind Standardspindelset (SP 1- SP 4), Schutzb\u00fcgel, Temperatursensor und das motorbetriebene HELISTAND Stativ mit T-SP-Set enthalten.<\/p>\n<p>Spielend einfach zu bedienen<br \/>\n\u00dcber das gro\u00dfz\u00fcgige 4,3\u2033 TFT Display erwartet Sie eine intuitive Men\u00fcf\u00fchrung. Eine digitale Libelle unterst\u00fctzt zudem bei der richtigen Einstellung der Startbedingung. Wiederkehrende Aufgaben erleichtert die einfache Rampenfunktion.<\/p>\n<p>H\u00f6chste Messgenauigkeit<br \/>\nDie Genauigkeit der ROTAVISC Rotationsviskosimeter liegt f\u00fcr newtonsche und nicht newtonsche Fl\u00fcssigkeiten bei +\/- 1 % vom Messbereich. Die Reproduzierbarkeit betr\u00e4gt +\/- 0,2 %.<\/p>\n<p>Stufenlose Drehzahl<br \/>\nMit ROTAVISC haben Sie ein Viskosimeter, bei dem Sie die Drehzahl stufenlos einstellen k\u00f6nnen.<\/p>\n<p>Viskosit\u00e4tsmessung in Bewegung<br \/>\nDas motorbetriebene Stativ IKA HELISTAND bewegt das montierte Viskosimeter und seinen Rotationsk\u00f6rper langsam und gleichm\u00e4\u00dfig in der Probe auf und ab.<\/p>\n<p>IKA ROTAVISC lo-vi HELI Complete<br \/>\nViskosit\u00e4t-Messbereich: 15 &#8211; 6.000.000 mPas<\/p>\n<p>Technische Daten<br \/>\nViskosit\u00e4t-Me\u00dfbereich 6000000 mPas<br \/>\nViskosit\u00e4t-Genauigkeit (FSR) 1 %<br \/>\nViskosit\u00e4t Wiederholgenauigkeit (FSR) 0.2 %<br \/>\nFeder &#8211; Drehmoment 0.0673 mNm<br \/>\nF\u00fchrungsschiene lo-vi<br \/>\nMess-Spindeln SP set-1<br \/>\nMotorleistung Abgabe 4.8 W<br \/>\nSchutz vor \u00dcberlast ja<br \/>\nDrehrichtung Motor rechts<br \/>\nAnzeige TFT<br \/>\nDrehzahlanzeige TFT<br \/>\nDrehzahlbereich 0.01 &#8211; 200 rpm<br \/>\nEinstellgenauigkeit Drehzahl \u00b10.01 rpm<br \/>\nEinstellm\u00f6glichkeit Drehzahl TFT<br \/>\nDrehmomentanzeige ja<br \/>\nDrehmomentmessung ja<br \/>\nZeitschaltuhr ja<br \/>\nAnzeige Zeitschaltuhr TFT<br \/>\nZeiteinstellbereich 0.017 &#8211; 6000 min<br \/>\nAufl\u00f6sung Temperaturmessung 0.1 K<br \/>\nArbeitstemperaturanzeige TFT<br \/>\nAnschluss f\u00fcr ext. Temperaturmessf\u00fchler PT 100<br \/>\nGraph Funktion ja<br \/>\nBetriebsart Timer- und Dauerbetrieb<br \/>\nKalibrierungsm\u00f6glichkeit ja<br \/>\nTouchfunktion ja<br \/>\nZul\u00e4ssige Dichte 9999 kg\/dm3<br \/>\nArbeitstemperatur -100 &#8211; 300 \u00b0C<br \/>\nBefestigung am Stativ Ausleger<br \/>\nStativstangendurchmesser (bei integrierter Befestigung am Stativ) 16 mm<br \/>\nHub Teleskopstativ 142 mm<br \/>\nSteckkupplung (\u00d8) 12 mm<br \/>\nBasisgef\u00e4\u00dfvolumen 600 ml<br \/>\nStativ HELISTAND<br \/>\nHub max. 61 mm<br \/>\nDurchmesser 16 mm<br \/>\nDynamische Last 3.2 kg<br \/>\nAbmessungen (B x H x T) 351 x 629 x 372 mm<br \/>\nGewicht 7.1 kg<br \/>\nZul\u00e4ssiger Umgebungstemperaturbereich 5 &#8211; 40 \u00b0C<br \/>\nZul\u00e4ssige Relative Feuchte 80 %<br \/>\nSchutzart nach DIN EN 60529 IP 40<br \/>\nRS 232 Schnittstelle ja<br \/>\nUSB Schnittstelle ja<br \/>\nSpannung 100 &#8211; 240 V<br \/>\nFrequenz 50\/60 Hz<br \/>\nGer\u00e4teaufnahmeleistung 24 W<br \/>\nGer\u00e4teaufnahmeleistung Standby 0.06 W<br \/>\nGleichspannung 24 V=<br \/>\nStromaufnahme 1000 mA<\/p>\n<p><b>Zubeh\u00f6r- und Ersatzteile auf Anfrage<\/b><\/p>\n","protected":false},"excerpt":{"rendered":"<p>ROTAVISC lo-vi HELI Complete Ob einfache oder anspruchsvolle Viskosit\u00e4tsmessung &#8211; IKA ROTAVISC lo-vi HELI Complete bestimmt schnell und exakt die Viskosit\u00e4t von niedrigviskosen Fl\u00fcssigkeiten in allen Anwendungsbereichen vom Labor bis zur Qualit\u00e4tskontrolle. Im Lieferumfang sind Standardspindelset (SP 1- SP 4), Schutzb\u00fcgel, Temperatursensor und das motorbetriebene HELISTAND Stativ mit T-SP-Set enthalten. Spielend einfach zu bedienen \u00dcber [&hellip;]<\/p>\n","protected":false},"featured_media":3471,"template":"","meta":[],"product_brand":[],"product_cat":[152],"product_tag":[],"class_list":{"0":"post-3470","1":"product","2":"type-product","3":"status-publish","4":"has-post-thumbnail","6":"product_cat-viskosimeter","7":"product_shipping_class-standard","9":"first","10":"instock","11":"taxable","12":"shipping-taxable","13":"purchasable","14":"product-type-simple"},"tiered_pricing_type":"fixed","tiered_pricing_fixed_rules":[],"tiered_pricing_product_settings":{"layout":"default","base_unit_name":{"singular":null,"plural":null},"default_variation":null},"tiered_pricing_minimum_quantity":null,"tiered_pricing_roles_data":[],"tiered_pricing_percentage_rules":[],"_links":{"self":[{"href":"https:\/\/lt-laborhandel.de\/en\/wp-json\/wp\/v2\/product\/3470","targetHints":{"allow":["GET"]}}],"collection":[{"href":"https:\/\/lt-laborhandel.de\/en\/wp-json\/wp\/v2\/product"}],"about":[{"href":"https:\/\/lt-laborhandel.de\/en\/wp-json\/wp\/v2\/types\/product"}],"wp:featuredmedia":[{"embeddable":true,"href":"https:\/\/lt-laborhandel.de\/en\/wp-json\/wp\/v2\/media\/3471"}],"wp:attachment":[{"href":"https:\/\/lt-laborhandel.de\/en\/wp-json\/wp\/v2\/media?parent=3470"}],"wp:term":[{"taxonomy":"product_brand","embeddable":true,"href":"https:\/\/lt-laborhandel.de\/en\/wp-json\/wp\/v2\/product_brand?post=3470"},{"taxonomy":"product_cat","embeddable":true,"href":"https:\/\/lt-laborhandel.de\/en\/wp-json\/wp\/v2\/product_cat?post=3470"},{"taxonomy":"product_tag","embeddable":true,"href":"https:\/\/lt-laborhandel.de\/en\/wp-json\/wp\/v2\/product_tag?post=3470"}],"curies":[{"name":"wp","href":"https:\/\/api.w.org\/{rel}","templated":true}]}}