{"id":25190,"date":"2026-03-25T14:05:45","date_gmt":"2026-03-25T13:05:45","guid":{"rendered":"https:\/\/lt-laborhandel.de\/?post_type=product&#038;p=25190"},"modified":"2026-03-25T14:05:47","modified_gmt":"2026-03-25T13:05:47","slug":"ika-s-25-d-14-g-ks-einweg-dispergierwerkzeug-14mm-0003452100","status":"publish","type":"product","link":"https:\/\/lt-laborhandel.de\/en\/produkt\/ika-s-25-d-14-g-ks-einweg-dispergierwerkzeug-14mm-0003452100\/","title":{"rendered":"IKA S 25 D &#8211; 14 G &#8211; KS Einweg-Dispergierwerkzeug (12 St\u00fcck), Kunststoff, \u00d8 14 mm, 0003452100"},"content":{"rendered":"<h3 data-path-to-node=\"12\">Maximale Analysensicherheit f\u00fcr mittlere und gro\u00dfe Volumina: Das IKA S 25 D &#8211; 14 G &#8211; KS Einweg-Dispergierwerkzeug<\/h3>\n<p data-path-to-node=\"13\">In der modernen, hochspezialisierten Laboranalytik, der medizinischen und klinischen Diagnostik sowie der forensischen Spurensicherung stellt die Probenvorbereitung das absolute, erfolgskritische Fundament f\u00fcr alle nachfolgenden Untersuchungen dar. Bei der Zerkleinerung von tierischen und pflanzlichen Gewebeproben, der Homogenisierung von z\u00e4hen Zellkulturen oder der Aufbereitung von infekti\u00f6sen Umweltmaterialien mit einem Hochleistungs-Dispergierer der renommierten IKA T 25 Baureihe wirken gewaltige mechanische Scherkr\u00e4fte. Diese physikalischen Kr\u00e4fte pressen mikroskopisch kleine, oft unsichtbare Bestandteile der Probe unweigerlich tief in die mechanischen Spalte und internen Gleitlager des verwendeten Werkzeugs. Wird ein klassisches Mehrweg-Edelstahlwerkzeug nicht nach jeder einzelnen Probe extrem aufwendig demontiert, chemisch gereinigt, geb\u00fcrstet und anschlie\u00dfend im Autoklaven sterilisiert, droht die von Laboranten gef\u00fcrchtete Kreuzkontamination (das sogenannte Carry-over). Um dieses hochkritische, extrem zeitintensive und fehleranf\u00e4llige Problem endg\u00fcltig aus Ihrem Laboralltag zu verbannen, hat IKA das revolution\u00e4re <b data-path-to-node=\"13\" data-index-in-node=\"1138\">S 25 D &#8211; 14 G &#8211; KS Einweg-Dispergierwerkzeug<\/b> (MPN 0003452100) entwickelt. Geliefert in einer wirtschaftlichen und praktischen Verpackungseinheit von 12 St\u00fcck, bietet dieses Werkzeug aus hochwertigem medizinischem Kunststoff eine kompromisslose Zerkleinerungsleistung bei gleichzeitiger, absoluter Sicherheit vor jeglichen Probenverschleppungen.<\/p>\n<h3 data-path-to-node=\"14\">Das Ende der Kreuzkontamination in hochsensiblen Prozessen<\/h3>\n<p data-path-to-node=\"15\">Das grundlegende und absolut wegweisende Konzept der &#8220;KS&#8221; (Kunststoff) Serie basiert auf dem strikten Single-Use-Prinzip. In hochsensiblen Bereichen wie der PCR-Analytik (Polymerase-Kettenreaktion), der Vorbereitung f\u00fcr das Next-Generation-Sequencing (NGS) oder der toxikologischen Untersuchung in der Rechtsmedizin kann bereits ein einziges, unsichtbar verschlepptes DNA-Molek\u00fcl oder eine winzige Spur eines Wirkstoffs aus einer vorherigen Probe zu sogenannten falsch-positiven Ergebnissen f\u00fchren. Solche fatalen Fehlinterpretationen ruinieren im besten Fall &#8220;nur&#8221; eine extrem teure und zeitaufwendige Versuchsreihe, k\u00f6nnen im schlimmsten Fall aber zu grundfalsch gestellten medizinischen Diagnosen oder vor Gericht nicht verwertbaren Beweisketten f\u00fchren. Mit dem Einsatz des IKA S 25 D &#8211; 14 G &#8211; KS eliminieren Sie dieses enorme analytische Risiko zu einhundert Prozent. Sie entnehmen f\u00fcr jede neue Patienten- oder Umweltprobe ein absolut frisches, unbenutztes, hygienisch einwandfreies Werkzeug direkt aus der Verpackung. Nach dem Dispergiervorgang wird das Kunststoffwerkzeug ganz einfach mitsamt der potenziell infekti\u00f6sen oder kontaminierten Restprobe fachgerecht als klinischer Abfall entsorgt. Der fehleranf\u00e4llige, extrem zeitraubende und teure Reinigungs- und Sterilisationskreislauf herk\u00f6mmlicher Edelstahlwerkzeuge entf\u00e4llt komplett, was Ihre Prozesssicherheit und Normkonformit\u00e4t (GLP\/GMP) auf ein bisher unerreichtes Level hebt.<\/p>\n<h3 data-path-to-node=\"16\">Der 14-Millimeter-Vorteil: Kraftvoll bei mittleren bis gro\u00dfen Volumina<\/h3>\n<p data-path-to-node=\"17\">Im direkten Vergleich zu den kleineren 10-mm-Werkzeugen zeichnet sich die vorliegende Ausf\u00fchrung S 25 D &#8211; 14 G &#8211; KS durch ihren deutlich gr\u00f6\u00dferen Statordurchmesser von <b data-path-to-node=\"17\" data-index-in-node=\"168\">14 Millimetern<\/b> aus (gekennzeichnet durch die &#8220;14&#8221; in der Produktbezeichnung). Diese gr\u00f6\u00dfere Dimensionierung erweitert den effizienten Arbeitsbereich des Werkzeugs enorm: Sie k\u00f6nnen Probenvolumina von <b data-path-to-node=\"17\" data-index-in-node=\"368\">10 Millilitern bis hin zu betr\u00e4chtlichen 500 Millilitern<\/b> (bezogen auf die Viskosit\u00e4t von Wasser) m\u00fchelos, schnell und absolut reproduzierbar homogenisieren. Das zus\u00e4tzliche K\u00fcrzel &#8220;G&#8221; steht dabei f\u00fcr eine grobe Schlitzgeometrie am Stator. Diese offene, durchsatzstarke Geometrie ist von elementarer Bedeutung, wenn Sie es mit grobst\u00fcckigen, extrem z\u00e4hen oder stark faserigen Ausgangsmaterialien zu tun haben. Robuste Pflanzenwurzeln, hartn\u00e4ckiges Muskelgewebe, z\u00e4her Knorpel, beschichtete pharmazeutische Tabletten oder kompakte Lebensmittelproben werden durch die massiven axialen Saugkr\u00e4fte des 14-mm-Rotors tief in den Scherspalt gesaugt. Dort werden sie bei Drehzahlen von bis zu 24.000 Umdrehungen pro Minute von den scharfen Kunststoffkanten in ihre feinsten Bestandteile zerschnitten und zerschmettert.<\/p>\n<h3 data-path-to-node=\"18\">Wirtschaftlichkeit und Total Cost of Ownership (TCO) im modernen Labor<\/h3>\n<p data-path-to-node=\"19\">Sehr h\u00e4ufig wird der laufende Kauf von Einwegwerkzeugen auf den ersten, fl\u00fcchtigen Blick als zus\u00e4tzlicher und unn\u00f6tiger Kostenfaktor betrachtet. Eine detaillierte Vollkostenrechnung (Total Cost of Ownership) im realen Laboralltag beweist jedoch in nahezu jedem Fall das exakte Gegenteil. Die Anschaffungskosten f\u00fcr ein einzelnes IKA S 25 D Einwegwerkzeug sind signifikant geringer als die aufsummierten Kosten f\u00fcr die teure Arbeitszeit, die ein hochqualifizierter Laborant t\u00e4glich an der Sp\u00fcle verbringt, um klassische Edelstahlwerkzeuge zu zerlegen, m\u00fchsam zu b\u00fcrsten und wieder zusammenzusetzen. Hinzu kommen die massiven, oft versteckten Einsparungen bei teuren, aggressiven Reinigungschemikalien, dem hohen Energie- und Wasserverbrauch f\u00fcr den Autoklaven sowie dem unvermeidlichen und teuren Verschlei\u00df von PTFE-Gleitlagern und Dichtungen bei Edelstahl-Modellen. Durch die konsequente Nutzung der Einweg-Technologie erh\u00f6hen analytische Labore ihren Probendurchsatz drastisch. Das hochqualifizierte Personal wird von repetitiven, l\u00e4stigen Reinigungsaufgaben befreit und kann sich endlich wieder voll und ganz auf die eigentliche, wertsch\u00f6pfende wissenschaftliche Auswertung der Daten konzentrieren.<\/p>\n<h3 data-path-to-node=\"20\">Systemintegration f\u00fcr maximalen Arbeitsschutz (Aerosolschutz)<\/h3>\n<p data-path-to-node=\"21\">Das IKA S 25 D &#8211; 14 G &#8211; KS ist als passgenaues Original-Zubeh\u00f6r exklusiv f\u00fcr die weltweit bew\u00e4hrten IKA T 25 Dispergierantriebe konzipiert. Es l\u00e4sst sich nahtlos und spielfrei an den <b data-path-to-node=\"21\" data-index-in-node=\"183\">T 25 digital<\/b>, den <b data-path-to-node=\"21\" data-index-in-node=\"201\">T 25 easy clean digital<\/b> sowie den <b data-path-to-node=\"21\" data-index-in-node=\"235\">T 25 easy clean control<\/b> ankoppeln. Ein weiterer, f\u00fcr den modernen Arbeitsschutz (Occupational Health and Safety) absolut entscheidender und unverzichtbarer Vorteil dieses Systems ist seine 100%ige Kombinierbarkeit mit den IKA Einwegtuben (wie beispielsweise der S 18\/25-ET50 Tube). Durch das simple Aufstecken dieser Schutz-Tube auf den Werkzeugschaft entsteht ein vollst\u00e4ndig in sich geschlossenes System. Beim Dispergieren von infekti\u00f6sen Bakterienkulturen, stark toxischen Chemikalien oder extrem \u00fcbelriechenden Umweltproben bei H\u00f6chstgeschwindigkeit k\u00f6nnen so keine gef\u00e4hrlichen Spritzer oder unsichtbaren, lungeng\u00e4ngigen Aerosole mehr in die Laborumgebung oder den Abzug entweichen. Sie sch\u00fctzen damit nicht nur sich selbst und Ihre Mitarbeiter effektiv vor gef\u00e4hrlichen Pathogenen, sondern verhindern auch nachhaltig die unbemerkte \u00e4u\u00dfere Kontamination Ihrer wertvollen Laborinstrumente, Waagen und Pipetten in der direkten Umgebung.<\/p>\n<h3 data-path-to-node=\"23\">Technische Daten<\/h3>\n<ul>\n<li data-path-to-node=\"24,1,0\">Produkttyp: Einweg-Dispergierwerkzeug (Rotor-Stator-Prinzip)<\/li>\n<li data-path-to-node=\"24,2,0\">Verpackungseinheit (VE): 12 St\u00fcck pro Box<\/li>\n<li data-path-to-node=\"24,3,0\">Material: Hochwertiger, formstabiler und chemikalienbest\u00e4ndiger Kunststoff (PC\/Polymerblend)<\/li>\n<li data-path-to-node=\"24,4,0\">Statordurchmesser: 14 mm<\/li>\n<li data-path-to-node=\"24,5,0\">Rotordurchmesser: ca. 10,3 mm<\/li>\n<li data-path-to-node=\"24,6,0\">Arbeitsbereich (Volumen H\u2082O): 10 \u2013 500 ml<\/li>\n<li data-path-to-node=\"24,7,0\">Schlitzgeometrie: Grob (G) f\u00fcr extrem hohen Materialdurchsatz bei festen\/z\u00e4hen Proben<\/li>\n<li data-path-to-node=\"24,8,0\">Zul\u00e4ssige Maximaldrehzahl: bis zu 24.000 U\/min (je nach verwendetem T 25 Antrieb)<\/li>\n<li data-path-to-node=\"24,9,0\">Eintauchtiefe: 15 \u2013 85 mm<\/li>\n<li data-path-to-node=\"24,10,0\">Max. zul\u00e4ssige Arbeitstemperatur: 100 \u00b0C<\/li>\n<li data-path-to-node=\"24,11,0\">Kompatible Antriebe: IKA T 25 digital, T 25 easy clean digital, T 25 easy clean control<\/li>\n<li data-path-to-node=\"24,12,0\">Sterilisierbar: Nein (Reiner Einwegartikel zur strikten Kontaminationsvermeidung)<\/li>\n<\/ul>\n<h3 data-path-to-node=\"26\">Lieferumfang<\/h3>\n<ul data-path-to-node=\"27\">\n<li>\n<p data-path-to-node=\"27,0,0\">1 x Karton mit 12 St\u00fcck IKA S 25 D &#8211; 14 G &#8211; KS Kunststoff-Einweg-Dispergierwerkzeugen<\/p>\n<\/li>\n<\/ul>\n<p data-path-to-node=\"27,1,0\"><i data-path-to-node=\"27,1,0\" data-index-in-node=\"0\">(Wichtiger Hinweis: Der zwingend ben\u00f6tigte IKA T 25 Antriebsmotor sowie eventuell ben\u00f6tigte Probengef\u00e4\u00dfe oder ET50 Schutz-Tuben sind separat erh\u00e4ltlich und ausdr\u00fccklich nicht Teil dieses Lieferumfangs.)<\/i><\/p>\n<h3 data-path-to-node=\"28\">Individueller Bedarf &amp; Zubeh\u00f6r<\/h3>\n<p data-path-to-node=\"29\">Um das volle Potenzial dieses Werkzeugs in puncto Arbeitssicherheit und Aerosolschutz vollumf\u00e4nglich auszusch\u00f6pfen, empfehlen wir Ihnen dringend die Kombination mit der <b data-path-to-node=\"29\" data-index-in-node=\"169\">IKA S 18\/25-ET50 Einwegtube<\/b>, die nahtlos auf den Schaft dieses 14-mm-Werkzeugs passt und als hermetischer Spritzschutz dient. M\u00fcssen Sie eher sehr kleine Probenvolumina (unter 100 ml) hochpr\u00e4zise bearbeiten? Dann wechseln Sie f\u00fcr diese Anwendungen einfach auf die kleinere Variante, das <b data-path-to-node=\"29\" data-index-in-node=\"456\">S 25 D &#8211; 10 G &#8211; KS<\/b> (mit 10 mm Stator). Unser erfahrener <a class=\"ng-star-inserted\" href=\"https:\/\/lt-laborhandel.de\/service\/\" target=\"_blank\" rel=\"noopener\">Beschaffungsservice<\/a> ber\u00e4t Sie gerne bei der Auswahl der idealen Werkzeuggr\u00f6\u00dfen und der Etablierung von optimalen Standard Operating Procedures (SOPs) f\u00fcr Ihre kontaminationsfreie Probenvorbereitung.<\/p>\n","protected":false},"excerpt":{"rendered":"<ul>\n<li data-path-to-node=\"38,0,0\">Einweg-Dispergierwerkzeug aus medizinischem Kunststoff (12 St\u00fcck)<\/li>\n<li data-path-to-node=\"38,1,0\">14 mm Stator: Ideal f\u00fcr mittlere bis gro\u00dfe Probenvolumina (10 \u2013 500 ml)<\/li>\n<li data-path-to-node=\"38,2,0\">100% Sicherheit: Verhindert Kreuzkontaminationen (Carry-over) komplett<\/li>\n<li data-path-to-node=\"38,3,0\">Grobe Schlitzgeometrie (G) zerschneidet z\u00e4hes Gewebe, Fasern und harte Tabletten<\/li>\n<li data-path-to-node=\"38,4,0\">Macht aufwendige Reinigung und Autoklavieren \u00fcberfl\u00fcssig (Senkt laborinterne TCO)<\/li>\n<li data-path-to-node=\"38,5,0\">Kombinierbar mit ET50 Tuben f\u00fcr komplett geschlossenes, aerosol-freies Arbeiten<\/li>\n<li data-path-to-node=\"38,6,0\">Herstellernummer (MPN): 0003452100<\/li>\n<\/ul>\n","protected":false},"featured_media":25191,"template":"","meta":[],"product_brand":[357],"product_cat":[340,324],"product_tag":[],"class_list":{"0":"post-25190","1":"product","2":"type-product","3":"status-publish","4":"has-post-thumbnail","6":"product_brand-ika","7":"product_cat-dispergierwerkzeuge","8":"product_cat-ika","10":"first","11":"instock","12":"sale","13":"taxable","14":"shipping-taxable","15":"purchasable","16":"product-type-simple"},"tiered_pricing_type":"fixed","tiered_pricing_fixed_rules":[],"tiered_pricing_product_settings":{"layout":"default","base_unit_name":{"singular":null,"plural":null},"default_variation":null},"tiered_pricing_minimum_quantity":null,"tiered_pricing_roles_data":[],"tiered_pricing_percentage_rules":[],"_links":{"self":[{"href":"https:\/\/lt-laborhandel.de\/en\/wp-json\/wp\/v2\/product\/25190","targetHints":{"allow":["GET"]}}],"collection":[{"href":"https:\/\/lt-laborhandel.de\/en\/wp-json\/wp\/v2\/product"}],"about":[{"href":"https:\/\/lt-laborhandel.de\/en\/wp-json\/wp\/v2\/types\/product"}],"wp:featuredmedia":[{"embeddable":true,"href":"https:\/\/lt-laborhandel.de\/en\/wp-json\/wp\/v2\/media\/25191"}],"wp:attachment":[{"href":"https:\/\/lt-laborhandel.de\/en\/wp-json\/wp\/v2\/media?parent=25190"}],"wp:term":[{"taxonomy":"product_brand","embeddable":true,"href":"https:\/\/lt-laborhandel.de\/en\/wp-json\/wp\/v2\/product_brand?post=25190"},{"taxonomy":"product_cat","embeddable":true,"href":"https:\/\/lt-laborhandel.de\/en\/wp-json\/wp\/v2\/product_cat?post=25190"},{"taxonomy":"product_tag","embeddable":true,"href":"https:\/\/lt-laborhandel.de\/en\/wp-json\/wp\/v2\/product_tag?post=25190"}],"curies":[{"name":"wp","href":"https:\/\/api.w.org\/{rel}","templated":true}]}}