{"id":25028,"date":"2026-03-13T20:43:12","date_gmt":"2026-03-13T19:43:12","guid":{"rendered":"https:\/\/lt-laborhandel.de\/?post_type=product&#038;p=25028"},"modified":"2026-03-13T20:43:15","modified_gmt":"2026-03-13T19:43:15","slug":"ika-a-10-3-hartmetallschlaeger-0025001161","status":"publish","type":"product","link":"https:\/\/lt-laborhandel.de\/en\/produkt\/ika-a-10-3-hartmetallschlaeger-0025001161\/","title":{"rendered":"IKA A 10.3 Hartmetallschl\u00e4ger f\u00fcr A 10 basic Analysenm\u00fchle, Mohsh\u00e4rte 9, 0025001161"},"content":{"rendered":"<h3 data-path-to-node=\"12\">F\u00fcr extremste Anforderungen: IKA A 10.3 Hartmetallschl\u00e4ger<\/h3>\n<p data-path-to-node=\"13\">Der <b data-path-to-node=\"13\" data-index-in-node=\"4\">IKA A 10.3 Hartmetallschl\u00e4ger<\/b> (MPN 0025001161) ist das robusteste Zerkleinerungswerkzeug f\u00fcr die IKA A 10 basic Analysenm\u00fchle. Wenn herk\u00f6mmliche Edelstahlschl\u00e4ger bei besonders widerstandsf\u00e4higen Proben rasch abstumpfen oder verschlei\u00dfen, spielt dieses Werkzeug aus Hochleistungs-Hartmetall seine St\u00e4rken aus.<\/p>\n<h3 data-path-to-node=\"14\">M\u00fcheloses Zerkleinern bis Mohsh\u00e4rte 9<\/h3>\n<p data-path-to-node=\"15\">Wie der Standard-Schl\u00e4ger (A 10.1) arbeitet auch der A 10.3 nach dem <b data-path-to-node=\"15\" data-index-in-node=\"69\">Schlagprinzip<\/b>. Durch das verwendete Hartmetall (Tungsten Carbide) ist er jedoch f\u00fcr Proben mit einer <b data-path-to-node=\"15\" data-index-in-node=\"170\">Mohsh\u00e4rte von bis zu 9<\/b> zugelassen.<\/p>\n<ul>\n<li data-path-to-node=\"16,0,0\"><b data-path-to-node=\"16,0,0\" data-index-in-node=\"0\">Ideale Proben:<\/b> Er zerschmettert m\u00fchelos extrem harte Materialien wie Glas, Keramik, Erze, Schlacke, harte Mineralien, Quarz oder extrem harte Kunststoffe.<\/li>\n<li data-path-to-node=\"16,1,0\"><b data-path-to-node=\"16,1,0\" data-index-in-node=\"0\">Verschlei\u00dfarmut:<\/b> Die extreme H\u00e4rte des Werkzeugs garantiert nicht nur eine lange Lebensdauer, sondern minimiert auch den Abrieb des Schl\u00e4gers selbst. Dies ist essenziell f\u00fcr die Spurenanalytik, da eine Kontamination der Probe mit dem Werkstoff des Schl\u00e4gers (im Vergleich zu Edelstahl) drastisch reduziert wird.<\/li>\n<\/ul>\n<h3 data-path-to-node=\"17\">Original IKA Qualit\u00e4t<\/h3>\n<p data-path-to-node=\"18\">Als Original-Zubeh\u00f6rteil von IKA garantiert dieser Schl\u00e4ger maximale Sicherheit auch bei den extrem hohen Drehzahlen der A 10 basic M\u00fchle. Der Austausch des Werkzeugs ist vom Anwender selbst mit wenigen Handgriffen und dem beiliegenden Werkzeug der M\u00fchle durchf\u00fchrbar.<\/p>\n<h3 data-path-to-node=\"19\">Technische Daten<\/h3>\n<ul>\n<li data-path-to-node=\"20,0,0\">Modell: A 10.3 Hartmetallschl\u00e4ger<\/li>\n<li data-path-to-node=\"20,1,0\">Kompatibilit\u00e4t: Passend f\u00fcr die IKA A 10 basic Analysenm\u00fchle<\/li>\n<li data-path-to-node=\"20,2,0\">Material: Hartmetall (Tungsten Carbide)<\/li>\n<li data-path-to-node=\"20,3,0\">Zerkleinerungsprinzip: Schlagmahlen<\/li>\n<li data-path-to-node=\"20,4,0\">Max. Probenh\u00e4rte: bis Mohsh\u00e4rte 9<\/li>\n<li data-path-to-node=\"20,5,0\">Einsatzgebiet: Extrem harte, spr\u00f6de und stark abrasive Materialien<\/li>\n<\/ul>\n<h3 data-path-to-node=\"21\">Lieferumfang<\/h3>\n<ul data-path-to-node=\"22\">\n<li>\n<p data-path-to-node=\"22,0,0\">1 x IKA A 10.3 Hartmetallschl\u00e4ger<\/p>\n<\/li>\n<\/ul>\n<p data-path-to-node=\"22,1,0\"><i data-path-to-node=\"22,1,0\" data-index-in-node=\"0\">(Hinweis: Die Analysenm\u00fchle A 10 basic ist nicht im Lieferumfang enthalten!)<\/i><\/p>\n<h3 data-path-to-node=\"23\">Individueller Bedarf &amp; Zubeh\u00f6r<\/h3>\n<p data-path-to-node=\"24\">Mit den drei Werkzeugen <b data-path-to-node=\"24\" data-index-in-node=\"24\">A 10.1 (Edelstahlschl\u00e4ger, Standard)<\/b>, <b data-path-to-node=\"24\" data-index-in-node=\"62\">A 10.2 (Sternmesser, faserige Proben)<\/b> und diesem <b data-path-to-node=\"24\" data-index-in-node=\"111\">A 10.3 (Hartmetallschl\u00e4ger, extreme H\u00e4rte)<\/b> decken Sie nahezu jede denkbare Probenart im Labor ab. Wenn Sie das Volumen des Mahlraums f\u00fcr besonders kleine Probenmengen reduzieren m\u00f6chten, empfehlen wir die zus\u00e4tzliche <b data-path-to-node=\"24\" data-index-in-node=\"328\">Mahlraumverkleinerung (A 10.4)<\/b>. Kontaktieren Sie unseren <a class=\"ng-star-inserted\" href=\"https:\/\/lt-laborhandel.de\/service\/\" target=\"_blank\" rel=\"noopener\">Beschaffungsservice<\/a> f\u00fcr eine fachgerechte Beratung.<\/p>\n","protected":false},"excerpt":{"rendered":"<ul>\n<li data-path-to-node=\"33,0,0\">Original Hartmetallschl\u00e4ger f\u00fcr IKA A 10 basic M\u00fchle<\/li>\n<li data-path-to-node=\"33,1,0\">Material: Extrem verschlei\u00dffestes Hartmetall<\/li>\n<li data-path-to-node=\"33,2,0\">Prinzip: Schlagmahlen (f\u00fcr st\u00e4rkste Belastungen)<\/li>\n<li data-path-to-node=\"33,3,0\">Bew\u00e4ltigt extrem harte Materialien bis Mohsh\u00e4rte 9<\/li>\n<li data-path-to-node=\"33,4,0\">Ideal f\u00fcr Glas, Keramik, Erze &amp; Schlacke<\/li>\n<li data-path-to-node=\"33,5,0\">Minimiert Werkzeugabrieb (wichtig f\u00fcr Spurenanalytik)<\/li>\n<li data-path-to-node=\"33,6,0\">Herstellernummer (MPN): 0025001161<\/li>\n<\/ul>\n","protected":false},"featured_media":25029,"template":"","meta":[],"product_brand":[357],"product_cat":[324,162],"product_tag":[],"class_list":{"0":"post-25028","1":"product","2":"type-product","3":"status-publish","4":"has-post-thumbnail","6":"product_brand-ika","7":"product_cat-ika","8":"product_cat-muehlen","10":"first","11":"instock","12":"sale","13":"taxable","14":"shipping-taxable","15":"purchasable","16":"product-type-simple"},"tiered_pricing_type":"fixed","tiered_pricing_fixed_rules":[],"tiered_pricing_product_settings":{"layout":"default","base_unit_name":{"singular":null,"plural":null},"default_variation":null},"tiered_pricing_minimum_quantity":null,"tiered_pricing_roles_data":[],"tiered_pricing_percentage_rules":[],"_links":{"self":[{"href":"https:\/\/lt-laborhandel.de\/en\/wp-json\/wp\/v2\/product\/25028","targetHints":{"allow":["GET"]}}],"collection":[{"href":"https:\/\/lt-laborhandel.de\/en\/wp-json\/wp\/v2\/product"}],"about":[{"href":"https:\/\/lt-laborhandel.de\/en\/wp-json\/wp\/v2\/types\/product"}],"wp:featuredmedia":[{"embeddable":true,"href":"https:\/\/lt-laborhandel.de\/en\/wp-json\/wp\/v2\/media\/25029"}],"wp:attachment":[{"href":"https:\/\/lt-laborhandel.de\/en\/wp-json\/wp\/v2\/media?parent=25028"}],"wp:term":[{"taxonomy":"product_brand","embeddable":true,"href":"https:\/\/lt-laborhandel.de\/en\/wp-json\/wp\/v2\/product_brand?post=25028"},{"taxonomy":"product_cat","embeddable":true,"href":"https:\/\/lt-laborhandel.de\/en\/wp-json\/wp\/v2\/product_cat?post=25028"},{"taxonomy":"product_tag","embeddable":true,"href":"https:\/\/lt-laborhandel.de\/en\/wp-json\/wp\/v2\/product_tag?post=25028"}],"curies":[{"name":"wp","href":"https:\/\/api.w.org\/{rel}","templated":true}]}}